{"id":793054442,"date":"2025-10-11T13:54:58","date_gmt":"2025-10-11T11:54:58","guid":{"rendered":"https:\/\/autostil.ba\/maloprodaja\/?post_type=product&#038;p=793054442"},"modified":"2026-04-08T12:47:34","modified_gmt":"2026-04-08T10:47:34","slug":"detailer-x-swabs-stapici-za-ciscenje-20-1-set","status":"publish","type":"product","link":"https:\/\/autostil.ba\/maloprodaja\/proizvod\/15245\/detailer-x-swabs-stapici-za-ciscenje-20-1-set\/","title":{"rendered":"DETAILER X-SWABS \u0160TAPI\u0106I ZA \u010cI\u0160\u0106ENJE 20\/1 SET"},"content":{"rendered":"","protected":false},"excerpt":{"rendered":"<p>X-SWABS SET je set od \u010detiri razli\u010dita \u0161tapi\u0107a za detaljno \u010di\u0161\u0107enje s pjenastim vrhovima, dizajniranih za precizno \u010di\u0161\u0107enje te\u0161ko dostupnih mjesta.<br \/>\nSavr\u0161en je za ventilacijske otvore automobila, uske otvore u automobilu i osjetljiv rad na elektronici i fotografskoj opremi.<br \/>\nMekana pjena omogu\u0107ava sigurnu i preciznu primjenu sredstava za \u010di\u0161\u0107enje bez nano\u0161enja o\u0161te\u0107enja. \u0160tapi\u0107i su udobni za kori\u0161tenje i idealni za precizno detaljno \u010di\u0161\u0107enje.<\/p>\n","protected":false},"featured_media":793054444,"comment_status":"open","ping_status":"closed","template":"","meta":{"_acf_changed":false,"inline_featured_image":false},"product_brand":[],"product_cat":[164],"product_tag":[],"class_list":{"0":"post-793054442","1":"product","2":"type-product","3":"status-publish","4":"has-post-thumbnail","6":"product_cat-car-detailing","8":"first","9":"instock","10":"taxable","11":"shipping-taxable","12":"purchasable","13":"product-type-simple"},"acf":[],"custom_product_id":"15245","_links":{"self":[{"href":"https:\/\/autostil.ba\/maloprodaja\/wp-json\/wp\/v2\/product\/793054442","targetHints":{"allow":["GET"]}}],"collection":[{"href":"https:\/\/autostil.ba\/maloprodaja\/wp-json\/wp\/v2\/product"}],"about":[{"href":"https:\/\/autostil.ba\/maloprodaja\/wp-json\/wp\/v2\/types\/product"}],"replies":[{"embeddable":true,"href":"https:\/\/autostil.ba\/maloprodaja\/wp-json\/wp\/v2\/comments?post=793054442"}],"version-history":[{"count":1,"href":"https:\/\/autostil.ba\/maloprodaja\/wp-json\/wp\/v2\/product\/793054442\/revisions"}],"predecessor-version":[{"id":793054443,"href":"https:\/\/autostil.ba\/maloprodaja\/wp-json\/wp\/v2\/product\/793054442\/revisions\/793054443"}],"wp:featuredmedia":[{"embeddable":true,"href":"https:\/\/autostil.ba\/maloprodaja\/wp-json\/wp\/v2\/media\/793054444"}],"wp:attachment":[{"href":"https:\/\/autostil.ba\/maloprodaja\/wp-json\/wp\/v2\/media?parent=793054442"}],"wp:term":[{"taxonomy":"product_brand","embeddable":true,"href":"https:\/\/autostil.ba\/maloprodaja\/wp-json\/wp\/v2\/product_brand?post=793054442"},{"taxonomy":"product_cat","embeddable":true,"href":"https:\/\/autostil.ba\/maloprodaja\/wp-json\/wp\/v2\/product_cat?post=793054442"},{"taxonomy":"product_tag","embeddable":true,"href":"https:\/\/autostil.ba\/maloprodaja\/wp-json\/wp\/v2\/product_tag?post=793054442"}],"curies":[{"name":"wp","href":"https:\/\/api.w.org\/{rel}","templated":true}]}}