{"id":793054436,"date":"2025-12-02T12:19:05","date_gmt":"2025-12-02T10:19:05","guid":{"rendered":"https:\/\/autostil.ba\/maloprodaja\/?post_type=product&#038;p=793054436"},"modified":"2026-04-13T16:00:15","modified_gmt":"2026-04-13T14:00:15","slug":"detailing-cetka-x-brush-tvrda-8-16","status":"publish","type":"product","link":"https:\/\/autostil.ba\/maloprodaja\/proizvod\/15247\/detailing-cetka-x-brush-tvrda-8-16\/","title":{"rendered":"DETAILING \u010cETKA X-BRUSH TVRDA 8\/16"},"content":{"rendered":"","protected":false},"excerpt":{"rendered":"<p>X-BRUSH HARD je tvrda \u010detka za detaljno \u010di\u0161\u0107enje dizajnirana za uklanjanje tvrdokorne prljav\u0161tine s podru\u010dja kao \u0161to su motor, to\u010dkovi, zna\u010dke i zaptivke. Izdr\u017eljive sinteti\u010dke \u010dekinje rje\u0161avaju tvrdokorne mrlje, dok ergonomska dr\u0161ka osigurava udobnu upotrebu.<br \/>\n\u010cetka je otporna na jake hemikalije, \u0161to je \u010dini pouzdanim alatom za zahtjevne poslove. Nije pogodna za osjetljive povr\u0161ine poput Piano Black.<\/p>\n","protected":false},"featured_media":793054438,"comment_status":"open","ping_status":"closed","template":"","meta":{"_acf_changed":false,"inline_featured_image":false},"product_brand":[],"product_cat":[164],"product_tag":[],"class_list":{"0":"post-793054436","1":"product","2":"type-product","3":"status-publish","4":"has-post-thumbnail","6":"product_cat-car-detailing","8":"first","9":"instock","10":"taxable","11":"shipping-taxable","12":"purchasable","13":"product-type-simple"},"acf":[],"custom_product_id":"15247","_links":{"self":[{"href":"https:\/\/autostil.ba\/maloprodaja\/wp-json\/wp\/v2\/product\/793054436","targetHints":{"allow":["GET"]}}],"collection":[{"href":"https:\/\/autostil.ba\/maloprodaja\/wp-json\/wp\/v2\/product"}],"about":[{"href":"https:\/\/autostil.ba\/maloprodaja\/wp-json\/wp\/v2\/types\/product"}],"replies":[{"embeddable":true,"href":"https:\/\/autostil.ba\/maloprodaja\/wp-json\/wp\/v2\/comments?post=793054436"}],"version-history":[{"count":1,"href":"https:\/\/autostil.ba\/maloprodaja\/wp-json\/wp\/v2\/product\/793054436\/revisions"}],"predecessor-version":[{"id":793054437,"href":"https:\/\/autostil.ba\/maloprodaja\/wp-json\/wp\/v2\/product\/793054436\/revisions\/793054437"}],"wp:featuredmedia":[{"embeddable":true,"href":"https:\/\/autostil.ba\/maloprodaja\/wp-json\/wp\/v2\/media\/793054438"}],"wp:attachment":[{"href":"https:\/\/autostil.ba\/maloprodaja\/wp-json\/wp\/v2\/media?parent=793054436"}],"wp:term":[{"taxonomy":"product_brand","embeddable":true,"href":"https:\/\/autostil.ba\/maloprodaja\/wp-json\/wp\/v2\/product_brand?post=793054436"},{"taxonomy":"product_cat","embeddable":true,"href":"https:\/\/autostil.ba\/maloprodaja\/wp-json\/wp\/v2\/product_cat?post=793054436"},{"taxonomy":"product_tag","embeddable":true,"href":"https:\/\/autostil.ba\/maloprodaja\/wp-json\/wp\/v2\/product_tag?post=793054436"}],"curies":[{"name":"wp","href":"https:\/\/api.w.org\/{rel}","templated":true}]}}