{"id":793054430,"date":"2026-02-03T10:38:16","date_gmt":"2026-02-03T08:38:16","guid":{"rendered":"https:\/\/autostil.ba\/maloprodaja\/?post_type=product&#038;p=793054430"},"modified":"2026-04-08T12:47:40","modified_gmt":"2026-04-08T10:47:40","slug":"detailing-krpa-mikrofiber-visenamjenska-x-fluffy-classic-450-g-m2-60x90cm","status":"publish","type":"product","link":"https:\/\/autostil.ba\/maloprodaja\/proizvod\/15249\/detailing-krpa-mikrofiber-visenamjenska-x-fluffy-classic-450-g-m2-60x90cm\/","title":{"rendered":"DETAILING KRPA MIKROFIBER VI\u0160ENAMJENSKA X-FLUFFY CLASSIC 450 g\/m2 60X90cm"},"content":{"rendered":"","protected":false},"excerpt":{"rendered":"<p>X-FLUFFY CLASSIC 450 je debeli, mekani mikrofiber pe\u0161kir dimenzija 60&#215;90 cm, dizajniran za efikasno su\u0161enje karoserije automobila.<br \/>\nNjegova kratka, gusta vlakna \u010dine ga nje\u017enim prema laku, osiguravaju\u0107i sigurnu upotrebu bez rizika od ogrebotina. Tako\u0111er je savr\u0161en za brzo utrljavanje i pranje bez vode, garantuju\u0107i odli\u010dne rezultate. ,<br \/>\nTe\u017eina od 450 g\/m2 osigurava adekvatnu upijaju\u0107u mo\u0107, omogu\u0107avaju\u0107i pe\u0161kiru da brzo i efikasno ukloni vodu sa povr\u0161ina automobila.<\/p>\n","protected":false},"featured_media":793054432,"comment_status":"open","ping_status":"closed","template":"","meta":{"_acf_changed":false,"inline_featured_image":false},"product_brand":[],"product_cat":[164],"product_tag":[],"class_list":{"0":"post-793054430","1":"product","2":"type-product","3":"status-publish","4":"has-post-thumbnail","6":"product_cat-car-detailing","8":"first","9":"instock","10":"taxable","11":"shipping-taxable","12":"purchasable","13":"product-type-simple"},"acf":[],"custom_product_id":"15249","_links":{"self":[{"href":"https:\/\/autostil.ba\/maloprodaja\/wp-json\/wp\/v2\/product\/793054430","targetHints":{"allow":["GET"]}}],"collection":[{"href":"https:\/\/autostil.ba\/maloprodaja\/wp-json\/wp\/v2\/product"}],"about":[{"href":"https:\/\/autostil.ba\/maloprodaja\/wp-json\/wp\/v2\/types\/product"}],"replies":[{"embeddable":true,"href":"https:\/\/autostil.ba\/maloprodaja\/wp-json\/wp\/v2\/comments?post=793054430"}],"version-history":[{"count":1,"href":"https:\/\/autostil.ba\/maloprodaja\/wp-json\/wp\/v2\/product\/793054430\/revisions"}],"predecessor-version":[{"id":793054431,"href":"https:\/\/autostil.ba\/maloprodaja\/wp-json\/wp\/v2\/product\/793054430\/revisions\/793054431"}],"wp:featuredmedia":[{"embeddable":true,"href":"https:\/\/autostil.ba\/maloprodaja\/wp-json\/wp\/v2\/media\/793054432"}],"wp:attachment":[{"href":"https:\/\/autostil.ba\/maloprodaja\/wp-json\/wp\/v2\/media?parent=793054430"}],"wp:term":[{"taxonomy":"product_brand","embeddable":true,"href":"https:\/\/autostil.ba\/maloprodaja\/wp-json\/wp\/v2\/product_brand?post=793054430"},{"taxonomy":"product_cat","embeddable":true,"href":"https:\/\/autostil.ba\/maloprodaja\/wp-json\/wp\/v2\/product_cat?post=793054430"},{"taxonomy":"product_tag","embeddable":true,"href":"https:\/\/autostil.ba\/maloprodaja\/wp-json\/wp\/v2\/product_tag?post=793054430"}],"curies":[{"name":"wp","href":"https:\/\/api.w.org\/{rel}","templated":true}]}}