{"id":793054427,"date":"2026-02-03T10:36:10","date_gmt":"2026-02-03T08:36:10","guid":{"rendered":"https:\/\/autostil.ba\/maloprodaja\/?post_type=product&#038;p=793054427"},"modified":"2026-04-08T12:47:40","modified_gmt":"2026-04-08T10:47:40","slug":"detailing-krpa-mikrofiber-visenamjenska-x-fluffy-classic-370-g-m2-40x40cm","status":"publish","type":"product","link":"https:\/\/autostil.ba\/maloprodaja\/proizvod\/15250\/detailing-krpa-mikrofiber-visenamjenska-x-fluffy-classic-370-g-m2-40x40cm\/","title":{"rendered":"DETAILING KRPA MIKROFIBER VI\u0160ENAMJENSKA X-FLUFFY CLASSIC 370 g\/m2 40X40cm"},"content":{"rendered":"","protected":false},"excerpt":{"rendered":"<p>X-APT BLACK 370 je svestrana krpa od mikrovlakana s gustim, kratkim vlaknima koja je savr\u0161ena za razne zadatke detaljnog \u010di\u0161\u0107enja. Njeni laserski rezani rubovi \u010dine je sigurnom za sve povr\u0161ine i ne\u0107e ogrebati.<br \/>\nIdealna je za poliranje boja, voskova i brzih detaljnih sredstava, kao i za \u010di\u0161\u0107enje tapaciranog namje\u0161taja, prozora i LCD ekrana. Njena te\u017eina od 370 g\/m2 osigurava adekvatnu upijaju\u0107u mo\u0107 i efikasno uklanjanje prljav\u0161tine.<br \/>\nNjena be\u0161avna konstrukcija \u010dini je nje\u017enom, ali izdr\u017eljivom i udobnom za kori\u0161tenje.<\/p>\n","protected":false},"featured_media":793054429,"comment_status":"open","ping_status":"closed","template":"","meta":{"_acf_changed":false,"inline_featured_image":false},"product_brand":[],"product_cat":[164],"product_tag":[],"class_list":{"0":"post-793054427","1":"product","2":"type-product","3":"status-publish","4":"has-post-thumbnail","6":"product_cat-car-detailing","8":"first","9":"instock","10":"taxable","11":"shipping-taxable","12":"purchasable","13":"product-type-simple"},"acf":[],"custom_product_id":"15250","_links":{"self":[{"href":"https:\/\/autostil.ba\/maloprodaja\/wp-json\/wp\/v2\/product\/793054427","targetHints":{"allow":["GET"]}}],"collection":[{"href":"https:\/\/autostil.ba\/maloprodaja\/wp-json\/wp\/v2\/product"}],"about":[{"href":"https:\/\/autostil.ba\/maloprodaja\/wp-json\/wp\/v2\/types\/product"}],"replies":[{"embeddable":true,"href":"https:\/\/autostil.ba\/maloprodaja\/wp-json\/wp\/v2\/comments?post=793054427"}],"version-history":[{"count":1,"href":"https:\/\/autostil.ba\/maloprodaja\/wp-json\/wp\/v2\/product\/793054427\/revisions"}],"predecessor-version":[{"id":793054428,"href":"https:\/\/autostil.ba\/maloprodaja\/wp-json\/wp\/v2\/product\/793054427\/revisions\/793054428"}],"wp:featuredmedia":[{"embeddable":true,"href":"https:\/\/autostil.ba\/maloprodaja\/wp-json\/wp\/v2\/media\/793054429"}],"wp:attachment":[{"href":"https:\/\/autostil.ba\/maloprodaja\/wp-json\/wp\/v2\/media?parent=793054427"}],"wp:term":[{"taxonomy":"product_brand","embeddable":true,"href":"https:\/\/autostil.ba\/maloprodaja\/wp-json\/wp\/v2\/product_brand?post=793054427"},{"taxonomy":"product_cat","embeddable":true,"href":"https:\/\/autostil.ba\/maloprodaja\/wp-json\/wp\/v2\/product_cat?post=793054427"},{"taxonomy":"product_tag","embeddable":true,"href":"https:\/\/autostil.ba\/maloprodaja\/wp-json\/wp\/v2\/product_tag?post=793054427"}],"curies":[{"name":"wp","href":"https:\/\/api.w.org\/{rel}","templated":true}]}}