{"id":793054421,"date":"2025-10-11T14:17:59","date_gmt":"2025-10-11T12:17:59","guid":{"rendered":"https:\/\/autostil.ba\/maloprodaja\/?post_type=product&#038;p=793054421"},"modified":"2026-04-13T16:00:20","modified_gmt":"2026-04-13T14:00:20","slug":"detailing-krpa-mikrofiber-x-twist-za-nanosenje-voska-i-ciscenje-1200-g-m2-40x40cm","status":"publish","type":"product","link":"https:\/\/autostil.ba\/maloprodaja\/proizvod\/15252\/detailing-krpa-mikrofiber-x-twist-za-nanosenje-voska-i-ciscenje-1200-g-m2-40x40cm\/","title":{"rendered":"DETAILING KRPA MIKROFIBER X-TWIST ZA NANO\u0160ENJE VOSKA I \u010cI\u0160\u0106ENJE 1200 g\/m2 40X40cm"},"content":{"rendered":"","protected":false},"excerpt":{"rendered":"<p>X-TWIST RED 1200 je kompaktna krpa od mikrovlakana napravljena od inovativnog tkanja vlakana TWISTED PILE, idealna za odr\u017eavanje unutra\u0161njosti, nano\u0161enje voska i brzo detaljno \u010di\u0161\u0107enje.<br \/>\nUvrnuta vlakna pru\u017eaju izuzetnu meko\u0107u, a istovremeno garantuju visoku efikasnost \u010di\u0161\u0107enja i nano\u0161enja. Njena struktura omogu\u0107ava odli\u010dnu apsorpciju vode, brzo su\u0161enje i nano\u0161enje bez tragova, \u0161to je \u010dini nevjerovatno prakti\u010dnom za upotrebu.<br \/>\nNjena prakti\u010dna veli\u010dina omogu\u0107ava precizan pristup te\u0161ko dostupnim mjestima, kako unutar tako i izvan vozila. Mikrovlakna su napravljena od mje\u0161avine 70% poliestera i 30% poliamida. Sa 1200 g\/m2, nude izuzetnu apsorpciju i performanse.<\/p>\n","protected":false},"featured_media":793054423,"comment_status":"open","ping_status":"closed","template":"","meta":{"_acf_changed":false,"inline_featured_image":false},"product_brand":[],"product_cat":[164],"product_tag":[],"class_list":{"0":"post-793054421","1":"product","2":"type-product","3":"status-publish","4":"has-post-thumbnail","6":"product_cat-car-detailing","8":"first","9":"instock","10":"taxable","11":"shipping-taxable","12":"purchasable","13":"product-type-simple"},"acf":[],"custom_product_id":"15252","_links":{"self":[{"href":"https:\/\/autostil.ba\/maloprodaja\/wp-json\/wp\/v2\/product\/793054421","targetHints":{"allow":["GET"]}}],"collection":[{"href":"https:\/\/autostil.ba\/maloprodaja\/wp-json\/wp\/v2\/product"}],"about":[{"href":"https:\/\/autostil.ba\/maloprodaja\/wp-json\/wp\/v2\/types\/product"}],"replies":[{"embeddable":true,"href":"https:\/\/autostil.ba\/maloprodaja\/wp-json\/wp\/v2\/comments?post=793054421"}],"version-history":[{"count":1,"href":"https:\/\/autostil.ba\/maloprodaja\/wp-json\/wp\/v2\/product\/793054421\/revisions"}],"predecessor-version":[{"id":793054422,"href":"https:\/\/autostil.ba\/maloprodaja\/wp-json\/wp\/v2\/product\/793054421\/revisions\/793054422"}],"wp:featuredmedia":[{"embeddable":true,"href":"https:\/\/autostil.ba\/maloprodaja\/wp-json\/wp\/v2\/media\/793054423"}],"wp:attachment":[{"href":"https:\/\/autostil.ba\/maloprodaja\/wp-json\/wp\/v2\/media?parent=793054421"}],"wp:term":[{"taxonomy":"product_brand","embeddable":true,"href":"https:\/\/autostil.ba\/maloprodaja\/wp-json\/wp\/v2\/product_brand?post=793054421"},{"taxonomy":"product_cat","embeddable":true,"href":"https:\/\/autostil.ba\/maloprodaja\/wp-json\/wp\/v2\/product_cat?post=793054421"},{"taxonomy":"product_tag","embeddable":true,"href":"https:\/\/autostil.ba\/maloprodaja\/wp-json\/wp\/v2\/product_tag?post=793054421"}],"curies":[{"name":"wp","href":"https:\/\/api.w.org\/{rel}","templated":true}]}}