{"id":793054415,"date":"2025-10-11T14:21:29","date_gmt":"2025-10-11T12:21:29","guid":{"rendered":"https:\/\/autostil.ba\/maloprodaja\/?post_type=product&#038;p=793054415"},"modified":"2026-04-08T12:47:40","modified_gmt":"2026-04-08T10:47:40","slug":"detailing-krpa-mikrofiber-x-twist-dvostrana-580-g-m2-40x40cm","status":"publish","type":"product","link":"https:\/\/autostil.ba\/maloprodaja\/proizvod\/15254\/detailing-krpa-mikrofiber-x-twist-dvostrana-580-g-m2-40x40cm\/","title":{"rendered":"DETAILING KRPA MIKROFIBER X-TWIST DVOSTRANA 580 g\/m2 40X40cm"},"content":{"rendered":"","protected":false},"excerpt":{"rendered":"<p>X-TWIST PURPLE SIDED 580 je dvostrana mikrofibra koja kombinuje svestranost i efikasnost u njezi automobila. Pahuljasta strana sa uvrnutim tkanjem savr\u0161ena je za su\u0161enje laka, dok je glatka strana idealna za \u010di\u0161\u0107enje prozora i unutra\u0161njosti.<br \/>\nUvrnuta vlakna pru\u017eaju izuzetnu mo\u0107 upijanja, brzo su\u0161enje i nje\u017enost, \u0161to mikrofibru \u010dini sigurnom za lak i druge povr\u0161ine. Prakti\u010dna veli\u010dina 40&#215;40 cm olak\u0161ava precizno \u010di\u0161\u0107enje i pristup te\u0161ko dostupnim mjestima.<br \/>\nSuptilni \u0161avovi na rubovima \u0161tite od ogrebotina, osiguravaju\u0107i siguran rad. Napravljena od mje\u0161avine 70% poliestera i 30% poliamida, sa te\u017einom od 580 g\/m2, nudi izdr\u017eljivost i efikasnost.<\/p>\n","protected":false},"featured_media":793054417,"comment_status":"open","ping_status":"closed","template":"","meta":{"_acf_changed":false,"inline_featured_image":false},"product_brand":[],"product_cat":[164],"product_tag":[],"class_list":{"0":"post-793054415","1":"product","2":"type-product","3":"status-publish","4":"has-post-thumbnail","6":"product_cat-car-detailing","8":"first","9":"instock","10":"taxable","11":"shipping-taxable","12":"purchasable","13":"product-type-simple"},"acf":[],"custom_product_id":"15254","_links":{"self":[{"href":"https:\/\/autostil.ba\/maloprodaja\/wp-json\/wp\/v2\/product\/793054415","targetHints":{"allow":["GET"]}}],"collection":[{"href":"https:\/\/autostil.ba\/maloprodaja\/wp-json\/wp\/v2\/product"}],"about":[{"href":"https:\/\/autostil.ba\/maloprodaja\/wp-json\/wp\/v2\/types\/product"}],"replies":[{"embeddable":true,"href":"https:\/\/autostil.ba\/maloprodaja\/wp-json\/wp\/v2\/comments?post=793054415"}],"version-history":[{"count":1,"href":"https:\/\/autostil.ba\/maloprodaja\/wp-json\/wp\/v2\/product\/793054415\/revisions"}],"predecessor-version":[{"id":793054416,"href":"https:\/\/autostil.ba\/maloprodaja\/wp-json\/wp\/v2\/product\/793054415\/revisions\/793054416"}],"wp:featuredmedia":[{"embeddable":true,"href":"https:\/\/autostil.ba\/maloprodaja\/wp-json\/wp\/v2\/media\/793054417"}],"wp:attachment":[{"href":"https:\/\/autostil.ba\/maloprodaja\/wp-json\/wp\/v2\/media?parent=793054415"}],"wp:term":[{"taxonomy":"product_brand","embeddable":true,"href":"https:\/\/autostil.ba\/maloprodaja\/wp-json\/wp\/v2\/product_brand?post=793054415"},{"taxonomy":"product_cat","embeddable":true,"href":"https:\/\/autostil.ba\/maloprodaja\/wp-json\/wp\/v2\/product_cat?post=793054415"},{"taxonomy":"product_tag","embeddable":true,"href":"https:\/\/autostil.ba\/maloprodaja\/wp-json\/wp\/v2\/product_tag?post=793054415"}],"curies":[{"name":"wp","href":"https:\/\/api.w.org\/{rel}","templated":true}]}}