{"id":793054412,"date":"2025-10-11T14:23:01","date_gmt":"2025-10-11T12:23:01","guid":{"rendered":"https:\/\/autostil.ba\/maloprodaja\/?post_type=product&#038;p=793054412"},"modified":"2026-04-08T12:47:40","modified_gmt":"2026-04-08T10:47:40","slug":"detailing-krpa-mikrofiber-x-twist-dvostrana-580-g-m2-60x90cm","status":"publish","type":"product","link":"https:\/\/autostil.ba\/maloprodaja\/proizvod\/15255\/detailing-krpa-mikrofiber-x-twist-dvostrana-580-g-m2-60x90cm\/","title":{"rendered":"DETAILING KRPA MIKROFIBER X-TWIST DVOSTRANA 580 g\/m2 60X90cm"},"content":{"rendered":"","protected":false},"excerpt":{"rendered":"<p>X-TWIST PURPLE SIDED 580 XL je velika, dvostrana krpa od mikrovlakana dimenzija 60&#215;90 cm, idealna za su\u0161enje va\u0161eg automobila i sveobuhvatnu njegu automobila. Pahuljasta strana s uvrnutim tkanjem savr\u0161eno upija vodu i savr\u0161ena je za su\u0161enje laka, dok je glatka strana idealna za \u010di\u0161\u0107enje prozora i unutra\u0161njosti automobila. Uvrnuta vlakna osiguravaju visoku mo\u0107 upijanja, brzo su\u0161enje i nje\u017ean osje\u0107aj, \u0161to mikrovlakna \u010dini sigurnim za lak i druge povr\u0161ine. Siguran rub sprje\u010dava ogrebotine, a velika veli\u010dina omogu\u0107ava udoban i efikasan rad. Napravljena od mje\u0161avine 70% poliestera i 30% poliamida, s te\u017einom od 580 g\/m2, garantuje izdr\u017eljivost i u\u010dinkovitost u svakodnevnoj njezi automobila.<\/p>\n","protected":false},"featured_media":793054414,"comment_status":"open","ping_status":"closed","template":"","meta":{"_acf_changed":false,"inline_featured_image":false},"product_brand":[],"product_cat":[164],"product_tag":[],"class_list":{"0":"post-793054412","1":"product","2":"type-product","3":"status-publish","4":"has-post-thumbnail","6":"product_cat-car-detailing","8":"first","9":"instock","10":"taxable","11":"shipping-taxable","12":"purchasable","13":"product-type-simple"},"acf":[],"custom_product_id":"15255","_links":{"self":[{"href":"https:\/\/autostil.ba\/maloprodaja\/wp-json\/wp\/v2\/product\/793054412","targetHints":{"allow":["GET"]}}],"collection":[{"href":"https:\/\/autostil.ba\/maloprodaja\/wp-json\/wp\/v2\/product"}],"about":[{"href":"https:\/\/autostil.ba\/maloprodaja\/wp-json\/wp\/v2\/types\/product"}],"replies":[{"embeddable":true,"href":"https:\/\/autostil.ba\/maloprodaja\/wp-json\/wp\/v2\/comments?post=793054412"}],"version-history":[{"count":1,"href":"https:\/\/autostil.ba\/maloprodaja\/wp-json\/wp\/v2\/product\/793054412\/revisions"}],"predecessor-version":[{"id":793054413,"href":"https:\/\/autostil.ba\/maloprodaja\/wp-json\/wp\/v2\/product\/793054412\/revisions\/793054413"}],"wp:featuredmedia":[{"embeddable":true,"href":"https:\/\/autostil.ba\/maloprodaja\/wp-json\/wp\/v2\/media\/793054414"}],"wp:attachment":[{"href":"https:\/\/autostil.ba\/maloprodaja\/wp-json\/wp\/v2\/media?parent=793054412"}],"wp:term":[{"taxonomy":"product_brand","embeddable":true,"href":"https:\/\/autostil.ba\/maloprodaja\/wp-json\/wp\/v2\/product_brand?post=793054412"},{"taxonomy":"product_cat","embeddable":true,"href":"https:\/\/autostil.ba\/maloprodaja\/wp-json\/wp\/v2\/product_cat?post=793054412"},{"taxonomy":"product_tag","embeddable":true,"href":"https:\/\/autostil.ba\/maloprodaja\/wp-json\/wp\/v2\/product_tag?post=793054412"}],"curies":[{"name":"wp","href":"https:\/\/api.w.org\/{rel}","templated":true}]}}