{"id":793054400,"date":"2025-12-02T13:00:56","date_gmt":"2025-12-02T11:00:56","guid":{"rendered":"https:\/\/autostil.ba\/maloprodaja\/?post_type=product&#038;p=793054400"},"modified":"2026-04-08T12:47:46","modified_gmt":"2026-04-08T10:47:46","slug":"nosac-mobitela-na-ventilaciju-magnetni-360","status":"publish","type":"product","link":"https:\/\/autostil.ba\/maloprodaja\/proizvod\/15259\/nosac-mobitela-na-ventilaciju-magnetni-360\/","title":{"rendered":"NOSA\u010c MOBITELA NA VENTILACIJU MAGNETNI 360*"},"content":{"rendered":"","protected":false},"excerpt":{"rendered":"<p>Magnetni dr\u017ea\u010d za automobil koji se pri\u010dvr\u0161\u0107uje na otvor za ventilaciju od 360 stepeni. Set uklju\u010duje jaku plo\u010du za telefon koja osigurava stabilno dr\u017eanje, \u010dak i na neravnim putevima.<br \/>\nDr\u017ea\u010d u obliku slova L se lako pri\u010dvr\u0161\u0107uje na otvor za ventilaciju. Funkcija 360 stepeni vam omogu\u0107ava da postavite telefon pod bilo kojim uglom, prilago\u0111avaju\u0107i ga va\u0161im potrebama.<\/p>\n","protected":false},"featured_media":793054402,"comment_status":"open","ping_status":"closed","template":"","meta":{"_acf_changed":false,"inline_featured_image":false},"product_brand":[],"product_cat":[105],"product_tag":[],"class_list":{"0":"post-793054400","1":"product","2":"type-product","3":"status-publish","4":"has-post-thumbnail","6":"product_cat-nosaci-mobitela-tableta-navigacije","8":"first","9":"instock","10":"taxable","11":"shipping-taxable","12":"purchasable","13":"product-type-simple"},"acf":[],"custom_product_id":"15259","_links":{"self":[{"href":"https:\/\/autostil.ba\/maloprodaja\/wp-json\/wp\/v2\/product\/793054400","targetHints":{"allow":["GET"]}}],"collection":[{"href":"https:\/\/autostil.ba\/maloprodaja\/wp-json\/wp\/v2\/product"}],"about":[{"href":"https:\/\/autostil.ba\/maloprodaja\/wp-json\/wp\/v2\/types\/product"}],"replies":[{"embeddable":true,"href":"https:\/\/autostil.ba\/maloprodaja\/wp-json\/wp\/v2\/comments?post=793054400"}],"version-history":[{"count":1,"href":"https:\/\/autostil.ba\/maloprodaja\/wp-json\/wp\/v2\/product\/793054400\/revisions"}],"predecessor-version":[{"id":793054401,"href":"https:\/\/autostil.ba\/maloprodaja\/wp-json\/wp\/v2\/product\/793054400\/revisions\/793054401"}],"wp:featuredmedia":[{"embeddable":true,"href":"https:\/\/autostil.ba\/maloprodaja\/wp-json\/wp\/v2\/media\/793054402"}],"wp:attachment":[{"href":"https:\/\/autostil.ba\/maloprodaja\/wp-json\/wp\/v2\/media?parent=793054400"}],"wp:term":[{"taxonomy":"product_brand","embeddable":true,"href":"https:\/\/autostil.ba\/maloprodaja\/wp-json\/wp\/v2\/product_brand?post=793054400"},{"taxonomy":"product_cat","embeddable":true,"href":"https:\/\/autostil.ba\/maloprodaja\/wp-json\/wp\/v2\/product_cat?post=793054400"},{"taxonomy":"product_tag","embeddable":true,"href":"https:\/\/autostil.ba\/maloprodaja\/wp-json\/wp\/v2\/product_tag?post=793054400"}],"curies":[{"name":"wp","href":"https:\/\/api.w.org\/{rel}","templated":true}]}}