{"id":793054385,"date":"2025-10-11T12:28:37","date_gmt":"2025-10-11T10:28:37","guid":{"rendered":"https:\/\/autostil.ba\/maloprodaja\/?post_type=product&#038;p=793054385"},"modified":"2026-04-08T12:47:28","modified_gmt":"2026-04-08T10:47:28","slug":"traka-samoljepljiva-za-visoke-temparature-30c-do-120c","status":"publish","type":"product","link":"https:\/\/autostil.ba\/maloprodaja\/proizvod\/15234\/traka-samoljepljiva-za-visoke-temparature-30c-do-120c\/","title":{"rendered":"TRAKA SAMOLJEPLJIVA ZA VISOKE TEMPARATURE -30*C DO +120*C"},"content":{"rendered":"","protected":false},"excerpt":{"rendered":"<p>Samoljepljiva traka za popravke otporna na visoke temperature, za izduvne sisteme i druge namjene izlo\u017eene visokim temperaturama.<br \/>\nOtporna na vremenske uslove i temperature od -30\u00b0C do +120\u00b0C. Sna\u017eno ljepilo osigurava odli\u010dno prijanjanje na podlogu i \u010dvrstu vezu.<\/p>\n<p>Na\u010din upotrebe: O\u010distite, odmastite i osu\u0161ite povr\u0161inu te zalijepite\/omotajte podru\u010dje koje treba popraviti.<\/p>\n<p>TEHNI\u010cKI PODACI:<\/p>\n<p>\u010cvrsto\u0107a lijepljenja: 20 N\/25 mm<\/p>\n<p>Zatezna \u010dvrsto\u0107a: &gt; 55 N\/25 mm<\/p>\n<p>Raspon temperature: od -30\u00b0C do +120\u00b0C<\/p>\n<p>Otpornost na starenje: vrlo dobra<\/p>\n","protected":false},"featured_media":793054387,"comment_status":"open","ping_status":"closed","template":"","meta":{"_acf_changed":false,"inline_featured_image":false},"product_brand":[],"product_cat":[55],"product_tag":[],"class_list":{"0":"post-793054385","1":"product","2":"type-product","3":"status-publish","4":"has-post-thumbnail","6":"product_cat-alat-i-oprema-za-servise","8":"first","9":"instock","10":"taxable","11":"shipping-taxable","12":"purchasable","13":"product-type-simple"},"acf":[],"custom_product_id":"15234","_links":{"self":[{"href":"https:\/\/autostil.ba\/maloprodaja\/wp-json\/wp\/v2\/product\/793054385","targetHints":{"allow":["GET"]}}],"collection":[{"href":"https:\/\/autostil.ba\/maloprodaja\/wp-json\/wp\/v2\/product"}],"about":[{"href":"https:\/\/autostil.ba\/maloprodaja\/wp-json\/wp\/v2\/types\/product"}],"replies":[{"embeddable":true,"href":"https:\/\/autostil.ba\/maloprodaja\/wp-json\/wp\/v2\/comments?post=793054385"}],"version-history":[{"count":1,"href":"https:\/\/autostil.ba\/maloprodaja\/wp-json\/wp\/v2\/product\/793054385\/revisions"}],"predecessor-version":[{"id":793054386,"href":"https:\/\/autostil.ba\/maloprodaja\/wp-json\/wp\/v2\/product\/793054385\/revisions\/793054386"}],"wp:featuredmedia":[{"embeddable":true,"href":"https:\/\/autostil.ba\/maloprodaja\/wp-json\/wp\/v2\/media\/793054387"}],"wp:attachment":[{"href":"https:\/\/autostil.ba\/maloprodaja\/wp-json\/wp\/v2\/media?parent=793054385"}],"wp:term":[{"taxonomy":"product_brand","embeddable":true,"href":"https:\/\/autostil.ba\/maloprodaja\/wp-json\/wp\/v2\/product_brand?post=793054385"},{"taxonomy":"product_cat","embeddable":true,"href":"https:\/\/autostil.ba\/maloprodaja\/wp-json\/wp\/v2\/product_cat?post=793054385"},{"taxonomy":"product_tag","embeddable":true,"href":"https:\/\/autostil.ba\/maloprodaja\/wp-json\/wp\/v2\/product_tag?post=793054385"}],"curies":[{"name":"wp","href":"https:\/\/api.w.org\/{rel}","templated":true}]}}