{"id":793054382,"date":"2025-10-11T12:35:35","date_gmt":"2025-10-11T10:35:35","guid":{"rendered":"https:\/\/autostil.ba\/maloprodaja\/?post_type=product&#038;p=793054382"},"modified":"2026-04-08T12:47:28","modified_gmt":"2026-04-08T10:47:28","slug":"traka-samoljepljiva-prozirna-strong-30c-do-80c","status":"publish","type":"product","link":"https:\/\/autostil.ba\/maloprodaja\/proizvod\/15235\/traka-samoljepljiva-prozirna-strong-30c-do-80c\/","title":{"rendered":"TRAKA SAMOLJEPLJIVA PROZIRNA STRONG -30*C DO +80*C"},"content":{"rendered":"","protected":false},"excerpt":{"rendered":"<p>Prozirna, izdr\u017eljiva traka za popravke s visokom po\u010detnom ljepljivo\u0161\u0107u i odli\u010dnim svojstvima prianjanja.<br \/>\nPotpuno otporna na vlagu, slanu vodu i direktnu sun\u010devu svjetlost. Zaptiva i izoluje od vlage. Dizajnirana za za\u0161titu i popravak pukotina u predmetima izra\u0111enim od razli\u010ditih materijala, kao \u0161to su staklo, plastika, PVC, PE i drugi.<\/p>\n<p>Na\u010din upotrebe: O\u010distite, odmastite i osu\u0161ite povr\u0161inu i zalijepite traku na mjesto koje treba popraviti.<\/p>\n<p>TEHNI\u010cKI PODACI:<\/p>\n<p>Debljina: 0,17 mm<\/p>\n<p>\u010cvrsto\u0107a lijepljenja: 10 N\/25 mm<\/p>\n<p>Zatezna \u010dvrsto\u0107a: &gt; 30 N\/25 mm<\/p>\n<p>Raspon temperature: od -30\u00b0C do +80\u00b0C<\/p>\n<p>UV otpornost: Odli\u010dna<\/p>\n<p>Otpornost na vlagu\/slanu vodu: Odli\u010dna<\/p>\n<p>Istezanje: &gt; 200%<\/p>\n","protected":false},"featured_media":793054384,"comment_status":"open","ping_status":"closed","template":"","meta":{"_acf_changed":false,"inline_featured_image":false},"product_brand":[],"product_cat":[55],"product_tag":[],"class_list":{"0":"post-793054382","1":"product","2":"type-product","3":"status-publish","4":"has-post-thumbnail","6":"product_cat-alat-i-oprema-za-servise","8":"first","9":"instock","10":"taxable","11":"shipping-taxable","12":"purchasable","13":"product-type-simple"},"acf":[],"custom_product_id":"15235","_links":{"self":[{"href":"https:\/\/autostil.ba\/maloprodaja\/wp-json\/wp\/v2\/product\/793054382","targetHints":{"allow":["GET"]}}],"collection":[{"href":"https:\/\/autostil.ba\/maloprodaja\/wp-json\/wp\/v2\/product"}],"about":[{"href":"https:\/\/autostil.ba\/maloprodaja\/wp-json\/wp\/v2\/types\/product"}],"replies":[{"embeddable":true,"href":"https:\/\/autostil.ba\/maloprodaja\/wp-json\/wp\/v2\/comments?post=793054382"}],"version-history":[{"count":1,"href":"https:\/\/autostil.ba\/maloprodaja\/wp-json\/wp\/v2\/product\/793054382\/revisions"}],"predecessor-version":[{"id":793054383,"href":"https:\/\/autostil.ba\/maloprodaja\/wp-json\/wp\/v2\/product\/793054382\/revisions\/793054383"}],"wp:featuredmedia":[{"embeddable":true,"href":"https:\/\/autostil.ba\/maloprodaja\/wp-json\/wp\/v2\/media\/793054384"}],"wp:attachment":[{"href":"https:\/\/autostil.ba\/maloprodaja\/wp-json\/wp\/v2\/media?parent=793054382"}],"wp:term":[{"taxonomy":"product_brand","embeddable":true,"href":"https:\/\/autostil.ba\/maloprodaja\/wp-json\/wp\/v2\/product_brand?post=793054382"},{"taxonomy":"product_cat","embeddable":true,"href":"https:\/\/autostil.ba\/maloprodaja\/wp-json\/wp\/v2\/product_cat?post=793054382"},{"taxonomy":"product_tag","embeddable":true,"href":"https:\/\/autostil.ba\/maloprodaja\/wp-json\/wp\/v2\/product_tag?post=793054382"}],"curies":[{"name":"wp","href":"https:\/\/api.w.org\/{rel}","templated":true}]}}