{"id":793054379,"date":"2025-10-11T12:43:55","date_gmt":"2025-10-11T10:43:55","guid":{"rendered":"https:\/\/autostil.ba\/maloprodaja\/?post_type=product&#038;p=793054379"},"modified":"2026-04-08T12:47:28","modified_gmt":"2026-04-08T10:47:28","slug":"detailing-krpe-mikrofiber-besavne-30-1-set","status":"publish","type":"product","link":"https:\/\/autostil.ba\/maloprodaja\/proizvod\/15236\/detailing-krpe-mikrofiber-besavne-30-1-set\/","title":{"rendered":"DETAILING KRPE MIKROFIBER BE\u0160AVNE 30\/1 SET"},"content":{"rendered":"","protected":false},"excerpt":{"rendered":"<p>Set od 30 be\u0161avnih mikrofiber krpa. Laserski rezane, be\u0161avne mikrofiber krpe su savr\u0161ene za \u010di\u0161\u0107enje unutra\u0161njosti i laka automobila. Sigurne su za povr\u0161ine koje se \u010diste. Za sve zadatke \u010di\u0161\u0107enja koristite krpu. Perite u ma\u0161ini bez omek\u0161iva\u010da ili izbjeljiva\u010da.<\/p>\n","protected":false},"featured_media":793054381,"comment_status":"open","ping_status":"closed","template":"","meta":{"_acf_changed":false,"inline_featured_image":false},"product_brand":[],"product_cat":[164],"product_tag":[],"class_list":{"0":"post-793054379","1":"product","2":"type-product","3":"status-publish","4":"has-post-thumbnail","6":"product_cat-car-detailing","8":"first","9":"instock","10":"taxable","11":"shipping-taxable","12":"purchasable","13":"product-type-simple"},"acf":[],"custom_product_id":"15236","_links":{"self":[{"href":"https:\/\/autostil.ba\/maloprodaja\/wp-json\/wp\/v2\/product\/793054379","targetHints":{"allow":["GET"]}}],"collection":[{"href":"https:\/\/autostil.ba\/maloprodaja\/wp-json\/wp\/v2\/product"}],"about":[{"href":"https:\/\/autostil.ba\/maloprodaja\/wp-json\/wp\/v2\/types\/product"}],"replies":[{"embeddable":true,"href":"https:\/\/autostil.ba\/maloprodaja\/wp-json\/wp\/v2\/comments?post=793054379"}],"version-history":[{"count":1,"href":"https:\/\/autostil.ba\/maloprodaja\/wp-json\/wp\/v2\/product\/793054379\/revisions"}],"predecessor-version":[{"id":793054380,"href":"https:\/\/autostil.ba\/maloprodaja\/wp-json\/wp\/v2\/product\/793054379\/revisions\/793054380"}],"wp:featuredmedia":[{"embeddable":true,"href":"https:\/\/autostil.ba\/maloprodaja\/wp-json\/wp\/v2\/media\/793054381"}],"wp:attachment":[{"href":"https:\/\/autostil.ba\/maloprodaja\/wp-json\/wp\/v2\/media?parent=793054379"}],"wp:term":[{"taxonomy":"product_brand","embeddable":true,"href":"https:\/\/autostil.ba\/maloprodaja\/wp-json\/wp\/v2\/product_brand?post=793054379"},{"taxonomy":"product_cat","embeddable":true,"href":"https:\/\/autostil.ba\/maloprodaja\/wp-json\/wp\/v2\/product_cat?post=793054379"},{"taxonomy":"product_tag","embeddable":true,"href":"https:\/\/autostil.ba\/maloprodaja\/wp-json\/wp\/v2\/product_tag?post=793054379"}],"curies":[{"name":"wp","href":"https:\/\/api.w.org\/{rel}","templated":true}]}}