{"id":793054376,"date":"2025-10-11T12:47:23","date_gmt":"2025-10-11T10:47:23","guid":{"rendered":"https:\/\/autostil.ba\/maloprodaja\/?post_type=product&#038;p=793054376"},"modified":"2026-04-08T12:47:34","modified_gmt":"2026-04-08T10:47:34","slug":"sredstvo-za-ciscenje-klime-150ml-amtra-black","status":"publish","type":"product","link":"https:\/\/autostil.ba\/maloprodaja\/proizvod\/15237\/sredstvo-za-ciscenje-klime-150ml-amtra-black\/","title":{"rendered":"SREDSTVO ZA \u010cI\u0160\u0106ENJE KLIME 150ml AMTRA (BLACK)"},"content":{"rendered":"","protected":false},"excerpt":{"rendered":"<p>Efikasan proizvod za \u010di\u0161\u0107enje klima ure\u0111aja i ventilacijskih otvora klima ure\u0111aja. Uklanja neugodne mirise uzrokovane prljav\u0161tinom i vlagom. Osvje\u017eava unutra\u0161njost automobila. Na\u010din upotrebe: Uklju\u010dite klima ure\u0111aj i postavite ventilaciju na maksimalnu unutra\u0161nju recirkulaciju. Postavite osvje\u017eiva\u010d zraka iza sjedi\u0161ta, pritisnite ventila i zatvorite vrata. Nakon 15 minuta, isklju\u010dite ventilacijske otvore i prozra\u010dite unutra\u0161njost vozila 5 minuta prije vo\u017enje.<br \/>\nVeoma zapaljiv aerosol. Proizvod pod pritiskom: mo\u017ee se rasprsnuti ako se zagrije. Dovodi do jake iritacije oka. \u0160tetno za \u017eivi svijet u vodi sa dugotrajnim posljedicama. \u010cuvati van dohvata djece. Dr\u017eati daleko od izvora toplote, grejnih povr\u0161ina, varnica, plamena i drugoh izvora zapaljivanja. Zabranjeno pu\u0161enje. Ne prskati na otvoren plamen ili drugi izvor paljenja. Ne probadati niti paliti, \u010dak ni poslije kori\u0161\u0107enja. AKO DOSPIJE U O\u010cI: Pa\u017eljivo ispirati vodom nekoliko minuta. Ukloniti kontaktna so\u010diva, ukoliko postoje i ukoliko je to mogu\u0107e u\u010diniti. Nastaviti sa ispiranjem.<br \/>\nZa\u0161titi od sun\u010deve svjetlosti. \u010cuvati na temperaturama koje ne prelaze 50 \u00b0C. Odlaganje ambala\u017ee u skladu sa regionalnim propisima. Sadr\u017ei 1-(1,2,3,4,5,6,7,8-oktahidro-2,3,8,8-tetrametil-2-naftil)etan-1-on. Mo\u017ee izazvati alergijsku reakciju. Sadr\u017ei: oktahidro tetrametil acetonafton. Mo\u017ee da izazove alergijsku reakciju.<\/p>\n","protected":false},"featured_media":793054378,"comment_status":"open","ping_status":"closed","template":"","meta":{"_acf_changed":false,"inline_featured_image":false},"product_brand":[],"product_cat":[73],"product_tag":[],"class_list":{"0":"post-793054376","1":"product","2":"type-product","3":"status-publish","4":"has-post-thumbnail","6":"product_cat-sredstva-za-pranje-i-odrzavanje","8":"first","9":"instock","10":"taxable","11":"shipping-taxable","12":"purchasable","13":"product-type-simple"},"acf":[],"custom_product_id":"15237","_links":{"self":[{"href":"https:\/\/autostil.ba\/maloprodaja\/wp-json\/wp\/v2\/product\/793054376","targetHints":{"allow":["GET"]}}],"collection":[{"href":"https:\/\/autostil.ba\/maloprodaja\/wp-json\/wp\/v2\/product"}],"about":[{"href":"https:\/\/autostil.ba\/maloprodaja\/wp-json\/wp\/v2\/types\/product"}],"replies":[{"embeddable":true,"href":"https:\/\/autostil.ba\/maloprodaja\/wp-json\/wp\/v2\/comments?post=793054376"}],"version-history":[{"count":1,"href":"https:\/\/autostil.ba\/maloprodaja\/wp-json\/wp\/v2\/product\/793054376\/revisions"}],"predecessor-version":[{"id":793054377,"href":"https:\/\/autostil.ba\/maloprodaja\/wp-json\/wp\/v2\/product\/793054376\/revisions\/793054377"}],"wp:featuredmedia":[{"embeddable":true,"href":"https:\/\/autostil.ba\/maloprodaja\/wp-json\/wp\/v2\/media\/793054378"}],"wp:attachment":[{"href":"https:\/\/autostil.ba\/maloprodaja\/wp-json\/wp\/v2\/media?parent=793054376"}],"wp:term":[{"taxonomy":"product_brand","embeddable":true,"href":"https:\/\/autostil.ba\/maloprodaja\/wp-json\/wp\/v2\/product_brand?post=793054376"},{"taxonomy":"product_cat","embeddable":true,"href":"https:\/\/autostil.ba\/maloprodaja\/wp-json\/wp\/v2\/product_cat?post=793054376"},{"taxonomy":"product_tag","embeddable":true,"href":"https:\/\/autostil.ba\/maloprodaja\/wp-json\/wp\/v2\/product_tag?post=793054376"}],"curies":[{"name":"wp","href":"https:\/\/api.w.org\/{rel}","templated":true}]}}