{"id":793054373,"date":"2025-10-11T12:52:10","date_gmt":"2025-10-11T10:52:10","guid":{"rendered":"https:\/\/autostil.ba\/maloprodaja\/?post_type=product&#038;p=793054373"},"modified":"2026-04-24T16:00:21","modified_gmt":"2026-04-24T14:00:21","slug":"detailing-x-apc-pro-neutralno-sredstvo-za-ciscenje-1l","status":"publish","type":"product","link":"https:\/\/autostil.ba\/maloprodaja\/proizvod\/15238\/detailing-x-apc-pro-neutralno-sredstvo-za-ciscenje-1l\/","title":{"rendered":"DETAILING X-APC PRO NEUTRALNO SREDSTVO ZA \u010cI\u0160\u0106ENJE 1L"},"content":{"rendered":"","protected":false},"excerpt":{"rendered":"<p>Univerzalno sredstvo za \u010di\u0161\u0107enje neutralnog Ph namijenjeno za sve dijelove automobila. Napredna formula efikasno rastvara i uklanja prljav\u0161tinu, masno\u0107u i ne\u010disto\u0107e bez o\u0161te\u0107enja tretirane povr\u0161ine. Proizvod ima ugodan i svje\u017e miris, te je pogodan za sve vrste povr\u0161ina.<\/p>\n<p>Uputstvo za upotrebu: Razrijedite vodom u omjeru 1:5 \u2013 1:10. Koriste\u0107i \u010detku ili abrazivnu spu\u017evu nanesite na \u017eeljenu povr\u0161inu i ostavite da djeluje nekoliko sekundi. Obri\u0161ite mekom mikrofiber krpom ili spu\u017evom, a zatim temeljno isperite vodom.<\/p>\n<p><strong>NAPOMENA:<\/strong> Dovodi do te\u0161kog o\u0161te\u0107enja oka. \u0160tetno za \u017eivi svijet u vodi sa dugotrajnim posljedicama. Izbjegavati ispu\u0161tanje u \u017eivotnu sredinu. Nosite za\u0161titne rukavice\/za\u0161titnu odje\u0107u\/za\u0161titu za lice. AKO DOSPIJE U O\u010cI: Pa\u017eljivo ispirati vodom nekoliko minuta. Ukloniti kontaktna so\u010diva, ukoliko postoje i ukoliko je to mogu\u0107e u\u010diniti. Nastaviti sa ispiranjem. Hitno pozvati Centar za kontrolu trovanja\/ljekara. Odlaganje ambala\u017ee u skladu sa regionalnim propisima. Sadr\u017ei: Sulfonske kiseline, C14-17-sek-alkan, natrijeve soli.<\/p>\n","protected":false},"featured_media":793054375,"comment_status":"open","ping_status":"closed","template":"","meta":{"_acf_changed":false,"inline_featured_image":false},"product_brand":[],"product_cat":[164],"product_tag":[],"class_list":{"0":"post-793054373","1":"product","2":"type-product","3":"status-publish","4":"has-post-thumbnail","6":"product_cat-car-detailing","8":"first","9":"instock","10":"taxable","11":"shipping-taxable","12":"purchasable","13":"product-type-simple"},"acf":[],"custom_product_id":"15238","_links":{"self":[{"href":"https:\/\/autostil.ba\/maloprodaja\/wp-json\/wp\/v2\/product\/793054373","targetHints":{"allow":["GET"]}}],"collection":[{"href":"https:\/\/autostil.ba\/maloprodaja\/wp-json\/wp\/v2\/product"}],"about":[{"href":"https:\/\/autostil.ba\/maloprodaja\/wp-json\/wp\/v2\/types\/product"}],"replies":[{"embeddable":true,"href":"https:\/\/autostil.ba\/maloprodaja\/wp-json\/wp\/v2\/comments?post=793054373"}],"version-history":[{"count":1,"href":"https:\/\/autostil.ba\/maloprodaja\/wp-json\/wp\/v2\/product\/793054373\/revisions"}],"predecessor-version":[{"id":793054374,"href":"https:\/\/autostil.ba\/maloprodaja\/wp-json\/wp\/v2\/product\/793054373\/revisions\/793054374"}],"wp:featuredmedia":[{"embeddable":true,"href":"https:\/\/autostil.ba\/maloprodaja\/wp-json\/wp\/v2\/media\/793054375"}],"wp:attachment":[{"href":"https:\/\/autostil.ba\/maloprodaja\/wp-json\/wp\/v2\/media?parent=793054373"}],"wp:term":[{"taxonomy":"product_brand","embeddable":true,"href":"https:\/\/autostil.ba\/maloprodaja\/wp-json\/wp\/v2\/product_brand?post=793054373"},{"taxonomy":"product_cat","embeddable":true,"href":"https:\/\/autostil.ba\/maloprodaja\/wp-json\/wp\/v2\/product_cat?post=793054373"},{"taxonomy":"product_tag","embeddable":true,"href":"https:\/\/autostil.ba\/maloprodaja\/wp-json\/wp\/v2\/product_tag?post=793054373"}],"curies":[{"name":"wp","href":"https:\/\/api.w.org\/{rel}","templated":true}]}}