{"id":793054173,"date":"2025-10-07T15:31:38","date_gmt":"2025-10-07T13:31:38","guid":{"rendered":"https:\/\/autostil.ba\/maloprodaja\/?post_type=product&#038;p=793054173"},"modified":"2026-04-08T12:47:28","modified_gmt":"2026-04-08T10:47:28","slug":"wd-40-sprej-smart-straw-450ml","status":"publish","type":"product","link":"https:\/\/autostil.ba\/maloprodaja\/proizvod\/15232\/wd-40-sprej-smart-straw-450ml\/","title":{"rendered":"WD-40 SPREJ SMART STRAW 450ML"},"content":{"rendered":"","protected":false},"excerpt":{"rendered":"<p>WD-40 vi\u0161enamjenski proizvod \u0161titi metal od hr\u0111e i korozije, prodire u zaglavljene dijelove, istiskuje vlagu i podmazuje gotovo sve. Njegova trajno pri\u010dvr\u0161\u0107ena Smart Straw prska na 2 na\u010dina.<\/p>\n","protected":false},"featured_media":793054175,"comment_status":"open","ping_status":"closed","template":"","meta":{"_acf_changed":false,"inline_featured_image":false},"product_brand":[],"product_cat":[70],"product_tag":[],"class_list":{"0":"post-793054173","1":"product","2":"type-product","3":"status-publish","4":"has-post-thumbnail","6":"product_cat-hemijska-sredstva-za-auto-servise","8":"first","9":"instock","10":"taxable","11":"shipping-taxable","12":"purchasable","13":"product-type-simple"},"acf":[],"custom_product_id":"15232","_links":{"self":[{"href":"https:\/\/autostil.ba\/maloprodaja\/wp-json\/wp\/v2\/product\/793054173","targetHints":{"allow":["GET"]}}],"collection":[{"href":"https:\/\/autostil.ba\/maloprodaja\/wp-json\/wp\/v2\/product"}],"about":[{"href":"https:\/\/autostil.ba\/maloprodaja\/wp-json\/wp\/v2\/types\/product"}],"replies":[{"embeddable":true,"href":"https:\/\/autostil.ba\/maloprodaja\/wp-json\/wp\/v2\/comments?post=793054173"}],"version-history":[{"count":1,"href":"https:\/\/autostil.ba\/maloprodaja\/wp-json\/wp\/v2\/product\/793054173\/revisions"}],"predecessor-version":[{"id":793054174,"href":"https:\/\/autostil.ba\/maloprodaja\/wp-json\/wp\/v2\/product\/793054173\/revisions\/793054174"}],"wp:featuredmedia":[{"embeddable":true,"href":"https:\/\/autostil.ba\/maloprodaja\/wp-json\/wp\/v2\/media\/793054175"}],"wp:attachment":[{"href":"https:\/\/autostil.ba\/maloprodaja\/wp-json\/wp\/v2\/media?parent=793054173"}],"wp:term":[{"taxonomy":"product_brand","embeddable":true,"href":"https:\/\/autostil.ba\/maloprodaja\/wp-json\/wp\/v2\/product_brand?post=793054173"},{"taxonomy":"product_cat","embeddable":true,"href":"https:\/\/autostil.ba\/maloprodaja\/wp-json\/wp\/v2\/product_cat?post=793054173"},{"taxonomy":"product_tag","embeddable":true,"href":"https:\/\/autostil.ba\/maloprodaja\/wp-json\/wp\/v2\/product_tag?post=793054173"}],"curies":[{"name":"wp","href":"https:\/\/api.w.org\/{rel}","templated":true}]}}