{"id":793053697,"date":"2025-09-08T12:53:11","date_gmt":"2025-09-08T10:53:11","guid":{"rendered":"https:\/\/autostil.ba\/maloprodaja\/?post_type=product&#038;p=793053697"},"modified":"2026-04-08T12:47:04","modified_gmt":"2026-04-08T10:47:04","slug":"nosac-za-e-bicikl-metalni-2-1-g3-montaza-na-kuku","status":"publish","type":"product","link":"https:\/\/autostil.ba\/maloprodaja\/proizvod\/15194\/nosac-za-e-bicikl-metalni-2-1-g3-montaza-na-kuku\/","title":{"rendered":"NOSA\u010c ZA E-BICIKL METALNI 2\/1 G3 (MONTA\u017dA NA KUKU)"},"content":{"rendered":"","protected":false},"excerpt":{"rendered":"<p>NAJNOVIJA VERZIJA! NAMIJENJENO ZA ELEKTRI\u010cNE BICIKLE.<\/p>\n<p>SADR\u017dAJ KOMPLETA:<br \/>\n\u2611\ufe0f Peruzzo Siena 2 nosa\u010d za elektri\u010dne bicikle (crni)<br \/>\n\u2611\ufe0f 13-pinska svjetlosna traka<br \/>\n\u2611\ufe0f Trake za pri\u010dvr\u0161\u0107ivanje<br \/>\n\u2611\ufe0f Uputstvo za upotrebu<br \/>\n\u2611\ufe0f Garantni list<\/p>\n<p>\u25b6\ufe0f TEHNI\u010cKI PODACI<br \/>\n\u2b50\ufe0f Maks. broj bicikala: 2 (+1)<br \/>\n\u2b50\ufe0f Maks. te\u017eina bicikla: 17 kg<br \/>\n\u2b50\ufe0f Maks. nosivost: 50 kg<br \/>\n\u2b50\ufe0f Funkcija nagiba: Da<br \/>\n\u2b50\ufe0f Materijal: \u010celik<br \/>\n\u2b50\ufe0f Boja: Crna<br \/>\n\u2b50\ufe0f Maksimalno ukupno optere\u0107enje: 50 kg<br \/>\n\u2b50\ufe0f Maksimalna veli\u010dina presjeka rama: 5 cm<br \/>\n\u2b50\ufe0f Veli\u010dina to\u010dka: 12&#8243; do 29&#8243;<br \/>\n\u2b50\ufe0f Maksimalna \u0161irina guma: 3&#8243;<br \/>\n\u2b50\ufe0f Maksimalna udaljenost izme\u0111u to\u010dkova bicikla: 130 cm<br \/>\n\u2b50\ufe0f Udaljenost izme\u0111u \u0161ina: 21 cm<br \/>\n\u2b50\ufe0f Zaklju\u010davanje bicikla na nosa\u010du: NE<br \/>\n\u2b50\ufe0f Brava prtlja\u017enika za automobil: NE<br \/>\n\u2b50\ufe0f Opcija nagiba: DA<br \/>\n\u2b50\ufe0f Te\u017eina proizvoda: 12,5 kg<br \/>\n\u2b50\ufe0f Utika\u010d: 13-pinski<br \/>\n\u2b50\ufe0f Zadnja svjetla: Parkirna, pozicijska, ko\u010diona, pokaziva\u010di smjera, svjetla registarske tablice<br \/>\n\u2b50\ufe0f Svjetlo za vo\u017enju unazad: Da<br \/>\n\u2b50\ufe0f Svjetlo za maglu: Da<br \/>\n\u2b50\ufe0f Potpuna evropska homologacija: DA<br \/>\n\u2b50\ufe0f Elektri\u010dni bicikli: DA<br \/>\n\u2b50\ufe0f FatBike: NE<br \/>\n\u2b50\ufe0f Homologacija: Evropska E8<br \/>\n\u2b50\ufe0f Certifikati: TUV; Cool Bike Rack<\/p>\n","protected":false},"featured_media":793053699,"comment_status":"open","ping_status":"closed","template":"","meta":{"_acf_changed":false,"inline_featured_image":false},"product_brand":[],"product_cat":[910],"product_tag":[],"class_list":{"0":"post-793053697","1":"product","2":"type-product","3":"status-publish","4":"has-post-thumbnail","6":"product_cat-nosaci-za-bicikl","8":"first","9":"instock","10":"taxable","11":"shipping-taxable","12":"purchasable","13":"product-type-simple"},"acf":[],"custom_product_id":"15194","_links":{"self":[{"href":"https:\/\/autostil.ba\/maloprodaja\/wp-json\/wp\/v2\/product\/793053697","targetHints":{"allow":["GET"]}}],"collection":[{"href":"https:\/\/autostil.ba\/maloprodaja\/wp-json\/wp\/v2\/product"}],"about":[{"href":"https:\/\/autostil.ba\/maloprodaja\/wp-json\/wp\/v2\/types\/product"}],"replies":[{"embeddable":true,"href":"https:\/\/autostil.ba\/maloprodaja\/wp-json\/wp\/v2\/comments?post=793053697"}],"version-history":[{"count":1,"href":"https:\/\/autostil.ba\/maloprodaja\/wp-json\/wp\/v2\/product\/793053697\/revisions"}],"predecessor-version":[{"id":793053698,"href":"https:\/\/autostil.ba\/maloprodaja\/wp-json\/wp\/v2\/product\/793053697\/revisions\/793053698"}],"wp:featuredmedia":[{"embeddable":true,"href":"https:\/\/autostil.ba\/maloprodaja\/wp-json\/wp\/v2\/media\/793053699"}],"wp:attachment":[{"href":"https:\/\/autostil.ba\/maloprodaja\/wp-json\/wp\/v2\/media?parent=793053697"}],"wp:term":[{"taxonomy":"product_brand","embeddable":true,"href":"https:\/\/autostil.ba\/maloprodaja\/wp-json\/wp\/v2\/product_brand?post=793053697"},{"taxonomy":"product_cat","embeddable":true,"href":"https:\/\/autostil.ba\/maloprodaja\/wp-json\/wp\/v2\/product_cat?post=793053697"},{"taxonomy":"product_tag","embeddable":true,"href":"https:\/\/autostil.ba\/maloprodaja\/wp-json\/wp\/v2\/product_tag?post=793053697"}],"curies":[{"name":"wp","href":"https:\/\/api.w.org\/{rel}","templated":true}]}}