{"id":793053502,"date":"2025-08-29T09:56:53","date_gmt":"2025-08-29T07:56:53","guid":{"rendered":"https:\/\/autostil.ba\/maloprodaja\/?post_type=product&#038;p=793053502"},"modified":"2026-04-08T12:46:47","modified_gmt":"2026-04-08T10:46:47","slug":"ponistavaci-greske-za-led-sijalice-h7h1h3-2-komada","status":"publish","type":"product","link":"https:\/\/autostil.ba\/maloprodaja\/proizvod\/15164\/ponistavaci-greske-za-led-sijalice-h7h1h3-2-komada\/","title":{"rendered":"PONI\u0160TAVA\u010cI GRE\u0160KE ZA LED SIJALICE H7,H1,H3 (2 KOMADA)"},"content":{"rendered":"","protected":false},"excerpt":{"rendered":"<p>PONI\u0160TAVA\u010cI GRE\u0160KE ZA LED SIJALICE H7,H1,H3 (2 KOMADA)<\/p>\n","protected":false},"featured_media":793053504,"comment_status":"open","ping_status":"closed","template":"","meta":{"_acf_changed":false,"inline_featured_image":false},"product_brand":[],"product_cat":[57],"product_tag":[],"class_list":{"0":"post-793053502","1":"product","2":"type-product","3":"status-publish","4":"has-post-thumbnail","6":"product_cat-dzekovi-grla-instalacije-ponistavaci-greske","8":"first","9":"instock","10":"taxable","11":"shipping-taxable","12":"purchasable","13":"product-type-simple"},"acf":[],"custom_product_id":"15164","_links":{"self":[{"href":"https:\/\/autostil.ba\/maloprodaja\/wp-json\/wp\/v2\/product\/793053502","targetHints":{"allow":["GET"]}}],"collection":[{"href":"https:\/\/autostil.ba\/maloprodaja\/wp-json\/wp\/v2\/product"}],"about":[{"href":"https:\/\/autostil.ba\/maloprodaja\/wp-json\/wp\/v2\/types\/product"}],"replies":[{"embeddable":true,"href":"https:\/\/autostil.ba\/maloprodaja\/wp-json\/wp\/v2\/comments?post=793053502"}],"version-history":[{"count":1,"href":"https:\/\/autostil.ba\/maloprodaja\/wp-json\/wp\/v2\/product\/793053502\/revisions"}],"predecessor-version":[{"id":793053503,"href":"https:\/\/autostil.ba\/maloprodaja\/wp-json\/wp\/v2\/product\/793053502\/revisions\/793053503"}],"wp:featuredmedia":[{"embeddable":true,"href":"https:\/\/autostil.ba\/maloprodaja\/wp-json\/wp\/v2\/media\/793053504"}],"wp:attachment":[{"href":"https:\/\/autostil.ba\/maloprodaja\/wp-json\/wp\/v2\/media?parent=793053502"}],"wp:term":[{"taxonomy":"product_brand","embeddable":true,"href":"https:\/\/autostil.ba\/maloprodaja\/wp-json\/wp\/v2\/product_brand?post=793053502"},{"taxonomy":"product_cat","embeddable":true,"href":"https:\/\/autostil.ba\/maloprodaja\/wp-json\/wp\/v2\/product_cat?post=793053502"},{"taxonomy":"product_tag","embeddable":true,"href":"https:\/\/autostil.ba\/maloprodaja\/wp-json\/wp\/v2\/product_tag?post=793053502"}],"curies":[{"name":"wp","href":"https:\/\/api.w.org\/{rel}","templated":true}]}}