{"id":793053497,"date":"2025-08-29T11:23:45","date_gmt":"2025-08-29T09:23:45","guid":{"rendered":"https:\/\/autostil.ba\/maloprodaja\/?post_type=product&#038;p=793053497"},"modified":"2026-04-08T12:46:52","modified_gmt":"2026-04-08T10:46:52","slug":"sijalice-cree-led-h7-6000k-canbus-s200-yobis","status":"publish","type":"product","link":"https:\/\/autostil.ba\/maloprodaja\/proizvod\/15165\/sijalice-cree-led-h7-6000k-canbus-s200-yobis\/","title":{"rendered":"SIJALICE CREE LED H7 6000K CANBUS S200 (YOBIS)"},"content":{"rendered":"","protected":false},"excerpt":{"rendered":"<p>YOBiS S200,\u00a0 isti\u010de se svojim vrhunskim performansama, \u0161irokom kompatibilno\u0161\u0107u i izdr\u017eljivom konstrukcijom.<\/p>\n<p>&nbsp;<\/p>\n<p><strong>KARAKTERISTIKE:<\/strong><\/p>\n<p>Snaga: Po\u010detna 90W, stabilnih 50W po sijalici<br \/>\nLumen: 6000LM\/sijalica<br \/>\nNapon: DC9-30V<br \/>\nStruja: 7.5A<br \/>\n\u010cIP: 5585 \u010cip<br \/>\nBoja svijetlosti: 6500K<br \/>\nCanbus: Da<\/p>\n","protected":false},"featured_media":793053499,"comment_status":"open","ping_status":"closed","template":"","meta":{"_acf_changed":false,"inline_featured_image":false},"product_brand":[],"product_cat":[90],"product_tag":[],"class_list":{"0":"post-793053497","1":"product","2":"type-product","3":"status-publish","4":"has-post-thumbnail","6":"product_cat-sijalice-led-diode","8":"first","9":"instock","10":"taxable","11":"shipping-taxable","12":"purchasable","13":"product-type-simple"},"acf":[],"custom_product_id":"15165","_links":{"self":[{"href":"https:\/\/autostil.ba\/maloprodaja\/wp-json\/wp\/v2\/product\/793053497","targetHints":{"allow":["GET"]}}],"collection":[{"href":"https:\/\/autostil.ba\/maloprodaja\/wp-json\/wp\/v2\/product"}],"about":[{"href":"https:\/\/autostil.ba\/maloprodaja\/wp-json\/wp\/v2\/types\/product"}],"replies":[{"embeddable":true,"href":"https:\/\/autostil.ba\/maloprodaja\/wp-json\/wp\/v2\/comments?post=793053497"}],"version-history":[{"count":1,"href":"https:\/\/autostil.ba\/maloprodaja\/wp-json\/wp\/v2\/product\/793053497\/revisions"}],"predecessor-version":[{"id":793053498,"href":"https:\/\/autostil.ba\/maloprodaja\/wp-json\/wp\/v2\/product\/793053497\/revisions\/793053498"}],"wp:featuredmedia":[{"embeddable":true,"href":"https:\/\/autostil.ba\/maloprodaja\/wp-json\/wp\/v2\/media\/793053499"}],"wp:attachment":[{"href":"https:\/\/autostil.ba\/maloprodaja\/wp-json\/wp\/v2\/media?parent=793053497"}],"wp:term":[{"taxonomy":"product_brand","embeddable":true,"href":"https:\/\/autostil.ba\/maloprodaja\/wp-json\/wp\/v2\/product_brand?post=793053497"},{"taxonomy":"product_cat","embeddable":true,"href":"https:\/\/autostil.ba\/maloprodaja\/wp-json\/wp\/v2\/product_cat?post=793053497"},{"taxonomy":"product_tag","embeddable":true,"href":"https:\/\/autostil.ba\/maloprodaja\/wp-json\/wp\/v2\/product_tag?post=793053497"}],"curies":[{"name":"wp","href":"https:\/\/api.w.org\/{rel}","templated":true}]}}