{"id":793053491,"date":"2025-08-29T08:47:01","date_gmt":"2025-08-29T06:47:01","guid":{"rendered":"https:\/\/autostil.ba\/maloprodaja\/?post_type=product&#038;p=793053491"},"modified":"2026-04-08T12:46:46","modified_gmt":"2026-04-08T10:46:46","slug":"distanceri-b32-20mm-5x120-fi741mm-m14mm-set-2-komada","status":"publish","type":"product","link":"https:\/\/autostil.ba\/maloprodaja\/proizvod\/15160\/distanceri-b32-20mm-5x120-fi741mm-m14mm-set-2-komada\/","title":{"rendered":"DISTANCERI B32 20mm \/ 5X120 \/ fi74,1mm \/ M14mm (SET 2 KOMADA)"},"content":{"rendered":"","protected":false},"excerpt":{"rendered":"<p>Proizveden od visokokvalitetne legure aluminijuma i precizno obra\u0111en kako bi se osigurao proizvod vrhunskih performansi.\u00a0 Dobijaju se od \u0161ipke \u010dvrste aluminijumske legure i obra\u0111uju se pomo\u0107u preciznih ma\u0161ina kako bi se prilagodili svakom specifi\u010dnom modelu automobila. Set sadr\u017ei 2 distancera (samo za automobile kojima je to potrebno). Vijci se moraju posebno naru\u010diti.<\/p>\n<p>Debljina: 20mm<\/p>\n<p>Raspon rupa: 5x120mm<\/p>\n<p>Promjer centralne rupe: 74,1mm<\/p>\n<p>Promjer rupe za \u0161araf: 14mm<\/p>\n<p>Materijal: aluminijum<\/p>\n<p>Pakovanje: 2 komada<\/p>\n","protected":false},"featured_media":793053490,"comment_status":"open","ping_status":"closed","template":"","meta":{"_acf_changed":false,"inline_featured_image":false},"product_brand":[],"product_cat":[88],"product_tag":[],"class_list":{"0":"post-793053491","1":"product","2":"type-product","3":"status-publish","4":"has-post-thumbnail","6":"product_cat-distanceri","8":"first","9":"instock","10":"taxable","11":"shipping-taxable","12":"purchasable","13":"product-type-simple"},"acf":[],"custom_product_id":"15160","_links":{"self":[{"href":"https:\/\/autostil.ba\/maloprodaja\/wp-json\/wp\/v2\/product\/793053491","targetHints":{"allow":["GET"]}}],"collection":[{"href":"https:\/\/autostil.ba\/maloprodaja\/wp-json\/wp\/v2\/product"}],"about":[{"href":"https:\/\/autostil.ba\/maloprodaja\/wp-json\/wp\/v2\/types\/product"}],"replies":[{"embeddable":true,"href":"https:\/\/autostil.ba\/maloprodaja\/wp-json\/wp\/v2\/comments?post=793053491"}],"version-history":[{"count":3,"href":"https:\/\/autostil.ba\/maloprodaja\/wp-json\/wp\/v2\/product\/793053491\/revisions"}],"predecessor-version":[{"id":793053508,"href":"https:\/\/autostil.ba\/maloprodaja\/wp-json\/wp\/v2\/product\/793053491\/revisions\/793053508"}],"wp:featuredmedia":[{"embeddable":true,"href":"https:\/\/autostil.ba\/maloprodaja\/wp-json\/wp\/v2\/media\/793053490"}],"wp:attachment":[{"href":"https:\/\/autostil.ba\/maloprodaja\/wp-json\/wp\/v2\/media?parent=793053491"}],"wp:term":[{"taxonomy":"product_brand","embeddable":true,"href":"https:\/\/autostil.ba\/maloprodaja\/wp-json\/wp\/v2\/product_brand?post=793053491"},{"taxonomy":"product_cat","embeddable":true,"href":"https:\/\/autostil.ba\/maloprodaja\/wp-json\/wp\/v2\/product_cat?post=793053491"},{"taxonomy":"product_tag","embeddable":true,"href":"https:\/\/autostil.ba\/maloprodaja\/wp-json\/wp\/v2\/product_tag?post=793053491"}],"curies":[{"name":"wp","href":"https:\/\/api.w.org\/{rel}","templated":true}]}}