{"id":793053468,"date":"2025-08-28T15:58:49","date_gmt":"2025-08-28T13:58:49","guid":{"rendered":"https:\/\/autostil.ba\/maloprodaja\/?post_type=product&#038;p=793053468"},"modified":"2026-04-30T21:59:32","modified_gmt":"2026-04-30T19:59:32","slug":"set-za-krpljenje-guma-autosystem-hd","status":"publish","type":"product","link":"https:\/\/autostil.ba\/maloprodaja\/proizvod\/15158\/set-za-krpljenje-guma-autosystem-hd\/","title":{"rendered":"SET ZA KRPLJENJE GUMA AUTOSYSTEM HD"},"content":{"rendered":"","protected":false},"excerpt":{"rendered":"<p>SET SADR\u017dI:<\/p>\n<p>1. Klije\u0161ta x 1<\/p>\n<p>2. Alat nazubljeni za \u010di\u0161\u0107enje x 1<\/p>\n<p>2. Alat za postavljanje gume (igla) x 1<\/p>\n<p>3. Lijepilo x 1<\/p>\n<p>4. Sirova guma x 5<\/p>\n<p>5. Uputstvo za upotrebu x 1<\/p>\n","protected":false},"featured_media":793053470,"comment_status":"open","ping_status":"closed","template":"","meta":{"_acf_changed":false,"inline_featured_image":false},"product_brand":[],"product_cat":[143],"product_tag":[],"class_list":{"0":"post-793053468","1":"product","2":"type-product","3":"status-publish","4":"has-post-thumbnail","6":"product_cat-sredstva-za-odrzavanje-pneumatika","8":"first","9":"instock","10":"taxable","11":"shipping-taxable","12":"purchasable","13":"product-type-simple"},"acf":[],"custom_product_id":"15158","_links":{"self":[{"href":"https:\/\/autostil.ba\/maloprodaja\/wp-json\/wp\/v2\/product\/793053468","targetHints":{"allow":["GET"]}}],"collection":[{"href":"https:\/\/autostil.ba\/maloprodaja\/wp-json\/wp\/v2\/product"}],"about":[{"href":"https:\/\/autostil.ba\/maloprodaja\/wp-json\/wp\/v2\/types\/product"}],"replies":[{"embeddable":true,"href":"https:\/\/autostil.ba\/maloprodaja\/wp-json\/wp\/v2\/comments?post=793053468"}],"version-history":[{"count":2,"href":"https:\/\/autostil.ba\/maloprodaja\/wp-json\/wp\/v2\/product\/793053468\/revisions"}],"predecessor-version":[{"id":793053533,"href":"https:\/\/autostil.ba\/maloprodaja\/wp-json\/wp\/v2\/product\/793053468\/revisions\/793053533"}],"wp:featuredmedia":[{"embeddable":true,"href":"https:\/\/autostil.ba\/maloprodaja\/wp-json\/wp\/v2\/media\/793053470"}],"wp:attachment":[{"href":"https:\/\/autostil.ba\/maloprodaja\/wp-json\/wp\/v2\/media?parent=793053468"}],"wp:term":[{"taxonomy":"product_brand","embeddable":true,"href":"https:\/\/autostil.ba\/maloprodaja\/wp-json\/wp\/v2\/product_brand?post=793053468"},{"taxonomy":"product_cat","embeddable":true,"href":"https:\/\/autostil.ba\/maloprodaja\/wp-json\/wp\/v2\/product_cat?post=793053468"},{"taxonomy":"product_tag","embeddable":true,"href":"https:\/\/autostil.ba\/maloprodaja\/wp-json\/wp\/v2\/product_tag?post=793053468"}],"curies":[{"name":"wp","href":"https:\/\/api.w.org\/{rel}","templated":true}]}}