{"id":793053025,"date":"2026-02-07T08:49:25","date_gmt":"2026-02-07T06:49:25","guid":{"rendered":"https:\/\/autostil.ba\/maloprodaja\/?post_type=product&#038;p=793053025"},"modified":"2026-04-08T12:46:22","modified_gmt":"2026-04-08T10:46:22","slug":"sprej-za-ciscenje-kocionog-sistema-500ml-meccanocar","status":"publish","type":"product","link":"https:\/\/autostil.ba\/maloprodaja\/proizvod\/15121\/sprej-za-ciscenje-kocionog-sistema-500ml-meccanocar\/","title":{"rendered":"SPREJ ZA \u010cI\u0160\u0106ENJE KO\u010cIONOG SISTEMA 500ml (MECCANOCAR)"},"content":{"rendered":"","protected":false},"excerpt":{"rendered":"<p>SAVR\u0160ENO \u010cISTI I ODMA\u0160\u0106UJE DISK KO\u010cNICE, DOBO\u0160 KO\u010cNICE I KVA\u010cILA. BRZO SE SU\u0160I UKLANJAJU\u0106I SVAKI TRAG MASTI, KATRANA, ULJA&#8230; NIJE POTREBNO RASTAVLJATI DIO, NE UTI\u010cE NA OBRA\u0110ENE DIJELOVE, NE OSTAVLJA OSTATKE.<\/p>\n","protected":false},"featured_media":793053027,"comment_status":"open","ping_status":"closed","template":"","meta":{"_acf_changed":false,"inline_featured_image":false},"product_brand":[],"product_cat":[70],"product_tag":[],"class_list":{"0":"post-793053025","1":"product","2":"type-product","3":"status-publish","4":"has-post-thumbnail","6":"product_cat-hemijska-sredstva-za-auto-servise","8":"first","9":"instock","10":"taxable","11":"shipping-taxable","12":"purchasable","13":"product-type-simple"},"acf":[],"custom_product_id":"15121","_links":{"self":[{"href":"https:\/\/autostil.ba\/maloprodaja\/wp-json\/wp\/v2\/product\/793053025","targetHints":{"allow":["GET"]}}],"collection":[{"href":"https:\/\/autostil.ba\/maloprodaja\/wp-json\/wp\/v2\/product"}],"about":[{"href":"https:\/\/autostil.ba\/maloprodaja\/wp-json\/wp\/v2\/types\/product"}],"replies":[{"embeddable":true,"href":"https:\/\/autostil.ba\/maloprodaja\/wp-json\/wp\/v2\/comments?post=793053025"}],"version-history":[{"count":1,"href":"https:\/\/autostil.ba\/maloprodaja\/wp-json\/wp\/v2\/product\/793053025\/revisions"}],"predecessor-version":[{"id":793053026,"href":"https:\/\/autostil.ba\/maloprodaja\/wp-json\/wp\/v2\/product\/793053025\/revisions\/793053026"}],"wp:featuredmedia":[{"embeddable":true,"href":"https:\/\/autostil.ba\/maloprodaja\/wp-json\/wp\/v2\/media\/793053027"}],"wp:attachment":[{"href":"https:\/\/autostil.ba\/maloprodaja\/wp-json\/wp\/v2\/media?parent=793053025"}],"wp:term":[{"taxonomy":"product_brand","embeddable":true,"href":"https:\/\/autostil.ba\/maloprodaja\/wp-json\/wp\/v2\/product_brand?post=793053025"},{"taxonomy":"product_cat","embeddable":true,"href":"https:\/\/autostil.ba\/maloprodaja\/wp-json\/wp\/v2\/product_cat?post=793053025"},{"taxonomy":"product_tag","embeddable":true,"href":"https:\/\/autostil.ba\/maloprodaja\/wp-json\/wp\/v2\/product_tag?post=793053025"}],"curies":[{"name":"wp","href":"https:\/\/api.w.org\/{rel}","templated":true}]}}