{"id":793052882,"date":"2025-10-17T11:08:23","date_gmt":"2025-10-17T09:08:23","guid":{"rendered":"https:\/\/autostil.ba\/maloprodaja\/?post_type=product&#038;p=793052882"},"modified":"2026-04-08T12:46:22","modified_gmt":"2026-04-08T10:46:22","slug":"liqui-moly-aditiv-octane-booster-za-benzin-motore-200ml","status":"publish","type":"product","link":"https:\/\/autostil.ba\/maloprodaja\/proizvod\/15116\/liqui-moly-aditiv-octane-booster-za-benzin-motore-200ml\/","title":{"rendered":"LIQUI MOLY ADITIV OCTANE BOOSTER (ZA BENZIN MOTORE) 200ml"},"content":{"rendered":"","protected":false},"excerpt":{"rendered":"<p>Ovaj poja\u010diva\u010d kiseonika u gorivu je energetski paket provjeren i testiran u moto sportu koji pove\u0107ava oktanski broj benzina i osigurava da motor mo\u017ee iskoristiti svoj puni potencijal performansi. Optimizuje sagorijevanje odmah nakon dodavanja i pove\u0107ava efikasnost goriva. Zna\u010dajno pobolj\u0161ava obrtni moment, snagu i ubrzanje, garantuju\u0107i ve\u0107e zadovoljstvo vo\u017enje. Izme\u0111u ostalog, osigurava i \u010disto\u0107u sistema goriva i mlaznica za ubrizgavanje, \u010dime se sprje\u010davaju skupe popravke u budu\u0107nosti.<\/p>\n<p>Za sve automobile sa dvotaktnim i \u010detverotaktnim benzinskim motorima bez filtera \u010destica. Posebno razvijen za trka\u010dku upotrebu i stoga se ne preporu\u010duje za javni cestovni saobra\u0107aj. 200 ml aditiva je dovoljno za do 50l goriva.<\/p>\n","protected":false},"featured_media":793052884,"comment_status":"open","ping_status":"closed","template":"","meta":{"_acf_changed":false,"inline_featured_image":false},"product_brand":[],"product_cat":[69],"product_tag":[],"class_list":{"0":"post-793052882","1":"product","2":"type-product","3":"status-publish","4":"has-post-thumbnail","6":"product_cat-aditivi","8":"first","9":"instock","10":"taxable","11":"shipping-taxable","12":"purchasable","13":"product-type-simple"},"acf":[],"custom_product_id":"15116","_links":{"self":[{"href":"https:\/\/autostil.ba\/maloprodaja\/wp-json\/wp\/v2\/product\/793052882","targetHints":{"allow":["GET"]}}],"collection":[{"href":"https:\/\/autostil.ba\/maloprodaja\/wp-json\/wp\/v2\/product"}],"about":[{"href":"https:\/\/autostil.ba\/maloprodaja\/wp-json\/wp\/v2\/types\/product"}],"replies":[{"embeddable":true,"href":"https:\/\/autostil.ba\/maloprodaja\/wp-json\/wp\/v2\/comments?post=793052882"}],"version-history":[{"count":1,"href":"https:\/\/autostil.ba\/maloprodaja\/wp-json\/wp\/v2\/product\/793052882\/revisions"}],"predecessor-version":[{"id":793052883,"href":"https:\/\/autostil.ba\/maloprodaja\/wp-json\/wp\/v2\/product\/793052882\/revisions\/793052883"}],"wp:featuredmedia":[{"embeddable":true,"href":"https:\/\/autostil.ba\/maloprodaja\/wp-json\/wp\/v2\/media\/793052884"}],"wp:attachment":[{"href":"https:\/\/autostil.ba\/maloprodaja\/wp-json\/wp\/v2\/media?parent=793052882"}],"wp:term":[{"taxonomy":"product_brand","embeddable":true,"href":"https:\/\/autostil.ba\/maloprodaja\/wp-json\/wp\/v2\/product_brand?post=793052882"},{"taxonomy":"product_cat","embeddable":true,"href":"https:\/\/autostil.ba\/maloprodaja\/wp-json\/wp\/v2\/product_cat?post=793052882"},{"taxonomy":"product_tag","embeddable":true,"href":"https:\/\/autostil.ba\/maloprodaja\/wp-json\/wp\/v2\/product_tag?post=793052882"}],"curies":[{"name":"wp","href":"https:\/\/api.w.org\/{rel}","templated":true}]}}