{"id":793052875,"date":"2026-01-29T15:45:28","date_gmt":"2026-01-29T13:45:28","guid":{"rendered":"https:\/\/autostil.ba\/maloprodaja\/?post_type=product&#038;p=793052875"},"modified":"2026-04-30T07:58:11","modified_gmt":"2026-04-30T05:58:11","slug":"liqui-moly-aditiv-za-podmazivanje-dizni-dizel-motora-150ml","status":"publish","type":"product","link":"https:\/\/autostil.ba\/maloprodaja\/proizvod\/15111\/liqui-moly-aditiv-za-podmazivanje-dizni-dizel-motora-150ml\/","title":{"rendered":"LIQUI MOLY ADITIV ZA PODMAZIVANJE DIZNI DIZEL MOTORA 150ml"},"content":{"rendered":"","protected":false},"excerpt":{"rendered":"<p>Smanjuje habanje i \u0161titi cijeli sistem goriva od korozije. Produ\u017euje vijek trajanja dizel pumpi za ubrizgavanje, kao i drugih dijelova sistema goriva. Pove\u0107ava sigurnost rada. Za sve dizel motore sa i bez filtera za \u010destice dizela &#8211; za preventivnu upotrebu. Turbo testirano. Za direktno dodavanje u rezervoar za gorivo. Optimalni u\u010dinak dodavanjem pri svakom to\u010denju goriva. Potpuno kompatibilno sa svim konvencionalnim dizel i biodizel gorivima. Limenka je dovoljna za do 70 litara goriva.<\/p>\n","protected":false},"featured_media":793052877,"comment_status":"open","ping_status":"closed","template":"","meta":{"_acf_changed":false,"inline_featured_image":false},"product_brand":[],"product_cat":[69],"product_tag":[],"class_list":{"0":"post-793052875","1":"product","2":"type-product","3":"status-publish","4":"has-post-thumbnail","6":"product_cat-aditivi","8":"first","9":"instock","10":"taxable","11":"shipping-taxable","12":"purchasable","13":"product-type-simple"},"acf":[],"custom_product_id":"15111","_links":{"self":[{"href":"https:\/\/autostil.ba\/maloprodaja\/wp-json\/wp\/v2\/product\/793052875","targetHints":{"allow":["GET"]}}],"collection":[{"href":"https:\/\/autostil.ba\/maloprodaja\/wp-json\/wp\/v2\/product"}],"about":[{"href":"https:\/\/autostil.ba\/maloprodaja\/wp-json\/wp\/v2\/types\/product"}],"replies":[{"embeddable":true,"href":"https:\/\/autostil.ba\/maloprodaja\/wp-json\/wp\/v2\/comments?post=793052875"}],"version-history":[{"count":1,"href":"https:\/\/autostil.ba\/maloprodaja\/wp-json\/wp\/v2\/product\/793052875\/revisions"}],"predecessor-version":[{"id":793052876,"href":"https:\/\/autostil.ba\/maloprodaja\/wp-json\/wp\/v2\/product\/793052875\/revisions\/793052876"}],"wp:featuredmedia":[{"embeddable":true,"href":"https:\/\/autostil.ba\/maloprodaja\/wp-json\/wp\/v2\/media\/793052877"}],"wp:attachment":[{"href":"https:\/\/autostil.ba\/maloprodaja\/wp-json\/wp\/v2\/media?parent=793052875"}],"wp:term":[{"taxonomy":"product_brand","embeddable":true,"href":"https:\/\/autostil.ba\/maloprodaja\/wp-json\/wp\/v2\/product_brand?post=793052875"},{"taxonomy":"product_cat","embeddable":true,"href":"https:\/\/autostil.ba\/maloprodaja\/wp-json\/wp\/v2\/product_cat?post=793052875"},{"taxonomy":"product_tag","embeddable":true,"href":"https:\/\/autostil.ba\/maloprodaja\/wp-json\/wp\/v2\/product_tag?post=793052875"}],"curies":[{"name":"wp","href":"https:\/\/api.w.org\/{rel}","templated":true}]}}