{"id":793052866,"date":"2025-09-23T08:39:16","date_gmt":"2025-09-23T06:39:16","guid":{"rendered":"https:\/\/autostil.ba\/maloprodaja\/?post_type=product&#038;p=793052866"},"modified":"2026-04-08T12:46:22","modified_gmt":"2026-04-08T10:46:22","slug":"liqui-moly-aditiv-za-bolji-i-brzi-start-za-dizel-motore-250ml","status":"publish","type":"product","link":"https:\/\/autostil.ba\/maloprodaja\/proizvod\/15114\/liqui-moly-aditiv-za-bolji-i-brzi-start-za-dizel-motore-250ml\/","title":{"rendered":"LIQUI MOLY ADITIV ZA BOLJI I BR\u017dI START (ZA DIZEL MOTORE) 250ml"},"content":{"rendered":"","protected":false},"excerpt":{"rendered":"<p>Liqui Moly Speed Tec Diesel aditiv je moderni aditiv za sve dizel motore. Njegova kompatibilnost sa svim dizel motorima sa i bez filtera \u010destica dizela \u010dini ga posebno pogodnim za \u010destu upotrebu. Upotreba Liqui Moly aditiva direktno pobolj\u0161ava sagorijevanje dizel goriva i time performanse motora.<\/p>\n<p>Kompatibilan sa svim uobi\u010dajenim dizel i biodizel gorivima, Liqui Moly Speed Tec Diesel se mo\u017ee brzo i jednostavno sipati u bilo koji rezervoar za dizel. Otvorite vrata\u0161ca za gorivo i sipajte aditiv u rezervoar direktno prije ili nakon procesa sipanja. Tamo se Speed Tec (3722) automatski mije\u0161a sa dizelom i direktno osloba\u0111a svoju snagu.<\/p>\n<p>Liqui Moly 3722 se mo\u017ee koristiti u bocama od 250 ml za 70 litara dizel goriva.<\/p>\n","protected":false},"featured_media":793052868,"comment_status":"open","ping_status":"closed","template":"","meta":{"_acf_changed":false,"inline_featured_image":false},"product_brand":[],"product_cat":[69],"product_tag":[],"class_list":{"0":"post-793052866","1":"product","2":"type-product","3":"status-publish","4":"has-post-thumbnail","6":"product_cat-aditivi","8":"first","9":"instock","10":"taxable","11":"shipping-taxable","12":"purchasable","13":"product-type-simple"},"acf":[],"custom_product_id":"15114","_links":{"self":[{"href":"https:\/\/autostil.ba\/maloprodaja\/wp-json\/wp\/v2\/product\/793052866","targetHints":{"allow":["GET"]}}],"collection":[{"href":"https:\/\/autostil.ba\/maloprodaja\/wp-json\/wp\/v2\/product"}],"about":[{"href":"https:\/\/autostil.ba\/maloprodaja\/wp-json\/wp\/v2\/types\/product"}],"replies":[{"embeddable":true,"href":"https:\/\/autostil.ba\/maloprodaja\/wp-json\/wp\/v2\/comments?post=793052866"}],"version-history":[{"count":1,"href":"https:\/\/autostil.ba\/maloprodaja\/wp-json\/wp\/v2\/product\/793052866\/revisions"}],"predecessor-version":[{"id":793052867,"href":"https:\/\/autostil.ba\/maloprodaja\/wp-json\/wp\/v2\/product\/793052866\/revisions\/793052867"}],"wp:featuredmedia":[{"embeddable":true,"href":"https:\/\/autostil.ba\/maloprodaja\/wp-json\/wp\/v2\/media\/793052868"}],"wp:attachment":[{"href":"https:\/\/autostil.ba\/maloprodaja\/wp-json\/wp\/v2\/media?parent=793052866"}],"wp:term":[{"taxonomy":"product_brand","embeddable":true,"href":"https:\/\/autostil.ba\/maloprodaja\/wp-json\/wp\/v2\/product_brand?post=793052866"},{"taxonomy":"product_cat","embeddable":true,"href":"https:\/\/autostil.ba\/maloprodaja\/wp-json\/wp\/v2\/product_cat?post=793052866"},{"taxonomy":"product_tag","embeddable":true,"href":"https:\/\/autostil.ba\/maloprodaja\/wp-json\/wp\/v2\/product_tag?post=793052866"}],"curies":[{"name":"wp","href":"https:\/\/api.w.org\/{rel}","templated":true}]}}