{"id":793052863,"date":"2026-04-29T10:53:55","date_gmt":"2026-04-29T08:53:55","guid":{"rendered":"https:\/\/autostil.ba\/maloprodaja\/?post_type=product&#038;p=793052863"},"modified":"2026-04-30T09:58:41","modified_gmt":"2026-04-30T07:58:41","slug":"liqui-moly-aditiv-za-brzi-i-bolji-start-za-benzin-motore-250ml","status":"publish","type":"product","link":"https:\/\/autostil.ba\/maloprodaja\/proizvod\/15115\/liqui-moly-aditiv-za-brzi-i-bolji-start-za-benzin-motore-250ml\/","title":{"rendered":"LIQUI MOLY ADITIV ZA BR\u017dI I BOLJI START (ZA BENZIN MOTORE) 250ml"},"content":{"rendered":"","protected":false},"excerpt":{"rendered":"<p>Napredni aditiv za gorivo posebno je dizajniran za pobolj\u0161anje ubrzanja i odziva gasa u podru\u010dju djelomi\u010dnog optere\u0107enja. Osigurava ve\u0107e zadovoljstvo vo\u017enje kroz optimizirani prinos snage. Motor se pali i radi bolje i ti\u0161e. Pogodan za sve dvotaktne i \u010detverotaktne benzinske motore. Testiran na turbo i katalizator. Za direktno dodavanje u rezervoar za gorivo, limenka je dovoljna za do 70 litara goriva. Izuzetno pogodan za dugotrajan rad pri svakom to\u010denju goriva.<\/p>\n","protected":false},"featured_media":793052865,"comment_status":"open","ping_status":"closed","template":"","meta":{"_acf_changed":false,"inline_featured_image":false},"product_brand":[],"product_cat":[69],"product_tag":[],"class_list":{"0":"post-793052863","1":"product","2":"type-product","3":"status-publish","4":"has-post-thumbnail","6":"product_cat-aditivi","8":"first","9":"instock","10":"taxable","11":"shipping-taxable","12":"purchasable","13":"product-type-simple"},"acf":[],"custom_product_id":"15115","_links":{"self":[{"href":"https:\/\/autostil.ba\/maloprodaja\/wp-json\/wp\/v2\/product\/793052863","targetHints":{"allow":["GET"]}}],"collection":[{"href":"https:\/\/autostil.ba\/maloprodaja\/wp-json\/wp\/v2\/product"}],"about":[{"href":"https:\/\/autostil.ba\/maloprodaja\/wp-json\/wp\/v2\/types\/product"}],"replies":[{"embeddable":true,"href":"https:\/\/autostil.ba\/maloprodaja\/wp-json\/wp\/v2\/comments?post=793052863"}],"version-history":[{"count":1,"href":"https:\/\/autostil.ba\/maloprodaja\/wp-json\/wp\/v2\/product\/793052863\/revisions"}],"predecessor-version":[{"id":793052864,"href":"https:\/\/autostil.ba\/maloprodaja\/wp-json\/wp\/v2\/product\/793052863\/revisions\/793052864"}],"wp:featuredmedia":[{"embeddable":true,"href":"https:\/\/autostil.ba\/maloprodaja\/wp-json\/wp\/v2\/media\/793052865"}],"wp:attachment":[{"href":"https:\/\/autostil.ba\/maloprodaja\/wp-json\/wp\/v2\/media?parent=793052863"}],"wp:term":[{"taxonomy":"product_brand","embeddable":true,"href":"https:\/\/autostil.ba\/maloprodaja\/wp-json\/wp\/v2\/product_brand?post=793052863"},{"taxonomy":"product_cat","embeddable":true,"href":"https:\/\/autostil.ba\/maloprodaja\/wp-json\/wp\/v2\/product_cat?post=793052863"},{"taxonomy":"product_tag","embeddable":true,"href":"https:\/\/autostil.ba\/maloprodaja\/wp-json\/wp\/v2\/product_tag?post=793052863"}],"curies":[{"name":"wp","href":"https:\/\/api.w.org\/{rel}","templated":true}]}}