{"id":793052828,"date":"2025-12-09T15:12:42","date_gmt":"2025-12-09T13:12:42","guid":{"rendered":"https:\/\/autostil.ba\/maloprodaja\/?post_type=product&#038;p=793052828"},"modified":"2026-04-08T12:46:02","modified_gmt":"2026-04-08T10:46:02","slug":"podmetac-za-gepek-gumeni-tipski-vw-touran-2003-2015-donji-pod-rigum","status":"publish","type":"product","link":"https:\/\/autostil.ba\/maloprodaja\/proizvod\/15092\/podmetac-za-gepek-gumeni-tipski-vw-touran-2003-2015-donji-pod-rigum\/","title":{"rendered":"PODMETA\u010c ZA GEPEK GUMENI TIPSKI VW TOURAN 2003-2015 (DONJI POD) (RIGUM)"},"content":{"rendered":"","protected":false},"excerpt":{"rendered":"<p>Proizvoden od visokokvalitetne gumene smjese. Savr\u0161eno pristaje, lako se odr\u017eava i \u010disti. Njegov podignuti rub \u0161titi unutra\u0161njost gepeka od prljav\u0161tine i produ\u017eava vijek trajanja.<\/p>\n","protected":false},"featured_media":793052830,"comment_status":"open","ping_status":"closed","template":"","meta":{"_acf_changed":false,"inline_featured_image":false},"product_brand":[],"product_cat":[161],"product_tag":[],"class_list":{"0":"post-793052828","1":"product","2":"type-product","3":"status-publish","4":"has-post-thumbnail","6":"product_cat-podmetaci-za-gepek-tipski","8":"first","9":"instock","10":"taxable","11":"shipping-taxable","12":"purchasable","13":"product-type-simple"},"acf":[],"custom_product_id":"15092","_links":{"self":[{"href":"https:\/\/autostil.ba\/maloprodaja\/wp-json\/wp\/v2\/product\/793052828","targetHints":{"allow":["GET"]}}],"collection":[{"href":"https:\/\/autostil.ba\/maloprodaja\/wp-json\/wp\/v2\/product"}],"about":[{"href":"https:\/\/autostil.ba\/maloprodaja\/wp-json\/wp\/v2\/types\/product"}],"replies":[{"embeddable":true,"href":"https:\/\/autostil.ba\/maloprodaja\/wp-json\/wp\/v2\/comments?post=793052828"}],"version-history":[{"count":1,"href":"https:\/\/autostil.ba\/maloprodaja\/wp-json\/wp\/v2\/product\/793052828\/revisions"}],"predecessor-version":[{"id":793052829,"href":"https:\/\/autostil.ba\/maloprodaja\/wp-json\/wp\/v2\/product\/793052828\/revisions\/793052829"}],"wp:featuredmedia":[{"embeddable":true,"href":"https:\/\/autostil.ba\/maloprodaja\/wp-json\/wp\/v2\/media\/793052830"}],"wp:attachment":[{"href":"https:\/\/autostil.ba\/maloprodaja\/wp-json\/wp\/v2\/media?parent=793052828"}],"wp:term":[{"taxonomy":"product_brand","embeddable":true,"href":"https:\/\/autostil.ba\/maloprodaja\/wp-json\/wp\/v2\/product_brand?post=793052828"},{"taxonomy":"product_cat","embeddable":true,"href":"https:\/\/autostil.ba\/maloprodaja\/wp-json\/wp\/v2\/product_cat?post=793052828"},{"taxonomy":"product_tag","embeddable":true,"href":"https:\/\/autostil.ba\/maloprodaja\/wp-json\/wp\/v2\/product_tag?post=793052828"}],"curies":[{"name":"wp","href":"https:\/\/api.w.org\/{rel}","templated":true}]}}