{"id":793052792,"date":"2026-03-12T10:58:15","date_gmt":"2026-03-12T08:58:15","guid":{"rendered":"https:\/\/autostil.ba\/maloprodaja\/?post_type=product&#038;p=793052792"},"modified":"2026-04-08T12:46:16","modified_gmt":"2026-04-08T10:46:16","slug":"podmetac-za-gepek-gumeni-tipski-volvo-xc90-2015-rigum","status":"publish","type":"product","link":"https:\/\/autostil.ba\/maloprodaja\/proizvod\/15104\/podmetac-za-gepek-gumeni-tipski-volvo-xc90-2015-rigum\/","title":{"rendered":"PODMETA\u010c ZA GEPEK GUMENI TIPSKI VOLVO XC90 2015-&gt; (RIGUM)"},"content":{"rendered":"","protected":false},"excerpt":{"rendered":"<p>Proizvoden od visokokvalitetne gumene smjese. Savr\u0161eno pristaje, lako se odr\u017eava i \u010disti. Njegov podignuti rub \u0161titi unutra\u0161njost gepeka od prljav\u0161tine i produ\u017eava vijek trajanja.<\/p>\n","protected":false},"featured_media":793052794,"comment_status":"open","ping_status":"closed","template":"","meta":{"_acf_changed":false,"inline_featured_image":false},"product_brand":[],"product_cat":[161],"product_tag":[],"class_list":{"0":"post-793052792","1":"product","2":"type-product","3":"status-publish","4":"has-post-thumbnail","6":"product_cat-podmetaci-za-gepek-tipski","8":"first","9":"instock","10":"taxable","11":"shipping-taxable","12":"purchasable","13":"product-type-simple"},"acf":[],"custom_product_id":"15104","_links":{"self":[{"href":"https:\/\/autostil.ba\/maloprodaja\/wp-json\/wp\/v2\/product\/793052792","targetHints":{"allow":["GET"]}}],"collection":[{"href":"https:\/\/autostil.ba\/maloprodaja\/wp-json\/wp\/v2\/product"}],"about":[{"href":"https:\/\/autostil.ba\/maloprodaja\/wp-json\/wp\/v2\/types\/product"}],"replies":[{"embeddable":true,"href":"https:\/\/autostil.ba\/maloprodaja\/wp-json\/wp\/v2\/comments?post=793052792"}],"version-history":[{"count":1,"href":"https:\/\/autostil.ba\/maloprodaja\/wp-json\/wp\/v2\/product\/793052792\/revisions"}],"predecessor-version":[{"id":793052793,"href":"https:\/\/autostil.ba\/maloprodaja\/wp-json\/wp\/v2\/product\/793052792\/revisions\/793052793"}],"wp:featuredmedia":[{"embeddable":true,"href":"https:\/\/autostil.ba\/maloprodaja\/wp-json\/wp\/v2\/media\/793052794"}],"wp:attachment":[{"href":"https:\/\/autostil.ba\/maloprodaja\/wp-json\/wp\/v2\/media?parent=793052792"}],"wp:term":[{"taxonomy":"product_brand","embeddable":true,"href":"https:\/\/autostil.ba\/maloprodaja\/wp-json\/wp\/v2\/product_brand?post=793052792"},{"taxonomy":"product_cat","embeddable":true,"href":"https:\/\/autostil.ba\/maloprodaja\/wp-json\/wp\/v2\/product_cat?post=793052792"},{"taxonomy":"product_tag","embeddable":true,"href":"https:\/\/autostil.ba\/maloprodaja\/wp-json\/wp\/v2\/product_tag?post=793052792"}],"curies":[{"name":"wp","href":"https:\/\/api.w.org\/{rel}","templated":true}]}}