{"id":793052617,"date":"2026-03-12T10:56:37","date_gmt":"2026-03-12T08:56:37","guid":{"rendered":"https:\/\/autostil.ba\/maloprodaja\/?post_type=product&#038;p=793052617"},"modified":"2026-04-08T12:45:32","modified_gmt":"2026-04-08T10:45:32","slug":"podmetac-za-gepek-gumeni-tipski-kia-sportage-2021-gornji-pod-rigum","status":"publish","type":"product","link":"https:\/\/autostil.ba\/maloprodaja\/proizvod\/15037\/podmetac-za-gepek-gumeni-tipski-kia-sportage-2021-gornji-pod-rigum\/","title":{"rendered":"PODMETA\u010c ZA GEPEK GUMENI TIPSKI KIA SPORTAGE 2021-&gt; (GORNJI POD) (RIGUM)"},"content":{"rendered":"","protected":false},"excerpt":{"rendered":"<p>Proizvoden od visokokvalitetne gumene smjese. Savr\u0161eno pristaje, lako se odr\u017eava i \u010disti. Njegov podignuti rub \u0161titi unutra\u0161njost gepeka od prljav\u0161tine i produ\u017eava vijek trajanja.<\/p>\n","protected":false},"featured_media":793052619,"comment_status":"open","ping_status":"closed","template":"","meta":{"_acf_changed":false,"inline_featured_image":false},"product_brand":[],"product_cat":[161],"product_tag":[],"class_list":{"0":"post-793052617","1":"product","2":"type-product","3":"status-publish","4":"has-post-thumbnail","6":"product_cat-podmetaci-za-gepek-tipski","8":"first","9":"instock","10":"taxable","11":"shipping-taxable","12":"purchasable","13":"product-type-simple"},"acf":[],"custom_product_id":"15037","_links":{"self":[{"href":"https:\/\/autostil.ba\/maloprodaja\/wp-json\/wp\/v2\/product\/793052617","targetHints":{"allow":["GET"]}}],"collection":[{"href":"https:\/\/autostil.ba\/maloprodaja\/wp-json\/wp\/v2\/product"}],"about":[{"href":"https:\/\/autostil.ba\/maloprodaja\/wp-json\/wp\/v2\/types\/product"}],"replies":[{"embeddable":true,"href":"https:\/\/autostil.ba\/maloprodaja\/wp-json\/wp\/v2\/comments?post=793052617"}],"version-history":[{"count":1,"href":"https:\/\/autostil.ba\/maloprodaja\/wp-json\/wp\/v2\/product\/793052617\/revisions"}],"predecessor-version":[{"id":793052618,"href":"https:\/\/autostil.ba\/maloprodaja\/wp-json\/wp\/v2\/product\/793052617\/revisions\/793052618"}],"wp:featuredmedia":[{"embeddable":true,"href":"https:\/\/autostil.ba\/maloprodaja\/wp-json\/wp\/v2\/media\/793052619"}],"wp:attachment":[{"href":"https:\/\/autostil.ba\/maloprodaja\/wp-json\/wp\/v2\/media?parent=793052617"}],"wp:term":[{"taxonomy":"product_brand","embeddable":true,"href":"https:\/\/autostil.ba\/maloprodaja\/wp-json\/wp\/v2\/product_brand?post=793052617"},{"taxonomy":"product_cat","embeddable":true,"href":"https:\/\/autostil.ba\/maloprodaja\/wp-json\/wp\/v2\/product_cat?post=793052617"},{"taxonomy":"product_tag","embeddable":true,"href":"https:\/\/autostil.ba\/maloprodaja\/wp-json\/wp\/v2\/product_tag?post=793052617"}],"curies":[{"name":"wp","href":"https:\/\/api.w.org\/{rel}","templated":true}]}}