{"id":793052259,"date":"2025-04-24T15:39:40","date_gmt":"2025-04-24T13:39:40","guid":{"rendered":"https:\/\/autostil.ba\/maloprodaja\/?post_type=product&#038;p=793052259"},"modified":"2026-04-08T12:35:25","modified_gmt":"2026-04-08T10:35:25","slug":"nosac-za-bicikl-aluminijumski-g3-krovni-1-bicikl-2","status":"publish","type":"product","link":"https:\/\/autostil.ba\/maloprodaja\/proizvod\/14015\/nosac-za-bicikl-aluminijumski-g3-krovni-1-bicikl-2\/","title":{"rendered":"NOSA\u010c ZA BICIKL ALUMINIJUMSKI G3 KROVNI (1 BICIKL)"},"content":{"rendered":"","protected":false},"excerpt":{"rendered":"<p><strong>Tehni\u010dki podaci:<\/strong><\/p>\n<ul>\n<li>Materijal: aluminijum<\/li>\n<li>Boja: Siva<\/li>\n<li>Broj bicikla: 1<\/li>\n<li>Maksimalna nosivost tereta: do 15 kg<\/li>\n<li>Maksimalna \u0161irina rama bicikla: 70mm (okrugli) 70x90mm (ovalni)<\/li>\n<li>Maksimalna \u0161irina to\u010dka: 70mm<\/li>\n<li>Pogodan sa biciklima sa disk ko\u010dnicama: Da<\/li>\n<li>Du\u017eina potporne \u0161ipke za bicikl: 1200mm<\/li>\n<li>Zaklju\u010davanje bicikla na nosa\u010d bicikla: Da<\/li>\n<li>Zaklju\u010davanje nosa\u010d bicikla na krovni nosa\u010d: Ne<\/li>\n<li>Te\u017eina nosa\u010da: 3.3 kg<\/li>\n<li>T\u00dcV GS standard: Da<\/li>\n<li>ISO 11154:2006 standard: Da<\/li>\n<\/ul>\n","protected":false},"featured_media":793052260,"comment_status":"open","ping_status":"closed","template":"","meta":{"_acf_changed":false,"inline_featured_image":false},"product_brand":[],"product_cat":[910],"product_tag":[],"class_list":{"0":"post-793052259","1":"product","2":"type-product","3":"status-publish","4":"has-post-thumbnail","6":"product_cat-nosaci-za-bicikl","8":"first","9":"instock","10":"taxable","11":"shipping-taxable","12":"purchasable","13":"product-type-simple"},"acf":[],"custom_product_id":"14015","_links":{"self":[{"href":"https:\/\/autostil.ba\/maloprodaja\/wp-json\/wp\/v2\/product\/793052259","targetHints":{"allow":["GET"]}}],"collection":[{"href":"https:\/\/autostil.ba\/maloprodaja\/wp-json\/wp\/v2\/product"}],"about":[{"href":"https:\/\/autostil.ba\/maloprodaja\/wp-json\/wp\/v2\/types\/product"}],"replies":[{"embeddable":true,"href":"https:\/\/autostil.ba\/maloprodaja\/wp-json\/wp\/v2\/comments?post=793052259"}],"version-history":[{"count":1,"href":"https:\/\/autostil.ba\/maloprodaja\/wp-json\/wp\/v2\/product\/793052259\/revisions"}],"predecessor-version":[{"id":793052261,"href":"https:\/\/autostil.ba\/maloprodaja\/wp-json\/wp\/v2\/product\/793052259\/revisions\/793052261"}],"wp:featuredmedia":[{"embeddable":true,"href":"https:\/\/autostil.ba\/maloprodaja\/wp-json\/wp\/v2\/media\/793052260"}],"wp:attachment":[{"href":"https:\/\/autostil.ba\/maloprodaja\/wp-json\/wp\/v2\/media?parent=793052259"}],"wp:term":[{"taxonomy":"product_brand","embeddable":true,"href":"https:\/\/autostil.ba\/maloprodaja\/wp-json\/wp\/v2\/product_brand?post=793052259"},{"taxonomy":"product_cat","embeddable":true,"href":"https:\/\/autostil.ba\/maloprodaja\/wp-json\/wp\/v2\/product_cat?post=793052259"},{"taxonomy":"product_tag","embeddable":true,"href":"https:\/\/autostil.ba\/maloprodaja\/wp-json\/wp\/v2\/product_tag?post=793052259"}],"curies":[{"name":"wp","href":"https:\/\/api.w.org\/{rel}","templated":true}]}}