{"id":793052254,"date":"2025-07-08T14:51:26","date_gmt":"2025-07-08T12:51:26","guid":{"rendered":"https:\/\/autostil.ba\/maloprodaja\/?post_type=product&#038;p=793052254"},"modified":"2026-04-08T12:35:25","modified_gmt":"2026-04-08T10:35:25","slug":"nosac-za-bicikl-metalni-3-1-g3-montaza-na-peta-vrata-2","status":"publish","type":"product","link":"https:\/\/autostil.ba\/maloprodaja\/proizvod\/14021\/nosac-za-bicikl-metalni-3-1-g3-montaza-na-peta-vrata-2\/","title":{"rendered":"NOSA\u010c ZA BICIKL METALNI 3\/1 G3 (MONTA\u017dA NA PETA VRATA)"},"content":{"rendered":"","protected":false},"excerpt":{"rendered":"<p><strong>Tehni\u010dki podaci:<\/strong><\/p>\n<pre id=\"tw-target-text\" class=\"tw-data-text tw-text-large tw-ta\" dir=\"ltr\" data-placeholder=\"Translation\" data-ved=\"2ahUKEwij8_WSkqmJAxVV2AIHHarxA9cQ3ewLegQIChAU\" aria-label=\"Translated text: Dvostruke gornje trake (najstresnija ta\u010dka); Sistem protiv odbijanja donjih traka; Svih 6 traka testirano na 250 kg svaki; Svih 6 kaljenih udica testirano na 350 kg svaka; \u010celi\u010dne kop\u010de; Dvostruko siguran sa dodatnom sigurnosnom trakom pri\u010dvr\u0161\u0107enom za okvir; Brzo i jednostavno za postavljanje i uklanjanje; Sklapa se ravno za odlaganje.\"><span class=\"Y2IQFc\" lang=\"bs\"> - Dvostruke gornje trake (najstresnija ta\u010dka)\r\n - Sistem protiv odbijanja donjih traka\r\n - Svih 6 traka testirano na 250 kg svaki\r\n - Svih 6 kaljenih udica testirano na 350 kg svaka\r\n - \u010celi\u010dne kop\u010de\r\n - Dvostruko siguran sa dodatnom sigurnosnom trakom pri\u010dvr\u0161\u0107enom za okvir\r\n - Brzo i jednostavno za postavljanje i uklanjanje\r\n - Sklapa se ravno za odlaganje\r\n - Pre\u010dnik: 25 mm\r\n<\/span><span class=\"Y2IQFc\" lang=\"bs\"> - Max. optere\u0107enje: 45 kg\r\n - Materijal: \u010delik\r\n - Max. presjek rama bicikla: 60 mm\r\n - Max. presjek to\u010dkova: Sve dimenzije\r\n - Me\u0111uosovinsko rastojanje bicikla: Sve dimenzije\r\n - Max. bicikla: 3<\/span><\/pre>\n","protected":false},"featured_media":793052255,"comment_status":"open","ping_status":"closed","template":"","meta":{"_acf_changed":false,"inline_featured_image":false},"product_brand":[],"product_cat":[910],"product_tag":[],"class_list":{"0":"post-793052254","1":"product","2":"type-product","3":"status-publish","4":"has-post-thumbnail","6":"product_cat-nosaci-za-bicikl","8":"first","9":"instock","10":"taxable","11":"shipping-taxable","12":"purchasable","13":"product-type-simple"},"acf":[],"custom_product_id":"14021","_links":{"self":[{"href":"https:\/\/autostil.ba\/maloprodaja\/wp-json\/wp\/v2\/product\/793052254","targetHints":{"allow":["GET"]}}],"collection":[{"href":"https:\/\/autostil.ba\/maloprodaja\/wp-json\/wp\/v2\/product"}],"about":[{"href":"https:\/\/autostil.ba\/maloprodaja\/wp-json\/wp\/v2\/types\/product"}],"replies":[{"embeddable":true,"href":"https:\/\/autostil.ba\/maloprodaja\/wp-json\/wp\/v2\/comments?post=793052254"}],"version-history":[{"count":2,"href":"https:\/\/autostil.ba\/maloprodaja\/wp-json\/wp\/v2\/product\/793052254\/revisions"}],"predecessor-version":[{"id":793052263,"href":"https:\/\/autostil.ba\/maloprodaja\/wp-json\/wp\/v2\/product\/793052254\/revisions\/793052263"}],"wp:featuredmedia":[{"embeddable":true,"href":"https:\/\/autostil.ba\/maloprodaja\/wp-json\/wp\/v2\/media\/793052255"}],"wp:attachment":[{"href":"https:\/\/autostil.ba\/maloprodaja\/wp-json\/wp\/v2\/media?parent=793052254"}],"wp:term":[{"taxonomy":"product_brand","embeddable":true,"href":"https:\/\/autostil.ba\/maloprodaja\/wp-json\/wp\/v2\/product_brand?post=793052254"},{"taxonomy":"product_cat","embeddable":true,"href":"https:\/\/autostil.ba\/maloprodaja\/wp-json\/wp\/v2\/product_cat?post=793052254"},{"taxonomy":"product_tag","embeddable":true,"href":"https:\/\/autostil.ba\/maloprodaja\/wp-json\/wp\/v2\/product_tag?post=793052254"}],"curies":[{"name":"wp","href":"https:\/\/api.w.org\/{rel}","templated":true}]}}