{"id":793052248,"date":"2025-09-05T10:38:58","date_gmt":"2025-09-05T08:38:58","guid":{"rendered":"https:\/\/autostil.ba\/maloprodaja\/?post_type=product&#038;p=793052248"},"modified":"2026-04-08T12:35:31","modified_gmt":"2026-04-08T10:35:31","slug":"nosac-za-bicikl-metalni-3-1-g3-montaza-na-kuku-2","status":"publish","type":"product","link":"https:\/\/autostil.ba\/maloprodaja\/proizvod\/14022\/nosac-za-bicikl-metalni-3-1-g3-montaza-na-kuku-2\/","title":{"rendered":"NOSA\u010c ZA BICIKL METALNI 3\/1 G3 (MONTA\u017dA NA KUKU)"},"content":{"rendered":"","protected":false},"excerpt":{"rendered":"<p><strong>Tehni\u010dki podaci:<\/strong><\/p>\n<pre id=\"tw-target-text\" class=\"tw-data-text tw-text-large tw-ta\" dir=\"ltr\" data-placeholder=\"Translation\" data-ved=\"2ahUKEwij8_WSkqmJAxVV2AIHHarxA9cQ3ewLegQIChAU\" aria-label=\"Translated text: Brzo i jednostavno za postavljanje i uklanjanje Savjeti za pristup pokretanju Fat bikes friendly Nosa\u010d okvira koji apsorbira udarce Preklapa se radi u\u0161tede prostora Sigurnosni remen pri\u010dvr\u0161\u0107en za nosa\u010d bicikla Za \u017eenske bicikle ili bicikle s nepravilnim oblikom okvira, pogledajte art\"><span class=\"Y2IQFc\" lang=\"bs\"> - Brzo i jednostavno za postavljanje i uklanjanje\r\n - Savjeti za pristup pokretanju\r\n - Fat bikes friendly\r\n - Nosa\u010d okvira koji apsorbira udarce\r\n - Preklapa se radi u\u0161tede prostora\r\n - Sigurnosni remen pri\u010dvr\u0161\u0107en za nosa\u010d bicikla\r\n<\/span> <span class=\"Y2IQFc\" lang=\"bs\">- Max. optere\u0107enje: 45 kg\r\n - Materijal: \u010delik\r\n - Max. presjek rama bicikla: 60 mm\r\n - Max. bicikla: 3\r\n - Dimenzije: Du\u017eina 85 cm, \u0161irina 33 cm, visina 55 cm\r\n - Te\u017eina: 6,6 kg<\/span><\/pre>\n<p>&nbsp;<\/p>\n","protected":false},"featured_media":793052249,"comment_status":"open","ping_status":"closed","template":"","meta":{"_acf_changed":false,"inline_featured_image":false},"product_brand":[],"product_cat":[910],"product_tag":[],"class_list":{"0":"post-793052248","1":"product","2":"type-product","3":"status-publish","4":"has-post-thumbnail","6":"product_cat-nosaci-za-bicikl","8":"first","9":"instock","10":"taxable","11":"shipping-taxable","12":"purchasable","13":"product-type-simple"},"acf":[],"custom_product_id":"14022","_links":{"self":[{"href":"https:\/\/autostil.ba\/maloprodaja\/wp-json\/wp\/v2\/product\/793052248","targetHints":{"allow":["GET"]}}],"collection":[{"href":"https:\/\/autostil.ba\/maloprodaja\/wp-json\/wp\/v2\/product"}],"about":[{"href":"https:\/\/autostil.ba\/maloprodaja\/wp-json\/wp\/v2\/types\/product"}],"replies":[{"embeddable":true,"href":"https:\/\/autostil.ba\/maloprodaja\/wp-json\/wp\/v2\/comments?post=793052248"}],"version-history":[{"count":2,"href":"https:\/\/autostil.ba\/maloprodaja\/wp-json\/wp\/v2\/product\/793052248\/revisions"}],"predecessor-version":[{"id":793052258,"href":"https:\/\/autostil.ba\/maloprodaja\/wp-json\/wp\/v2\/product\/793052248\/revisions\/793052258"}],"wp:featuredmedia":[{"embeddable":true,"href":"https:\/\/autostil.ba\/maloprodaja\/wp-json\/wp\/v2\/media\/793052249"}],"wp:attachment":[{"href":"https:\/\/autostil.ba\/maloprodaja\/wp-json\/wp\/v2\/media?parent=793052248"}],"wp:term":[{"taxonomy":"product_brand","embeddable":true,"href":"https:\/\/autostil.ba\/maloprodaja\/wp-json\/wp\/v2\/product_brand?post=793052248"},{"taxonomy":"product_cat","embeddable":true,"href":"https:\/\/autostil.ba\/maloprodaja\/wp-json\/wp\/v2\/product_cat?post=793052248"},{"taxonomy":"product_tag","embeddable":true,"href":"https:\/\/autostil.ba\/maloprodaja\/wp-json\/wp\/v2\/product_tag?post=793052248"}],"curies":[{"name":"wp","href":"https:\/\/api.w.org\/{rel}","templated":true}]}}