{"id":793051767,"date":"2025-06-07T11:06:12","date_gmt":"2025-06-07T09:06:12","guid":{"rendered":"https:\/\/autostil.ba\/maloprodaja\/?post_type=product&#038;p=793051767"},"modified":"2026-04-08T12:44:33","modified_gmt":"2026-04-08T10:44:33","slug":"podmetac-za-gepek-tipski-mg-ehs-2018-2024-rizline","status":"publish","type":"product","link":"https:\/\/autostil.ba\/maloprodaja\/proizvod\/14937\/podmetac-za-gepek-tipski-mg-ehs-2018-2024-rizline\/","title":{"rendered":"PODMETA\u010c ZA GEPEK TIPSKI MG EHS 2018-2024 (RIZLINE)"},"content":{"rendered":"","protected":false},"excerpt":{"rendered":"<p>Napravljen od ekolo\u0161kog, prirodnog materijala koji se mo\u017ee reciklirati. Izra\u0111en je od kvalitetno gmaterijala koji ima visoku izdr\u017eljivost od -50\u00b0C do +80\u00b0C i ne osloba\u0111a se sam. Proizvodi se od sirovina bez plastike. Dubina: 3 \u2013 5 cm. (razlikuje se u zavisnosti od modela vozila). Debljina: izme\u0111u 1,1-1,7 mm. Boja: crna. Zahvaljuju\u0107i \u010dvrstoj strukturi karoserije, otporan je na sun\u010devu svetlost, habanje, toplotu, hladno\u0107u i vodu. Zahvaljuju\u0107i izbo\u010denju barijere debljine pribli\u017eno 3 \u2013 5 cm na bo\u010dnim povr\u0161inama bazena za prtljag, spre\u010dava se izlazak vode, pra\u0161ine, blata itd. iz bazena za prtljag. Spre\u010dava kontaminaciju supstanci va\u0161eg vozila. Odr\u017eava prtlja\u017enik va\u0161eg vozila \u010distim i urednim. Ne stvrdnjava i ne puca na hladnom ili vru\u0107em vremenu. Zahvaljuju\u0107i mekom materijalu koji ne zahtijeva monta\u017eu, mo\u017eete ga smjestiti u svoj prtljag za 10 sekundi. Prakti\u010dno i lako se pere i brzo se su\u0161i. Svojim elegantnim dizajnom dodaje estetiku prtlja\u017eniku va\u0161eg vozila. To je proizvod za li\u010dnu primenu koji ne zahteva profesionalnost.<\/p>\n","protected":false},"featured_media":793051769,"comment_status":"open","ping_status":"closed","template":"","meta":{"_acf_changed":false,"inline_featured_image":false},"product_brand":[],"product_cat":[161],"product_tag":[],"class_list":{"0":"post-793051767","1":"product","2":"type-product","3":"status-publish","4":"has-post-thumbnail","6":"product_cat-podmetaci-za-gepek-tipski","8":"first","9":"instock","10":"taxable","11":"shipping-taxable","12":"purchasable","13":"product-type-simple"},"acf":[],"custom_product_id":"14937","_links":{"self":[{"href":"https:\/\/autostil.ba\/maloprodaja\/wp-json\/wp\/v2\/product\/793051767","targetHints":{"allow":["GET"]}}],"collection":[{"href":"https:\/\/autostil.ba\/maloprodaja\/wp-json\/wp\/v2\/product"}],"about":[{"href":"https:\/\/autostil.ba\/maloprodaja\/wp-json\/wp\/v2\/types\/product"}],"replies":[{"embeddable":true,"href":"https:\/\/autostil.ba\/maloprodaja\/wp-json\/wp\/v2\/comments?post=793051767"}],"version-history":[{"count":1,"href":"https:\/\/autostil.ba\/maloprodaja\/wp-json\/wp\/v2\/product\/793051767\/revisions"}],"predecessor-version":[{"id":793051768,"href":"https:\/\/autostil.ba\/maloprodaja\/wp-json\/wp\/v2\/product\/793051767\/revisions\/793051768"}],"wp:featuredmedia":[{"embeddable":true,"href":"https:\/\/autostil.ba\/maloprodaja\/wp-json\/wp\/v2\/media\/793051769"}],"wp:attachment":[{"href":"https:\/\/autostil.ba\/maloprodaja\/wp-json\/wp\/v2\/media?parent=793051767"}],"wp:term":[{"taxonomy":"product_brand","embeddable":true,"href":"https:\/\/autostil.ba\/maloprodaja\/wp-json\/wp\/v2\/product_brand?post=793051767"},{"taxonomy":"product_cat","embeddable":true,"href":"https:\/\/autostil.ba\/maloprodaja\/wp-json\/wp\/v2\/product_cat?post=793051767"},{"taxonomy":"product_tag","embeddable":true,"href":"https:\/\/autostil.ba\/maloprodaja\/wp-json\/wp\/v2\/product_tag?post=793051767"}],"curies":[{"name":"wp","href":"https:\/\/api.w.org\/{rel}","templated":true}]}}