{"id":793051697,"date":"2025-06-05T09:40:48","date_gmt":"2025-06-05T07:40:48","guid":{"rendered":"https:\/\/autostil.ba\/maloprodaja\/?post_type=product&#038;p=793051697"},"modified":"2026-04-08T12:44:16","modified_gmt":"2026-04-08T10:44:16","slug":"kopca-tapacirunga-i-unutrasnjih-lajsni-bmw-e46-e65-e66","status":"publish","type":"product","link":"https:\/\/autostil.ba\/maloprodaja\/proizvod\/14912\/kopca-tapacirunga-i-unutrasnjih-lajsni-bmw-e46-e65-e66\/","title":{"rendered":"KOP\u010cA TAPACIRUNGA I UNUTRA\u0160NJIH LAJSNI BMW E46, E65, E66"},"content":{"rendered":"","protected":false},"excerpt":{"rendered":"<p>KOP\u010cA TAPACIRUNGA I UNUTRA\u0160NJIH LAJSNI BMW E46, E65, E66&#8230;<\/p>\n<p>OEM: 51458266814<\/p>\n","protected":false},"featured_media":793051699,"comment_status":"open","ping_status":"closed","template":"","meta":{"_acf_changed":false,"inline_featured_image":false},"product_brand":[],"product_cat":[24],"product_tag":[],"class_list":{"0":"post-793051697","1":"product","2":"type-product","3":"status-publish","4":"has-post-thumbnail","6":"product_cat-kopce-vijci-cepovi","8":"first","9":"instock","10":"taxable","11":"shipping-taxable","12":"purchasable","13":"product-type-simple"},"acf":[],"custom_product_id":"14912","_links":{"self":[{"href":"https:\/\/autostil.ba\/maloprodaja\/wp-json\/wp\/v2\/product\/793051697","targetHints":{"allow":["GET"]}}],"collection":[{"href":"https:\/\/autostil.ba\/maloprodaja\/wp-json\/wp\/v2\/product"}],"about":[{"href":"https:\/\/autostil.ba\/maloprodaja\/wp-json\/wp\/v2\/types\/product"}],"replies":[{"embeddable":true,"href":"https:\/\/autostil.ba\/maloprodaja\/wp-json\/wp\/v2\/comments?post=793051697"}],"version-history":[{"count":1,"href":"https:\/\/autostil.ba\/maloprodaja\/wp-json\/wp\/v2\/product\/793051697\/revisions"}],"predecessor-version":[{"id":793051698,"href":"https:\/\/autostil.ba\/maloprodaja\/wp-json\/wp\/v2\/product\/793051697\/revisions\/793051698"}],"wp:featuredmedia":[{"embeddable":true,"href":"https:\/\/autostil.ba\/maloprodaja\/wp-json\/wp\/v2\/media\/793051699"}],"wp:attachment":[{"href":"https:\/\/autostil.ba\/maloprodaja\/wp-json\/wp\/v2\/media?parent=793051697"}],"wp:term":[{"taxonomy":"product_brand","embeddable":true,"href":"https:\/\/autostil.ba\/maloprodaja\/wp-json\/wp\/v2\/product_brand?post=793051697"},{"taxonomy":"product_cat","embeddable":true,"href":"https:\/\/autostil.ba\/maloprodaja\/wp-json\/wp\/v2\/product_cat?post=793051697"},{"taxonomy":"product_tag","embeddable":true,"href":"https:\/\/autostil.ba\/maloprodaja\/wp-json\/wp\/v2\/product_tag?post=793051697"}],"curies":[{"name":"wp","href":"https:\/\/api.w.org\/{rel}","templated":true}]}}