{"id":793051552,"date":"2025-09-12T12:13:30","date_gmt":"2025-09-12T10:13:30","guid":{"rendered":"https:\/\/autostil.ba\/maloprodaja\/?post_type=product&#038;p=793051552"},"modified":"2026-04-08T12:43:57","modified_gmt":"2026-04-08T10:43:57","slug":"sonax-set-za-poliranje-farova","status":"publish","type":"product","link":"https:\/\/autostil.ba\/maloprodaja\/proizvod\/14880\/sonax-set-za-poliranje-farova\/","title":{"rendered":"SONAX SET ZA POLIRANJE FAROVA"},"content":{"rendered":"","protected":false},"excerpt":{"rendered":"<p><strong>Opis proizvoda:<\/strong><\/p>\n<p>Polira po\u017eutjele i matirane plasti\u010dne farove. Dihta i \u0161titi tretirane povr\u0161ine. Isplativ set za ru\u010dnu obnovu od starosti po\u017eutjele i matirane plastike prednjih svjetala. U dva koraka potamnjele i bla\u017ee ogrebene povr\u0161ine su uklonjene i za\u0161ti\u0107ene od ponovnog o\u0161te\u0107enja. Sredstvo vra\u0107a farovima originalnu prozirnost. Sa za\u0161titnim krpicama. Dovoljno za 2 aplikacije na 2 fara.<\/p>\n","protected":false},"featured_media":793051554,"comment_status":"open","ping_status":"closed","template":"","meta":{"_acf_changed":false,"inline_featured_image":false},"product_brand":[],"product_cat":[97],"product_tag":[],"class_list":{"0":"post-793051552","1":"product","2":"type-product","3":"status-publish","4":"has-post-thumbnail","6":"product_cat-program-za-poliranje-vozila","8":"first","9":"instock","10":"taxable","11":"shipping-taxable","12":"purchasable","13":"product-type-simple"},"acf":[],"custom_product_id":"14880","_links":{"self":[{"href":"https:\/\/autostil.ba\/maloprodaja\/wp-json\/wp\/v2\/product\/793051552","targetHints":{"allow":["GET"]}}],"collection":[{"href":"https:\/\/autostil.ba\/maloprodaja\/wp-json\/wp\/v2\/product"}],"about":[{"href":"https:\/\/autostil.ba\/maloprodaja\/wp-json\/wp\/v2\/types\/product"}],"replies":[{"embeddable":true,"href":"https:\/\/autostil.ba\/maloprodaja\/wp-json\/wp\/v2\/comments?post=793051552"}],"version-history":[{"count":1,"href":"https:\/\/autostil.ba\/maloprodaja\/wp-json\/wp\/v2\/product\/793051552\/revisions"}],"predecessor-version":[{"id":793051553,"href":"https:\/\/autostil.ba\/maloprodaja\/wp-json\/wp\/v2\/product\/793051552\/revisions\/793051553"}],"wp:featuredmedia":[{"embeddable":true,"href":"https:\/\/autostil.ba\/maloprodaja\/wp-json\/wp\/v2\/media\/793051554"}],"wp:attachment":[{"href":"https:\/\/autostil.ba\/maloprodaja\/wp-json\/wp\/v2\/media?parent=793051552"}],"wp:term":[{"taxonomy":"product_brand","embeddable":true,"href":"https:\/\/autostil.ba\/maloprodaja\/wp-json\/wp\/v2\/product_brand?post=793051552"},{"taxonomy":"product_cat","embeddable":true,"href":"https:\/\/autostil.ba\/maloprodaja\/wp-json\/wp\/v2\/product_cat?post=793051552"},{"taxonomy":"product_tag","embeddable":true,"href":"https:\/\/autostil.ba\/maloprodaja\/wp-json\/wp\/v2\/product_tag?post=793051552"}],"curies":[{"name":"wp","href":"https:\/\/api.w.org\/{rel}","templated":true}]}}