{"id":793051549,"date":"2025-11-25T13:50:19","date_gmt":"2025-11-25T11:50:19","guid":{"rendered":"https:\/\/autostil.ba\/maloprodaja\/?post_type=product&#038;p=793051549"},"modified":"2026-04-08T12:43:57","modified_gmt":"2026-04-08T10:43:57","slug":"sonax-losion-za-plastiku-xtreme","status":"publish","type":"product","link":"https:\/\/autostil.ba\/maloprodaja\/proizvod\/14881\/sonax-losion-za-plastiku-xtreme\/","title":{"rendered":"SONAX LOSION ZA PLASTIKU XTREME"},"content":{"rendered":"","protected":false},"excerpt":{"rendered":"<p><strong>Opis proizvoda:<\/strong><\/p>\n<p>\u010cisti, odr\u017eava, \u0161titi i regenerira sve plasti\u010dne dijelove i<br \/>\nosigurava suptilan sjaj i intenzivno osvje\u017eavanje boja.<br \/>\nU unutra\u0161njosti za \u010di\u0161\u0107enje i odr\u017eavanje svih plasti\u010dnih<br \/>\ndijelova (npr. Kokpit, plo\u010de vrata, nadzorna plo\u010da,<br \/>\nsredi\u0161nja konzola, plo\u010de sjedala itd.). Jednostavno<br \/>\nnano\u0161enje bez sjaja, osigurava sjajne povr\u0161ine i<br \/>\nintenzivnu svje\u017einu boja. Izvana obnavlja, \u0161titi i<br \/>\n\u010duva sve neobojene plasti\u010dne dijelove.<br \/>\nU motornom prostoru, brzo i jednostavno rje\u0161enje<br \/>\nomogu\u0107uje da plasti\u010dni dijelovi sjaje i<br \/>\nza\u0161tite nakon \u010di\u0161\u0107enja.<\/p>\n","protected":false},"featured_media":793051551,"comment_status":"open","ping_status":"closed","template":"","meta":{"_acf_changed":false,"inline_featured_image":false},"product_brand":[],"product_cat":[164],"product_tag":[],"class_list":{"0":"post-793051549","1":"product","2":"type-product","3":"status-publish","4":"has-post-thumbnail","6":"product_cat-car-detailing","8":"first","9":"instock","10":"taxable","11":"shipping-taxable","12":"purchasable","13":"product-type-simple"},"acf":[],"custom_product_id":"14881","_links":{"self":[{"href":"https:\/\/autostil.ba\/maloprodaja\/wp-json\/wp\/v2\/product\/793051549","targetHints":{"allow":["GET"]}}],"collection":[{"href":"https:\/\/autostil.ba\/maloprodaja\/wp-json\/wp\/v2\/product"}],"about":[{"href":"https:\/\/autostil.ba\/maloprodaja\/wp-json\/wp\/v2\/types\/product"}],"replies":[{"embeddable":true,"href":"https:\/\/autostil.ba\/maloprodaja\/wp-json\/wp\/v2\/comments?post=793051549"}],"version-history":[{"count":1,"href":"https:\/\/autostil.ba\/maloprodaja\/wp-json\/wp\/v2\/product\/793051549\/revisions"}],"predecessor-version":[{"id":793051550,"href":"https:\/\/autostil.ba\/maloprodaja\/wp-json\/wp\/v2\/product\/793051549\/revisions\/793051550"}],"wp:featuredmedia":[{"embeddable":true,"href":"https:\/\/autostil.ba\/maloprodaja\/wp-json\/wp\/v2\/media\/793051551"}],"wp:attachment":[{"href":"https:\/\/autostil.ba\/maloprodaja\/wp-json\/wp\/v2\/media?parent=793051549"}],"wp:term":[{"taxonomy":"product_brand","embeddable":true,"href":"https:\/\/autostil.ba\/maloprodaja\/wp-json\/wp\/v2\/product_brand?post=793051549"},{"taxonomy":"product_cat","embeddable":true,"href":"https:\/\/autostil.ba\/maloprodaja\/wp-json\/wp\/v2\/product_cat?post=793051549"},{"taxonomy":"product_tag","embeddable":true,"href":"https:\/\/autostil.ba\/maloprodaja\/wp-json\/wp\/v2\/product_tag?post=793051549"}],"curies":[{"name":"wp","href":"https:\/\/api.w.org\/{rel}","templated":true}]}}