{"id":793051531,"date":"2025-05-29T10:35:53","date_gmt":"2025-05-29T08:35:53","guid":{"rendered":"https:\/\/autostil.ba\/maloprodaja\/?post_type=product&#038;p=793051531"},"modified":"2026-04-08T12:43:51","modified_gmt":"2026-04-08T10:43:51","slug":"parking-senzori-crni-sa-3d-displejem-4-senzora-amio","status":"publish","type":"product","link":"https:\/\/autostil.ba\/maloprodaja\/proizvod\/14864\/parking-senzori-crni-sa-3d-displejem-4-senzora-amio\/","title":{"rendered":"PARKING SENZORI CRNI SA 3D DISPLEJEM (4 SENZORA) AMIO"},"content":{"rendered":"","protected":false},"excerpt":{"rendered":"<p><strong>Opis proizvoda:<\/strong><\/p>\n<p>Sistem za pomo\u0107 pri parkiranju je ure\u0111aj koji podr\u017eava parkiranje i vo\u017enju automobila unazad. Radi na principu sonara \u2013 emituje ultrazvu\u010dne talase koji nam omogu\u0107avaju, nakon refleksije od prepreke, da zaklju\u010dimo koja je udaljenost izme\u0111u automobila i prepreke. U trenutku povla\u010denja, ure\u0111aj ispravno detektuje prepreke i upozorava voza\u010da.<\/p>\n<p><strong>Specifikacije ure\u0111aja:<\/strong><\/p>\n<p>&#8211; Napajanje 12V DC<br \/>\n&#8211; Potro\u0161nja energije &lt;4W<br \/>\n&#8211; Radna frekvencija: 40KHz<br \/>\n&#8211; Radna temperatura ure\u0111aja -30\u00b0C do +55\u00b0C<br \/>\n&#8211; Detekcija prepreka 2,5 &#8211; 0,3m<br \/>\n&#8211; Gre\u0161ka mjerenja +\/- 5cm<br \/>\n&#8211; Otvor za monta\u017eu 18mm<br \/>\n&#8211; Vanjski promjer senzora 20mm<br \/>\n&#8211; Du\u017eina kabla senzora 2,2m<br \/>\n&#8211; Du\u017eina kabla od displeja 5m<\/p>\n<p><strong>Set sadr\u017ei:<\/strong><\/p>\n<p>&#8211; kontrolna jedinica<br \/>\n&#8211; displej<br \/>\n&#8211; 4 crna senzora<br \/>\n&#8211; o\u017ei\u010denje<br \/>\n&#8211; bu\u0161ilica za monta\u017eu<br \/>\n&#8211; uputstvo za upotrebu<\/p>\n","protected":false},"featured_media":793051533,"comment_status":"open","ping_status":"closed","template":"","meta":{"_acf_changed":false,"inline_featured_image":false},"product_brand":[],"product_cat":[137],"product_tag":[],"class_list":{"0":"post-793051531","1":"product","2":"type-product","3":"status-publish","4":"has-post-thumbnail","6":"product_cat-parking-senzori","8":"first","9":"instock","10":"taxable","11":"shipping-taxable","12":"purchasable","13":"product-type-simple"},"acf":[],"custom_product_id":"14864","_links":{"self":[{"href":"https:\/\/autostil.ba\/maloprodaja\/wp-json\/wp\/v2\/product\/793051531","targetHints":{"allow":["GET"]}}],"collection":[{"href":"https:\/\/autostil.ba\/maloprodaja\/wp-json\/wp\/v2\/product"}],"about":[{"href":"https:\/\/autostil.ba\/maloprodaja\/wp-json\/wp\/v2\/types\/product"}],"replies":[{"embeddable":true,"href":"https:\/\/autostil.ba\/maloprodaja\/wp-json\/wp\/v2\/comments?post=793051531"}],"version-history":[{"count":1,"href":"https:\/\/autostil.ba\/maloprodaja\/wp-json\/wp\/v2\/product\/793051531\/revisions"}],"predecessor-version":[{"id":793051532,"href":"https:\/\/autostil.ba\/maloprodaja\/wp-json\/wp\/v2\/product\/793051531\/revisions\/793051532"}],"wp:featuredmedia":[{"embeddable":true,"href":"https:\/\/autostil.ba\/maloprodaja\/wp-json\/wp\/v2\/media\/793051533"}],"wp:attachment":[{"href":"https:\/\/autostil.ba\/maloprodaja\/wp-json\/wp\/v2\/media?parent=793051531"}],"wp:term":[{"taxonomy":"product_brand","embeddable":true,"href":"https:\/\/autostil.ba\/maloprodaja\/wp-json\/wp\/v2\/product_brand?post=793051531"},{"taxonomy":"product_cat","embeddable":true,"href":"https:\/\/autostil.ba\/maloprodaja\/wp-json\/wp\/v2\/product_cat?post=793051531"},{"taxonomy":"product_tag","embeddable":true,"href":"https:\/\/autostil.ba\/maloprodaja\/wp-json\/wp\/v2\/product_tag?post=793051531"}],"curies":[{"name":"wp","href":"https:\/\/api.w.org\/{rel}","templated":true}]}}