{"id":793051525,"date":"2026-03-20T13:52:21","date_gmt":"2026-03-20T11:52:21","guid":{"rendered":"https:\/\/autostil.ba\/maloprodaja\/?post_type=product&#038;p=793051525"},"modified":"2026-04-08T12:43:51","modified_gmt":"2026-04-08T10:43:51","slug":"parking-senzori-crni-przd-sa-3d-displejem-8-senzora-amio","status":"publish","type":"product","link":"https:\/\/autostil.ba\/maloprodaja\/proizvod\/14866\/parking-senzori-crni-przd-sa-3d-displejem-8-senzora-amio\/","title":{"rendered":"PARKING SENZORI CRNI PR+ZD SA 3D DISPLEJEM (8 SENZORA) AMIO"},"content":{"rendered":"","protected":false},"excerpt":{"rendered":"<p><strong>Opis proizvoda:<\/strong><\/p>\n<p>Sistem za pomo\u0107 pri parkiranju je ure\u0111aj koji podr\u017eava parkiranje i vo\u017enju automobila unazad. Radi na principu sonara \u2013 emituje ultrazvu\u010dne talase koji nam omogu\u0107avaju, nakon refleksije od prepreke, da zaklju\u010dimo koja je udaljenost izme\u0111u automobila i prepreke. U trenutku povla\u010denja, ure\u0111aj ispravno detektuje prepreke i upozorava voza\u010da.<\/p>\n<p><strong>Specifikacije ure\u0111aja:<\/strong><\/p>\n<p>\u2013 Napajanje 12V DC<br \/>\n\u2013 Radna frekvencija: 40KHz<br \/>\n\u2013 Radna temperatura ure\u0111aja -30\u00b0C do +55\u00b0C<br \/>\n\u2013 Detekcija prepreka 2,5 \u2013 0,3m<br \/>\n\u2013 Gre\u0161ka mjerenja +\/- 5cm<br \/>\n\u2013 Du\u017eina kabla senzora 2,2m<br \/>\n\u2013 Du\u017eina kabla od displeja 5m<\/p>\n<p><strong>Set sadr\u017ei:<\/strong><\/p>\n<p>\u2013 kontrolna jedinica<br \/>\n\u2013 3D displej<br \/>\n\u2013 8 crnih senzora 18mm<br \/>\n\u2013 o\u017ei\u010denje<br \/>\n\u2013 bu\u0161ilica za monta\u017eu<br \/>\n\u2013 uputstvo za upotrebu<\/p>\n","protected":false},"featured_media":793051527,"comment_status":"open","ping_status":"closed","template":"","meta":{"_acf_changed":false,"inline_featured_image":false},"product_brand":[],"product_cat":[137],"product_tag":[],"class_list":{"0":"post-793051525","1":"product","2":"type-product","3":"status-publish","4":"has-post-thumbnail","6":"product_cat-parking-senzori","8":"first","9":"instock","10":"taxable","11":"shipping-taxable","12":"purchasable","13":"product-type-simple"},"acf":[],"custom_product_id":"14866","_links":{"self":[{"href":"https:\/\/autostil.ba\/maloprodaja\/wp-json\/wp\/v2\/product\/793051525","targetHints":{"allow":["GET"]}}],"collection":[{"href":"https:\/\/autostil.ba\/maloprodaja\/wp-json\/wp\/v2\/product"}],"about":[{"href":"https:\/\/autostil.ba\/maloprodaja\/wp-json\/wp\/v2\/types\/product"}],"replies":[{"embeddable":true,"href":"https:\/\/autostil.ba\/maloprodaja\/wp-json\/wp\/v2\/comments?post=793051525"}],"version-history":[{"count":1,"href":"https:\/\/autostil.ba\/maloprodaja\/wp-json\/wp\/v2\/product\/793051525\/revisions"}],"predecessor-version":[{"id":793051526,"href":"https:\/\/autostil.ba\/maloprodaja\/wp-json\/wp\/v2\/product\/793051525\/revisions\/793051526"}],"wp:featuredmedia":[{"embeddable":true,"href":"https:\/\/autostil.ba\/maloprodaja\/wp-json\/wp\/v2\/media\/793051527"}],"wp:attachment":[{"href":"https:\/\/autostil.ba\/maloprodaja\/wp-json\/wp\/v2\/media?parent=793051525"}],"wp:term":[{"taxonomy":"product_brand","embeddable":true,"href":"https:\/\/autostil.ba\/maloprodaja\/wp-json\/wp\/v2\/product_brand?post=793051525"},{"taxonomy":"product_cat","embeddable":true,"href":"https:\/\/autostil.ba\/maloprodaja\/wp-json\/wp\/v2\/product_cat?post=793051525"},{"taxonomy":"product_tag","embeddable":true,"href":"https:\/\/autostil.ba\/maloprodaja\/wp-json\/wp\/v2\/product_tag?post=793051525"}],"curies":[{"name":"wp","href":"https:\/\/api.w.org\/{rel}","templated":true}]}}