{"id":793051510,"date":"2025-05-29T13:38:24","date_gmt":"2025-05-29T11:38:24","guid":{"rendered":"https:\/\/autostil.ba\/maloprodaja\/?post_type=product&#038;p=793051510"},"modified":"2026-04-08T12:43:51","modified_gmt":"2026-04-08T10:43:51","slug":"sijalice-cree-led-12v-h7-h18-6000k-40w-canbus-bez-kabla-amio","status":"publish","type":"product","link":"https:\/\/autostil.ba\/maloprodaja\/proizvod\/14871\/sijalice-cree-led-12v-h7-h18-6000k-40w-canbus-bez-kabla-amio\/","title":{"rendered":"SIJALICE CREE LED 12V H7\/H18 6000K 40W CANBUS (BEZ BALASTA) AMIO"},"content":{"rendered":"","protected":false},"excerpt":{"rendered":"<p><strong>Opis proizvoda:<\/strong><\/p>\n<p>AMiO X5 WINGER LED sijalice savr\u0161eno uskla\u0111ene 1 na 1.<\/p>\n<p>Veli\u010dina je ista kao i kod standardne sijalice. Zamjena za H7 H18 sijalicu<\/p>\n<p>Savr\u0161eno uskla\u0111en model &#8211; zaboravite na probleme s instalacijom, modifikacije, nezape\u010da\u0107ene farove koji se zaparavaju, obrezivanje ku\u0107i\u0161ta i adaptere.<\/p>\n<p>Konstrukcija koristi materijale poput aluminija i bakra, pru\u017ea izuzetan vijek trajanja i efikasno odvo\u0111enje topline<\/p>\n<p>Optimalna geometrija i polo\u017eaj dioda za postavljanje potrebne granice svjetla i maksimalnu svjetlinu.<\/p>\n<p>Odli\u010dan dizajn, omogu\u0107ava instalaciju gdje god klasi\u010dni LED retrofitovi s hladnjakom ne odgovaraju. Idealno za lentikularne i tradicionalne farove. Nema IR i UV emisija &#8211; ne spaljuju reflektore<\/p>\n<p><strong>Parametri:<\/strong><\/p>\n<p>Ugra\u0111eni CANBUS dekoder u 95% automobila ne uzrokuje gre\u0161ku pregorene sijalice<br \/>\nBoja svjetla Xenon bijela 6000K<br \/>\nSnaga 40W kompletna<br \/>\nHla\u0111enje sijalice je bazirano na elektronskom ventilatoru i bakarnoj jezgri.<br \/>\nVeli\u010dina identi\u010dna tradicionalnoj volframovoj sijalici<br \/>\nNapon 11-18V<br \/>\nVijek trajanja dioda je 50000h<br \/>\nIzvor svjetlosti 3570 CSP LED dioda<br \/>\nIntenzitet svjetlosti seta sijalica 3580LM<br \/>\nSijalice ne ometaju FM\/CB radio prijem<br \/>\nPolo\u017eaj LED dioda je ta\u010dno na istom mjestu kao i nit u tradicionalnoj sijalici sa \u017earnom niti &#8211; parametri poput geometrije i linije ograni\u010denja svjetlosti ostaju nepromijenjeni.<\/p>\n<p>Svjetlosni izlaz seta je nekoliko puta ja\u010di od tradicionalnog halogenog seta.<\/p>\n<p>Sijalice imaju CHIP LED 3570 CSP, koje pru\u017eaju vrlo jak svjetlosni izlaz, \u0161to ih \u010dini nenadma\u0161nim u odnosu na tradicionalne volframove ili ksenonske sijalice sa \u017earnom niti. Njihovo precizno postavljanje ne zasljepljuje voza\u010de koji dolaze iz suprotnog smjera.<\/p>\n<p>Sijalice nemaju polarizaciju. To zna\u010di da svijetle u bilo kojem polo\u017eaju, bez obzira na +\/- raspored u automobilu.<\/p>\n<p>Uprkos naprednoj tehnologiji, instalacija je trivijalno jednostavna &#8211; instalirate je umjesto stare sijalice.<\/p>\n<p>Kako bi se osigurao dugotrajan rad bez problema, proizvo\u0111a\u010d je ugradio bakrenu jezgru, koja je odli\u010dna za sakupljanje toplote, a odmah iza nje je postavio ventilator koji hladi doti\u010dnu jezgru.<\/p>\n<p>Retroaktivne LED diode, zbog svojih razli\u010ditih karakteristika struje i napona, mogu uzrokovati prikaz takozvane gre\u0161ke pregorele sijalice kod nekih modela automobila. Canbus sistem pokriva 95% vozila i, na\u017ealost, ne radi uvijek savr\u0161eno. Ako je va\u0161e vozilo opremljeno rigoroznom kontrolom promjene osvjetljenja, preporu\u010dujemo ugradnju dodatnih Canbus otpornika ili kupovinu sijalica pune Canbus serije.<\/p>\n","protected":false},"featured_media":793051512,"comment_status":"open","ping_status":"closed","template":"","meta":{"_acf_changed":false,"inline_featured_image":false},"product_brand":[],"product_cat":[90],"product_tag":[],"class_list":{"0":"post-793051510","1":"product","2":"type-product","3":"status-publish","4":"has-post-thumbnail","6":"product_cat-sijalice-led-diode","8":"first","9":"instock","10":"taxable","11":"shipping-taxable","12":"purchasable","13":"product-type-simple"},"acf":[],"custom_product_id":"14871","_links":{"self":[{"href":"https:\/\/autostil.ba\/maloprodaja\/wp-json\/wp\/v2\/product\/793051510","targetHints":{"allow":["GET"]}}],"collection":[{"href":"https:\/\/autostil.ba\/maloprodaja\/wp-json\/wp\/v2\/product"}],"about":[{"href":"https:\/\/autostil.ba\/maloprodaja\/wp-json\/wp\/v2\/types\/product"}],"replies":[{"embeddable":true,"href":"https:\/\/autostil.ba\/maloprodaja\/wp-json\/wp\/v2\/comments?post=793051510"}],"version-history":[{"count":2,"href":"https:\/\/autostil.ba\/maloprodaja\/wp-json\/wp\/v2\/product\/793051510\/revisions"}],"predecessor-version":[{"id":793052124,"href":"https:\/\/autostil.ba\/maloprodaja\/wp-json\/wp\/v2\/product\/793051510\/revisions\/793052124"}],"wp:featuredmedia":[{"embeddable":true,"href":"https:\/\/autostil.ba\/maloprodaja\/wp-json\/wp\/v2\/media\/793051512"}],"wp:attachment":[{"href":"https:\/\/autostil.ba\/maloprodaja\/wp-json\/wp\/v2\/media?parent=793051510"}],"wp:term":[{"taxonomy":"product_brand","embeddable":true,"href":"https:\/\/autostil.ba\/maloprodaja\/wp-json\/wp\/v2\/product_brand?post=793051510"},{"taxonomy":"product_cat","embeddable":true,"href":"https:\/\/autostil.ba\/maloprodaja\/wp-json\/wp\/v2\/product_cat?post=793051510"},{"taxonomy":"product_tag","embeddable":true,"href":"https:\/\/autostil.ba\/maloprodaja\/wp-json\/wp\/v2\/product_tag?post=793051510"}],"curies":[{"name":"wp","href":"https:\/\/api.w.org\/{rel}","templated":true}]}}