{"id":793051504,"date":"2026-03-20T13:51:24","date_gmt":"2026-03-20T11:51:24","guid":{"rendered":"https:\/\/autostil.ba\/maloprodaja\/?post_type=product&#038;p=793051504"},"modified":"2026-04-08T12:43:51","modified_gmt":"2026-04-08T10:43:51","slug":"nosac-mobitela-rotirajuci-360-za-bicikl-motocikl-amio","status":"publish","type":"product","link":"https:\/\/autostil.ba\/maloprodaja\/proizvod\/14872\/nosac-mobitela-rotirajuci-360-za-bicikl-motocikl-amio\/","title":{"rendered":"NOSA\u010c MOBITELA ROTIRAJU\u0106I 360\u00b0 ZA BICIKL\/MOTOCIKL AMIO"},"content":{"rendered":"","protected":false},"excerpt":{"rendered":"<p><strong>Opis proizvoda:<\/strong><\/p>\n<p>Ovaj okretni dr\u017ea\u010d za telefon idealan je za one koji koriste bicikle, motocikle, skutere i motore. Zahvaljuju\u0107i funkciji okretanja od 360\u00b0 i \u010dvrstom nosa\u010du, va\u0161 telefon uvijek ostaje na vidiku, pru\u017eaju\u0107i siguran pristup navigaciji, muzici ili sportskim aplikacijama. Pri\u010dvr\u0161\u0107ivanje za upravlja\u010d je sigurno i izdr\u017eljivo, a jednostavno pode\u0161avanje rukohvata omogu\u0107ava vam pode\u0161avanje ugla gledanja za maksimalnu udobnost.<\/p>\n<p>Okretna glava od 360\u00b0: Omogu\u0107ava vam da postavite telefon pod bilo kojim uglom za prakti\u010dno kori\u0161tenje tokom vo\u017enje.<br \/>\nUniverzalno pristajanje: Odgovara ve\u0107ini modela pametnih telefona i kompatibilan je s biciklima, motociklima, skuterima i motorima.<br \/>\n\u010cvrsto pristajanje: Odr\u017eava va\u0161 telefon stabilnim \u010dak i na neravnim stazama.<br \/>\nJednostavna instalacija: Brza instalacija bez potrebe za alatima, idealno za bilo koji upravlja\u010d.<br \/>\nIzdr\u017eljiva konstrukcija: Otporan na udarce i vremenske uvjete, garantuje pouzdanost u svim okolnostima.<\/p>\n<p>Ovaj dr\u017ea\u010d za telefon je savr\u0161eno rje\u0161enje za ljude koji cijene udobnost i sigurnost tokom vo\u017enje. Idealan za svakodnevna putovanja i duga, sportska putovanja!<\/p>\n","protected":false},"featured_media":793051506,"comment_status":"open","ping_status":"closed","template":"","meta":{"_acf_changed":false,"inline_featured_image":false},"product_brand":[],"product_cat":[105],"product_tag":[],"class_list":{"0":"post-793051504","1":"product","2":"type-product","3":"status-publish","4":"has-post-thumbnail","6":"product_cat-nosaci-mobitela-tableta-navigacije","8":"first","9":"instock","10":"taxable","11":"shipping-taxable","12":"purchasable","13":"product-type-simple"},"acf":[],"custom_product_id":"14872","_links":{"self":[{"href":"https:\/\/autostil.ba\/maloprodaja\/wp-json\/wp\/v2\/product\/793051504","targetHints":{"allow":["GET"]}}],"collection":[{"href":"https:\/\/autostil.ba\/maloprodaja\/wp-json\/wp\/v2\/product"}],"about":[{"href":"https:\/\/autostil.ba\/maloprodaja\/wp-json\/wp\/v2\/types\/product"}],"replies":[{"embeddable":true,"href":"https:\/\/autostil.ba\/maloprodaja\/wp-json\/wp\/v2\/comments?post=793051504"}],"version-history":[{"count":1,"href":"https:\/\/autostil.ba\/maloprodaja\/wp-json\/wp\/v2\/product\/793051504\/revisions"}],"predecessor-version":[{"id":793051505,"href":"https:\/\/autostil.ba\/maloprodaja\/wp-json\/wp\/v2\/product\/793051504\/revisions\/793051505"}],"wp:featuredmedia":[{"embeddable":true,"href":"https:\/\/autostil.ba\/maloprodaja\/wp-json\/wp\/v2\/media\/793051506"}],"wp:attachment":[{"href":"https:\/\/autostil.ba\/maloprodaja\/wp-json\/wp\/v2\/media?parent=793051504"}],"wp:term":[{"taxonomy":"product_brand","embeddable":true,"href":"https:\/\/autostil.ba\/maloprodaja\/wp-json\/wp\/v2\/product_brand?post=793051504"},{"taxonomy":"product_cat","embeddable":true,"href":"https:\/\/autostil.ba\/maloprodaja\/wp-json\/wp\/v2\/product_cat?post=793051504"},{"taxonomy":"product_tag","embeddable":true,"href":"https:\/\/autostil.ba\/maloprodaja\/wp-json\/wp\/v2\/product_tag?post=793051504"}],"curies":[{"name":"wp","href":"https:\/\/api.w.org\/{rel}","templated":true}]}}