{"id":793051470,"date":"2025-11-11T14:55:03","date_gmt":"2025-11-11T12:55:03","guid":{"rendered":"https:\/\/autostil.ba\/maloprodaja\/?post_type=product&#038;p=793051470"},"modified":"2026-04-08T12:43:45","modified_gmt":"2026-04-08T10:43:45","slug":"parking-senzori-sivi-sa-displejem-4-senzora-amio","status":"publish","type":"product","link":"https:\/\/autostil.ba\/maloprodaja\/proizvod\/14860\/parking-senzori-sivi-sa-displejem-4-senzora-amio\/","title":{"rendered":"PARKING SENZORI SIVI SA DISPLEJEM (4 SENZORA) AMIO"},"content":{"rendered":"","protected":false},"excerpt":{"rendered":"<p><strong>Opis proizvoda:<\/strong><\/p>\n<p>Sistem za pomo\u0107 pri parkiranju je ure\u0111aj koji podr\u017eava parkiranje i vo\u017enju automobila unazad. Radi na principu sonara &#8211; emituje ultrazvu\u010dne talase koji nam omogu\u0107avaju, nakon refleksije od prepreke, da zaklju\u010dimo koja je udaljenost izme\u0111u automobila i prepreke. U trenutku povla\u010denja, ure\u0111aj ispravno detektuje prepreke i upozorava voza\u010da.<\/p>\n<p>LED indikator pokazuje udaljenost do prepreke sa ta\u010dno\u0161\u0107u od desetinki metra. Interno ima zvu\u010dni indikator koji se mo\u017ee potpuno isklju\u010diti (prekida\u010d u ku\u0107i\u0161tu).<\/p>\n<p>Veli\u010dina indikatora: 10 x 2 x 3 cm<\/p>\n<p>Du\u017eina kabla: ~5 m<\/p>\n<p><strong>Set uklju\u010duje:<\/strong><\/p>\n<p>&#8211; 4 srebrna senzora \u00f8 22 mm<br \/>\n&#8211; LED indikator &#8211; Zujalica unutra<br \/>\n&#8211; glavnu jedinicu<br \/>\n&#8211; kru\u017enu pilu za bu\u0161enje rupa u braniku<br \/>\n&#8211; uputstvo za upotrebu<\/p>\n<p><strong>Potpuna specifikacija:<\/strong><\/p>\n<p>&#8211; Domet\/radna osjetljivost 0-2,5 m<\/p>\n<p>&#8211; Napajanje 12V<\/p>\n<p>&#8211; Radna frekvencija 40KHz<\/p>\n<p>&#8211; Radna temperatura -30 \u00b0C &#8211; +70 \u00b0C<\/p>\n","protected":false},"featured_media":793051472,"comment_status":"open","ping_status":"closed","template":"","meta":{"_acf_changed":false,"inline_featured_image":false},"product_brand":[],"product_cat":[137],"product_tag":[],"class_list":{"0":"post-793051470","1":"product","2":"type-product","3":"status-publish","4":"has-post-thumbnail","6":"product_cat-parking-senzori","8":"first","9":"instock","10":"taxable","11":"shipping-taxable","12":"purchasable","13":"product-type-simple"},"acf":[],"custom_product_id":"14860","_links":{"self":[{"href":"https:\/\/autostil.ba\/maloprodaja\/wp-json\/wp\/v2\/product\/793051470","targetHints":{"allow":["GET"]}}],"collection":[{"href":"https:\/\/autostil.ba\/maloprodaja\/wp-json\/wp\/v2\/product"}],"about":[{"href":"https:\/\/autostil.ba\/maloprodaja\/wp-json\/wp\/v2\/types\/product"}],"replies":[{"embeddable":true,"href":"https:\/\/autostil.ba\/maloprodaja\/wp-json\/wp\/v2\/comments?post=793051470"}],"version-history":[{"count":3,"href":"https:\/\/autostil.ba\/maloprodaja\/wp-json\/wp\/v2\/product\/793051470\/revisions"}],"predecessor-version":[{"id":793051577,"href":"https:\/\/autostil.ba\/maloprodaja\/wp-json\/wp\/v2\/product\/793051470\/revisions\/793051577"}],"wp:featuredmedia":[{"embeddable":true,"href":"https:\/\/autostil.ba\/maloprodaja\/wp-json\/wp\/v2\/media\/793051472"}],"wp:attachment":[{"href":"https:\/\/autostil.ba\/maloprodaja\/wp-json\/wp\/v2\/media?parent=793051470"}],"wp:term":[{"taxonomy":"product_brand","embeddable":true,"href":"https:\/\/autostil.ba\/maloprodaja\/wp-json\/wp\/v2\/product_brand?post=793051470"},{"taxonomy":"product_cat","embeddable":true,"href":"https:\/\/autostil.ba\/maloprodaja\/wp-json\/wp\/v2\/product_cat?post=793051470"},{"taxonomy":"product_tag","embeddable":true,"href":"https:\/\/autostil.ba\/maloprodaja\/wp-json\/wp\/v2\/product_tag?post=793051470"}],"curies":[{"name":"wp","href":"https:\/\/api.w.org\/{rel}","templated":true}]}}