{"id":793051419,"date":"2025-05-22T11:31:24","date_gmt":"2025-05-22T09:31:24","guid":{"rendered":"https:\/\/autostil.ba\/maloprodaja\/?post_type=product&#038;p=793051419"},"modified":"2026-04-08T12:43:39","modified_gmt":"2026-04-08T10:43:39","slug":"miris-za-auto-wunder-baum-clip-black-ice","status":"publish","type":"product","link":"https:\/\/autostil.ba\/maloprodaja\/proizvod\/14852\/miris-za-auto-wunder-baum-clip-black-ice\/","title":{"rendered":"MIRIS ZA AUTO WUNDER BAUM CLIP BLACK ICE"},"content":{"rendered":"","protected":false},"excerpt":{"rendered":"<p>Misteriozno zavodljiv mu\u0161ki miris citrusa i drveta.<\/p>\n<p>&nbsp;<\/p>\n<p>Miris za automobil u modernom dizajnu. \u0160irok raspon mogu\u0107nosti postavljanja u unutra\u0161njosti automobila, na primjer: retrovizor, ru\u010dica mjenja\u010da, naslon za glavu, ru\u010dna ko\u010dnica i drugo. Ugodan dugotrajan miris.<\/p>\n","protected":false},"featured_media":793051421,"comment_status":"open","ping_status":"closed","template":"","meta":{"_acf_changed":false,"inline_featured_image":false},"product_brand":[],"product_cat":[78],"product_tag":[],"class_list":{"0":"post-793051419","1":"product","2":"type-product","3":"status-publish","4":"has-post-thumbnail","6":"product_cat-mirisi-za-auto","8":"first","9":"instock","10":"taxable","11":"shipping-taxable","12":"purchasable","13":"product-type-simple"},"acf":[],"custom_product_id":"14852","_links":{"self":[{"href":"https:\/\/autostil.ba\/maloprodaja\/wp-json\/wp\/v2\/product\/793051419","targetHints":{"allow":["GET"]}}],"collection":[{"href":"https:\/\/autostil.ba\/maloprodaja\/wp-json\/wp\/v2\/product"}],"about":[{"href":"https:\/\/autostil.ba\/maloprodaja\/wp-json\/wp\/v2\/types\/product"}],"replies":[{"embeddable":true,"href":"https:\/\/autostil.ba\/maloprodaja\/wp-json\/wp\/v2\/comments?post=793051419"}],"version-history":[{"count":1,"href":"https:\/\/autostil.ba\/maloprodaja\/wp-json\/wp\/v2\/product\/793051419\/revisions"}],"predecessor-version":[{"id":793051420,"href":"https:\/\/autostil.ba\/maloprodaja\/wp-json\/wp\/v2\/product\/793051419\/revisions\/793051420"}],"wp:featuredmedia":[{"embeddable":true,"href":"https:\/\/autostil.ba\/maloprodaja\/wp-json\/wp\/v2\/media\/793051421"}],"wp:attachment":[{"href":"https:\/\/autostil.ba\/maloprodaja\/wp-json\/wp\/v2\/media?parent=793051419"}],"wp:term":[{"taxonomy":"product_brand","embeddable":true,"href":"https:\/\/autostil.ba\/maloprodaja\/wp-json\/wp\/v2\/product_brand?post=793051419"},{"taxonomy":"product_cat","embeddable":true,"href":"https:\/\/autostil.ba\/maloprodaja\/wp-json\/wp\/v2\/product_cat?post=793051419"},{"taxonomy":"product_tag","embeddable":true,"href":"https:\/\/autostil.ba\/maloprodaja\/wp-json\/wp\/v2\/product_tag?post=793051419"}],"curies":[{"name":"wp","href":"https:\/\/api.w.org\/{rel}","templated":true}]}}