{"id":793051404,"date":"2025-05-22T14:03:19","date_gmt":"2025-05-22T12:03:19","guid":{"rendered":"https:\/\/autostil.ba\/maloprodaja\/?post_type=product&#038;p=793051404"},"modified":"2026-04-08T12:43:45","modified_gmt":"2026-04-08T10:43:45","slug":"miris-za-auto-wunder-baum-clip-bubble-gum","status":"publish","type":"product","link":"https:\/\/autostil.ba\/maloprodaja\/proizvod\/14857\/miris-za-auto-wunder-baum-clip-bubble-gum\/","title":{"rendered":"MIRIS ZA AUTO WUNDER BAUM CLIP BUBBLE GUM"},"content":{"rendered":"","protected":false},"excerpt":{"rendered":"<p>Mje\u0161avina slatkog, so\u010dnog i zabavnog koja o\u017eivljava ovaj omiljeni specijalitet iz djetinjstva.<\/p>\n<p>&nbsp;<\/p>\n<p>Miris za automobil u modernom dizajnu. \u0160irok raspon mogu\u0107nosti postavljanja u unutra\u0161njosti automobila, na primjer: retrovizor, ru\u010dica mjenja\u010da, naslon za glavu, ru\u010dna ko\u010dnica i drugo. Ugodan dugotrajan miris.<\/p>\n","protected":false},"featured_media":793051406,"comment_status":"open","ping_status":"closed","template":"","meta":{"_acf_changed":false,"inline_featured_image":false},"product_brand":[],"product_cat":[78],"product_tag":[],"class_list":{"0":"post-793051404","1":"product","2":"type-product","3":"status-publish","4":"has-post-thumbnail","6":"product_cat-mirisi-za-auto","8":"first","9":"instock","10":"taxable","11":"shipping-taxable","12":"purchasable","13":"product-type-simple"},"acf":[],"custom_product_id":"14857","_links":{"self":[{"href":"https:\/\/autostil.ba\/maloprodaja\/wp-json\/wp\/v2\/product\/793051404","targetHints":{"allow":["GET"]}}],"collection":[{"href":"https:\/\/autostil.ba\/maloprodaja\/wp-json\/wp\/v2\/product"}],"about":[{"href":"https:\/\/autostil.ba\/maloprodaja\/wp-json\/wp\/v2\/types\/product"}],"replies":[{"embeddable":true,"href":"https:\/\/autostil.ba\/maloprodaja\/wp-json\/wp\/v2\/comments?post=793051404"}],"version-history":[{"count":2,"href":"https:\/\/autostil.ba\/maloprodaja\/wp-json\/wp\/v2\/product\/793051404\/revisions"}],"predecessor-version":[{"id":793051426,"href":"https:\/\/autostil.ba\/maloprodaja\/wp-json\/wp\/v2\/product\/793051404\/revisions\/793051426"}],"wp:featuredmedia":[{"embeddable":true,"href":"https:\/\/autostil.ba\/maloprodaja\/wp-json\/wp\/v2\/media\/793051406"}],"wp:attachment":[{"href":"https:\/\/autostil.ba\/maloprodaja\/wp-json\/wp\/v2\/media?parent=793051404"}],"wp:term":[{"taxonomy":"product_brand","embeddable":true,"href":"https:\/\/autostil.ba\/maloprodaja\/wp-json\/wp\/v2\/product_brand?post=793051404"},{"taxonomy":"product_cat","embeddable":true,"href":"https:\/\/autostil.ba\/maloprodaja\/wp-json\/wp\/v2\/product_cat?post=793051404"},{"taxonomy":"product_tag","embeddable":true,"href":"https:\/\/autostil.ba\/maloprodaja\/wp-json\/wp\/v2\/product_tag?post=793051404"}],"curies":[{"name":"wp","href":"https:\/\/api.w.org\/{rel}","templated":true}]}}