{"id":793050875,"date":"2025-04-30T08:31:41","date_gmt":"2025-04-30T06:31:41","guid":{"rendered":"https:\/\/autostil.ba\/maloprodaja\/?post_type=product&#038;p=793050875"},"modified":"2026-04-29T15:58:40","modified_gmt":"2026-04-29T13:58:40","slug":"sprej-za-farbanje-akrilni-crni-mat-400ml","status":"publish","type":"product","link":"https:\/\/autostil.ba\/maloprodaja\/proizvod\/14727\/sprej-za-farbanje-akrilni-crni-mat-400ml\/","title":{"rendered":"SPREJ ZA FARBANJE AKRILNI CRNI MAT 400ml"},"content":{"rendered":"","protected":false},"excerpt":{"rendered":"<p>Brzosu\u0161e\u0107i akrilni lak s vrlo dobrim pokrivnim svojstvima, namijenjen za farbanje razli\u010ditih povr\u0161ina, uklju\u010duju\u0107i drvo, metal, aluminij itd. Mo\u017ee se koristiti i za obnavljanje starih premaza ili, na primjer, laminata.<\/p>\n","protected":false},"featured_media":793050877,"comment_status":"open","ping_status":"closed","template":"","meta":{"_acf_changed":false,"inline_featured_image":false},"product_brand":[],"product_cat":[68],"product_tag":[],"class_list":{"0":"post-793050875","1":"product","2":"type-product","3":"status-publish","4":"has-post-thumbnail","6":"product_cat-sprejevi-za-farbanje","8":"first","9":"instock","10":"taxable","11":"shipping-taxable","12":"purchasable","13":"product-type-simple"},"acf":[],"custom_product_id":"14727","_links":{"self":[{"href":"https:\/\/autostil.ba\/maloprodaja\/wp-json\/wp\/v2\/product\/793050875","targetHints":{"allow":["GET"]}}],"collection":[{"href":"https:\/\/autostil.ba\/maloprodaja\/wp-json\/wp\/v2\/product"}],"about":[{"href":"https:\/\/autostil.ba\/maloprodaja\/wp-json\/wp\/v2\/types\/product"}],"replies":[{"embeddable":true,"href":"https:\/\/autostil.ba\/maloprodaja\/wp-json\/wp\/v2\/comments?post=793050875"}],"version-history":[{"count":1,"href":"https:\/\/autostil.ba\/maloprodaja\/wp-json\/wp\/v2\/product\/793050875\/revisions"}],"predecessor-version":[{"id":793050876,"href":"https:\/\/autostil.ba\/maloprodaja\/wp-json\/wp\/v2\/product\/793050875\/revisions\/793050876"}],"wp:featuredmedia":[{"embeddable":true,"href":"https:\/\/autostil.ba\/maloprodaja\/wp-json\/wp\/v2\/media\/793050877"}],"wp:attachment":[{"href":"https:\/\/autostil.ba\/maloprodaja\/wp-json\/wp\/v2\/media?parent=793050875"}],"wp:term":[{"taxonomy":"product_brand","embeddable":true,"href":"https:\/\/autostil.ba\/maloprodaja\/wp-json\/wp\/v2\/product_brand?post=793050875"},{"taxonomy":"product_cat","embeddable":true,"href":"https:\/\/autostil.ba\/maloprodaja\/wp-json\/wp\/v2\/product_cat?post=793050875"},{"taxonomy":"product_tag","embeddable":true,"href":"https:\/\/autostil.ba\/maloprodaja\/wp-json\/wp\/v2\/product_tag?post=793050875"}],"curies":[{"name":"wp","href":"https:\/\/api.w.org\/{rel}","templated":true}]}}