{"id":793050859,"date":"2025-07-22T10:06:19","date_gmt":"2025-07-22T08:06:19","guid":{"rendered":"https:\/\/autostil.ba\/maloprodaja\/?post_type=product&#038;p=793050859"},"modified":"2026-04-28T21:58:27","modified_gmt":"2026-04-28T19:58:27","slug":"tecnost-za-ciscenje-feluga-750ml-neon-alkalni","status":"publish","type":"product","link":"https:\/\/autostil.ba\/maloprodaja\/proizvod\/14719\/tecnost-za-ciscenje-feluga-750ml-neon-alkalni\/","title":{"rendered":"TE\u010cNOST ZA \u010cI\u0160\u0106ENJE FELUGA 750ml NEON ALKALNI"},"content":{"rendered":"","protected":false},"excerpt":{"rendered":"<p>X-Neon Pro je formula bez kiselina za brzo i efikasno \u010di\u0161\u0107enje felgi i guma. Uklanja tvrdokornu prljav\u0161tinu, pra\u0161inu od ko\u010dnica i druge ne\u010disto\u0107e, ostavljaju\u0107i felge sjajnim. Posebna formula prodire u pukotine guma, uklanjaju\u0107i \u010dak i tvrdokornu prljav\u0161tinu. Odma\u0161\u0107uje povr\u0161inu gume, pripremaju\u0107i je za nano\u0161enje premaza ili premaza. Sigurno za \u010deli\u010dne i aluminijske felge, sadr\u017ei inhibitore korozije. Idealno za brzo pranje felgi bez rizika od ogrebotina, mo\u017ee se nanositi ma\u0161inom za pjenu.<\/p>\n","protected":false},"featured_media":793050861,"comment_status":"open","ping_status":"closed","template":"","meta":{"_acf_changed":false,"inline_featured_image":false},"product_brand":[],"product_cat":[164],"product_tag":[],"class_list":{"0":"post-793050859","1":"product","2":"type-product","3":"status-publish","4":"has-post-thumbnail","6":"product_cat-car-detailing","8":"first","9":"instock","10":"taxable","11":"shipping-taxable","12":"purchasable","13":"product-type-simple"},"acf":[],"custom_product_id":"14719","_links":{"self":[{"href":"https:\/\/autostil.ba\/maloprodaja\/wp-json\/wp\/v2\/product\/793050859","targetHints":{"allow":["GET"]}}],"collection":[{"href":"https:\/\/autostil.ba\/maloprodaja\/wp-json\/wp\/v2\/product"}],"about":[{"href":"https:\/\/autostil.ba\/maloprodaja\/wp-json\/wp\/v2\/types\/product"}],"replies":[{"embeddable":true,"href":"https:\/\/autostil.ba\/maloprodaja\/wp-json\/wp\/v2\/comments?post=793050859"}],"version-history":[{"count":1,"href":"https:\/\/autostil.ba\/maloprodaja\/wp-json\/wp\/v2\/product\/793050859\/revisions"}],"predecessor-version":[{"id":793050860,"href":"https:\/\/autostil.ba\/maloprodaja\/wp-json\/wp\/v2\/product\/793050859\/revisions\/793050860"}],"wp:featuredmedia":[{"embeddable":true,"href":"https:\/\/autostil.ba\/maloprodaja\/wp-json\/wp\/v2\/media\/793050861"}],"wp:attachment":[{"href":"https:\/\/autostil.ba\/maloprodaja\/wp-json\/wp\/v2\/media?parent=793050859"}],"wp:term":[{"taxonomy":"product_brand","embeddable":true,"href":"https:\/\/autostil.ba\/maloprodaja\/wp-json\/wp\/v2\/product_brand?post=793050859"},{"taxonomy":"product_cat","embeddable":true,"href":"https:\/\/autostil.ba\/maloprodaja\/wp-json\/wp\/v2\/product_cat?post=793050859"},{"taxonomy":"product_tag","embeddable":true,"href":"https:\/\/autostil.ba\/maloprodaja\/wp-json\/wp\/v2\/product_tag?post=793050859"}],"curies":[{"name":"wp","href":"https:\/\/api.w.org\/{rel}","templated":true}]}}