{"id":793050856,"date":"2025-04-29T15:37:22","date_gmt":"2025-04-29T13:37:22","guid":{"rendered":"https:\/\/autostil.ba\/maloprodaja\/?post_type=product&#038;p=793050856"},"modified":"2026-04-08T12:42:20","modified_gmt":"2026-04-08T10:42:20","slug":"tecnost-za-ciscenje-lcd-displeja-200ml","status":"publish","type":"product","link":"https:\/\/autostil.ba\/maloprodaja\/proizvod\/14720\/tecnost-za-ciscenje-lcd-displeja-200ml\/","title":{"rendered":"TE\u010cNOST ZA \u010cI\u0160\u0106ENJE LCD DISPLEJA 200ml"},"content":{"rendered":"","protected":false},"excerpt":{"rendered":"<p>Proizvod za \u010di\u0161\u0107enje elektronskih displeja, ekrana osjetljivih na dodir, ekrana s teku\u0107im kristalima, plazma ekrana. \u010cisti ku\u0107i\u0161ta elektronske opreme, staklene povr\u0161ine, tastature mobilnih telefona, daljinske upravlja\u010de. U\u010dinkovito uklanja tragove ruku, masne mrlje, prljav\u0161tinu i pra\u0161inu.<\/p>\n","protected":false},"featured_media":793050858,"comment_status":"open","ping_status":"closed","template":"","meta":{"_acf_changed":false,"inline_featured_image":false},"product_brand":[],"product_cat":[164],"product_tag":[],"class_list":{"0":"post-793050856","1":"product","2":"type-product","3":"status-publish","4":"has-post-thumbnail","6":"product_cat-car-detailing","8":"first","9":"instock","10":"taxable","11":"shipping-taxable","12":"purchasable","13":"product-type-simple"},"acf":[],"custom_product_id":"14720","_links":{"self":[{"href":"https:\/\/autostil.ba\/maloprodaja\/wp-json\/wp\/v2\/product\/793050856","targetHints":{"allow":["GET"]}}],"collection":[{"href":"https:\/\/autostil.ba\/maloprodaja\/wp-json\/wp\/v2\/product"}],"about":[{"href":"https:\/\/autostil.ba\/maloprodaja\/wp-json\/wp\/v2\/types\/product"}],"replies":[{"embeddable":true,"href":"https:\/\/autostil.ba\/maloprodaja\/wp-json\/wp\/v2\/comments?post=793050856"}],"version-history":[{"count":1,"href":"https:\/\/autostil.ba\/maloprodaja\/wp-json\/wp\/v2\/product\/793050856\/revisions"}],"predecessor-version":[{"id":793050857,"href":"https:\/\/autostil.ba\/maloprodaja\/wp-json\/wp\/v2\/product\/793050856\/revisions\/793050857"}],"wp:featuredmedia":[{"embeddable":true,"href":"https:\/\/autostil.ba\/maloprodaja\/wp-json\/wp\/v2\/media\/793050858"}],"wp:attachment":[{"href":"https:\/\/autostil.ba\/maloprodaja\/wp-json\/wp\/v2\/media?parent=793050856"}],"wp:term":[{"taxonomy":"product_brand","embeddable":true,"href":"https:\/\/autostil.ba\/maloprodaja\/wp-json\/wp\/v2\/product_brand?post=793050856"},{"taxonomy":"product_cat","embeddable":true,"href":"https:\/\/autostil.ba\/maloprodaja\/wp-json\/wp\/v2\/product_cat?post=793050856"},{"taxonomy":"product_tag","embeddable":true,"href":"https:\/\/autostil.ba\/maloprodaja\/wp-json\/wp\/v2\/product_tag?post=793050856"}],"curies":[{"name":"wp","href":"https:\/\/api.w.org\/{rel}","templated":true}]}}