{"id":793050847,"date":"2025-04-29T15:48:49","date_gmt":"2025-04-29T13:48:49","guid":{"rendered":"https:\/\/autostil.ba\/maloprodaja\/?post_type=product&#038;p=793050847"},"modified":"2026-04-08T12:42:26","modified_gmt":"2026-04-08T10:42:26","slug":"grafitna-mast-500g","status":"publish","type":"product","link":"https:\/\/autostil.ba\/maloprodaja\/proizvod\/14723\/grafitna-mast-500g\/","title":{"rendered":"GRAFITNA MAST 500g"},"content":{"rendered":"","protected":false},"excerpt":{"rendered":"<p>Masti posebno preporu\u010dljive za podmazivanje i za\u0161titu elemenata izlo\u017eenih velikim optere\u0107enjima i vremenskim uslovima, kao \u0161to su: opruge vozila, sjedi\u0161ta kamiona, otvoreni zup\u010danici i drugi jako optere\u0107eni elementi. Visoka otpornost na vodu, dobra za\u0161tita od korozije. Odli\u010dno prianjanje na podlogu elemenata koji rade u temperaturnom rasponu od -20\u00b0C do +60\u00b0C. Nije pogodno za podmazivanje kotrljaju\u0107ih i kliznih le\u017eajeva.<\/p>\n","protected":false},"featured_media":793050849,"comment_status":"open","ping_status":"closed","template":"","meta":{"_acf_changed":false,"inline_featured_image":false},"product_brand":[],"product_cat":[70],"product_tag":[],"class_list":{"0":"post-793050847","1":"product","2":"type-product","3":"status-publish","4":"has-post-thumbnail","6":"product_cat-hemijska-sredstva-za-auto-servise","8":"first","9":"instock","10":"taxable","11":"shipping-taxable","12":"purchasable","13":"product-type-simple"},"acf":[],"custom_product_id":"14723","_links":{"self":[{"href":"https:\/\/autostil.ba\/maloprodaja\/wp-json\/wp\/v2\/product\/793050847","targetHints":{"allow":["GET"]}}],"collection":[{"href":"https:\/\/autostil.ba\/maloprodaja\/wp-json\/wp\/v2\/product"}],"about":[{"href":"https:\/\/autostil.ba\/maloprodaja\/wp-json\/wp\/v2\/types\/product"}],"replies":[{"embeddable":true,"href":"https:\/\/autostil.ba\/maloprodaja\/wp-json\/wp\/v2\/comments?post=793050847"}],"version-history":[{"count":1,"href":"https:\/\/autostil.ba\/maloprodaja\/wp-json\/wp\/v2\/product\/793050847\/revisions"}],"predecessor-version":[{"id":793050848,"href":"https:\/\/autostil.ba\/maloprodaja\/wp-json\/wp\/v2\/product\/793050847\/revisions\/793050848"}],"wp:featuredmedia":[{"embeddable":true,"href":"https:\/\/autostil.ba\/maloprodaja\/wp-json\/wp\/v2\/media\/793050849"}],"wp:attachment":[{"href":"https:\/\/autostil.ba\/maloprodaja\/wp-json\/wp\/v2\/media?parent=793050847"}],"wp:term":[{"taxonomy":"product_brand","embeddable":true,"href":"https:\/\/autostil.ba\/maloprodaja\/wp-json\/wp\/v2\/product_brand?post=793050847"},{"taxonomy":"product_cat","embeddable":true,"href":"https:\/\/autostil.ba\/maloprodaja\/wp-json\/wp\/v2\/product_cat?post=793050847"},{"taxonomy":"product_tag","embeddable":true,"href":"https:\/\/autostil.ba\/maloprodaja\/wp-json\/wp\/v2\/product_tag?post=793050847"}],"curies":[{"name":"wp","href":"https:\/\/api.w.org\/{rel}","templated":true}]}}