{"id":793050835,"date":"2025-04-29T09:19:47","date_gmt":"2025-04-29T07:19:47","guid":{"rendered":"https:\/\/autostil.ba\/maloprodaja\/?post_type=product&#038;p=793050835"},"modified":"2026-04-23T10:00:01","modified_gmt":"2026-04-23T08:00:01","slug":"krovni-nosac-g3-opel-movano-l1-h1-2010-2020-1-sipka-aluminijumska","status":"publish","type":"product","link":"https:\/\/autostil.ba\/maloprodaja\/proizvod\/14710\/krovni-nosac-g3-opel-movano-l1-h1-2010-2020-1-sipka-aluminijumska\/","title":{"rendered":"KROVNI NOSA\u010c G3 OPEL MOVANO L1\/H1 2010-2020 (1 \u0160IPKA ALUMINIJUMSKA)"},"content":{"rendered":"","protected":false},"excerpt":{"rendered":"<p>Krovni nosa\u010d za komercijalna vozila; Visina \u0161ipke se pode\u0161ava. Du\u017eina: 1600 mm, Materijal: aluminijum, Max. optere\u0107enje: 100kg, Sa bravicom.<\/p>\n<p>NAPOMENA: NAGLA\u0160ENA CIJENA JE ZA 1 \u0160IPKU !!<\/p>\n","protected":false},"featured_media":793050793,"comment_status":"open","ping_status":"closed","template":"","meta":{"_acf_changed":false,"inline_featured_image":false},"product_brand":[],"product_cat":[134],"product_tag":[],"class_list":{"0":"post-793050835","1":"product","2":"type-product","3":"status-publish","4":"has-post-thumbnail","6":"product_cat-krovni-nosaci-tipski","8":"first","9":"instock","10":"taxable","11":"shipping-taxable","12":"purchasable","13":"product-type-simple"},"acf":[],"custom_product_id":"14710","_links":{"self":[{"href":"https:\/\/autostil.ba\/maloprodaja\/wp-json\/wp\/v2\/product\/793050835","targetHints":{"allow":["GET"]}}],"collection":[{"href":"https:\/\/autostil.ba\/maloprodaja\/wp-json\/wp\/v2\/product"}],"about":[{"href":"https:\/\/autostil.ba\/maloprodaja\/wp-json\/wp\/v2\/types\/product"}],"replies":[{"embeddable":true,"href":"https:\/\/autostil.ba\/maloprodaja\/wp-json\/wp\/v2\/comments?post=793050835"}],"version-history":[{"count":1,"href":"https:\/\/autostil.ba\/maloprodaja\/wp-json\/wp\/v2\/product\/793050835\/revisions"}],"predecessor-version":[{"id":793050836,"href":"https:\/\/autostil.ba\/maloprodaja\/wp-json\/wp\/v2\/product\/793050835\/revisions\/793050836"}],"wp:featuredmedia":[{"embeddable":true,"href":"https:\/\/autostil.ba\/maloprodaja\/wp-json\/wp\/v2\/media\/793050793"}],"wp:attachment":[{"href":"https:\/\/autostil.ba\/maloprodaja\/wp-json\/wp\/v2\/media?parent=793050835"}],"wp:term":[{"taxonomy":"product_brand","embeddable":true,"href":"https:\/\/autostil.ba\/maloprodaja\/wp-json\/wp\/v2\/product_brand?post=793050835"},{"taxonomy":"product_cat","embeddable":true,"href":"https:\/\/autostil.ba\/maloprodaja\/wp-json\/wp\/v2\/product_cat?post=793050835"},{"taxonomy":"product_tag","embeddable":true,"href":"https:\/\/autostil.ba\/maloprodaja\/wp-json\/wp\/v2\/product_tag?post=793050835"}],"curies":[{"name":"wp","href":"https:\/\/api.w.org\/{rel}","templated":true}]}}