{"id":793050748,"date":"2025-04-24T12:02:57","date_gmt":"2025-04-24T10:02:57","guid":{"rendered":"https:\/\/autostil.ba\/maloprodaja\/?post_type=product&#038;p=793050748"},"modified":"2026-05-04T09:59:37","modified_gmt":"2026-05-04T07:59:37","slug":"krovni-nosac-nordrive-peugeot-3008-2009-2016-metalne-sipke","status":"publish","type":"product","link":"https:\/\/autostil.ba\/maloprodaja\/proizvod\/14684\/krovni-nosac-nordrive-peugeot-3008-2009-2016-metalne-sipke\/","title":{"rendered":"KROVNI NOSA\u010c NORDRIVE PEUGEOT 3008 2009-2016 METALNE \u0160IPKE (BEZ PANORAME)"},"content":{"rendered":"","protected":false},"excerpt":{"rendered":"<p>\u010cvrsta \u010deli\u010dna \u0161ipka s neklizaju\u0107im PVC omota\u010dem otpornim na ogrebotine. Ispod \u0161ipke sa mjerenjem polo\u017eaja stopala za brzu instalaciju. Donje gusjenice za nevidljivu vezu sa stopalima. Gumeni profili za brtvljenje donjih gusjenica nakon ugradnje. Nikada nemojte prekora\u010diti maksimalno optere\u0107enje navedeno u uputama za monta\u017eu. Me\u0111utim, ovo ograni\u010denje podlije\u017ee maksimalnom optere\u0107enju prikazanom u priru\u010dniku za korisnika i odr\u017eavanje vozila. Uvijek slijedite upute za najmanje maksimalno optere\u0107enje. Maksimalno optere\u0107enje je: te\u017eina \u0161ipke + te\u017eina bilo kojeg primjenjivog pribora + te\u017eina tereta<\/p>\n<p>&nbsp;<\/p>\n<p><strong>NAPOMENA: NE ODGOVARA NA VOZILA SA PANORAMSKIM KROVOM !!<\/strong><\/p>\n","protected":false},"featured_media":793050750,"comment_status":"open","ping_status":"closed","template":"","meta":{"_acf_changed":false,"inline_featured_image":false},"product_brand":[],"product_cat":[134],"product_tag":[],"class_list":{"0":"post-793050748","1":"product","2":"type-product","3":"status-publish","4":"has-post-thumbnail","6":"product_cat-krovni-nosaci-tipski","8":"first","9":"instock","10":"taxable","11":"shipping-taxable","12":"purchasable","13":"product-type-simple"},"acf":[],"custom_product_id":"14684","_links":{"self":[{"href":"https:\/\/autostil.ba\/maloprodaja\/wp-json\/wp\/v2\/product\/793050748","targetHints":{"allow":["GET"]}}],"collection":[{"href":"https:\/\/autostil.ba\/maloprodaja\/wp-json\/wp\/v2\/product"}],"about":[{"href":"https:\/\/autostil.ba\/maloprodaja\/wp-json\/wp\/v2\/types\/product"}],"replies":[{"embeddable":true,"href":"https:\/\/autostil.ba\/maloprodaja\/wp-json\/wp\/v2\/comments?post=793050748"}],"version-history":[{"count":2,"href":"https:\/\/autostil.ba\/maloprodaja\/wp-json\/wp\/v2\/product\/793050748\/revisions"}],"predecessor-version":[{"id":793057798,"href":"https:\/\/autostil.ba\/maloprodaja\/wp-json\/wp\/v2\/product\/793050748\/revisions\/793057798"}],"wp:featuredmedia":[{"embeddable":true,"href":"https:\/\/autostil.ba\/maloprodaja\/wp-json\/wp\/v2\/media\/793050750"}],"wp:attachment":[{"href":"https:\/\/autostil.ba\/maloprodaja\/wp-json\/wp\/v2\/media?parent=793050748"}],"wp:term":[{"taxonomy":"product_brand","embeddable":true,"href":"https:\/\/autostil.ba\/maloprodaja\/wp-json\/wp\/v2\/product_brand?post=793050748"},{"taxonomy":"product_cat","embeddable":true,"href":"https:\/\/autostil.ba\/maloprodaja\/wp-json\/wp\/v2\/product_cat?post=793050748"},{"taxonomy":"product_tag","embeddable":true,"href":"https:\/\/autostil.ba\/maloprodaja\/wp-json\/wp\/v2\/product_tag?post=793050748"}],"curies":[{"name":"wp","href":"https:\/\/api.w.org\/{rel}","templated":true}]}}