{"id":793050742,"date":"2025-04-24T14:24:51","date_gmt":"2025-04-24T12:24:51","guid":{"rendered":"https:\/\/autostil.ba\/maloprodaja\/?post_type=product&#038;p=793050742"},"modified":"2026-04-08T12:42:02","modified_gmt":"2026-04-08T10:42:02","slug":"pad-ultra-heavy-cut-za-duboke-grebnice-150-130mm","status":"publish","type":"product","link":"https:\/\/autostil.ba\/maloprodaja\/proizvod\/14686\/pad-ultra-heavy-cut-za-duboke-grebnice-150-130mm\/","title":{"rendered":"PAD ULTRA HEAVY CUT ZA DUBOKE GREBNICE 150\/130mm"},"content":{"rendered":"","protected":false},"excerpt":{"rendered":"<p>Ultra Heavy Cut \u2013 jedan od najagresivnijih jastu\u010di\u0107a za poliranje u na\u0161oj liniji, napravljen od najtvr\u0111e pjene za izuzetnu snagu rezanja.<\/p>\n<p>Dizajniran za ekstremnu korekciju boje, efikasno uklanja duboke ogrebotine, te\u0161ku zamu\u0107enost i intenzivne holograme. Uve\u0107ane, otvorene pjenaste \u0107elije pobolj\u0161avaju rasipanje topline, minimiziraju\u0107i rizik od pregrijavanja povr\u0161ine i osiguravaju\u0107i stabilno, konzistentno se\u010denje tokom cijelog procesa poliranja.<\/p>\n<p>Trapezni profil jastu\u010di\u0107a, zajedno sa dodatnim oja\u010davaju\u0107im slojem ispod \u010di\u010dak trake, garantuje potpunu kontrolu nad rukovanjem ma\u0161inom, dok zako\u0161en rub olak\u0161ava pristup te\u0161ko dostupnim podru\u010djima. Centralno postavljena rupa dodatno pobolj\u0161ava ventilaciju pozadinske plo\u010de, spre\u010davaju\u0107i nakupljanje laka i kristalizaciju u sredini jastu\u010di\u0107a.<\/p>\n<p>Podloga je kompatibilna i sa DA i sa rotacionim ma\u0161inama. Zbog svoje agresivne prirode, najprikladniji je za proces korekcije boje u dva koraka\u2014nakon prve faze preporu\u010duje se upotreba meke pjene za poliranje sa zavr\u0161nom smjesom za postizanje maksimalnog sjaja.<\/p>\n","protected":false},"featured_media":793050744,"comment_status":"open","ping_status":"closed","template":"","meta":{"_acf_changed":false,"inline_featured_image":false},"product_brand":[],"product_cat":[164],"product_tag":[],"class_list":{"0":"post-793050742","1":"product","2":"type-product","3":"status-publish","4":"has-post-thumbnail","6":"product_cat-car-detailing","8":"first","9":"instock","10":"taxable","11":"shipping-taxable","12":"purchasable","13":"product-type-simple"},"acf":[],"custom_product_id":"14686","_links":{"self":[{"href":"https:\/\/autostil.ba\/maloprodaja\/wp-json\/wp\/v2\/product\/793050742","targetHints":{"allow":["GET"]}}],"collection":[{"href":"https:\/\/autostil.ba\/maloprodaja\/wp-json\/wp\/v2\/product"}],"about":[{"href":"https:\/\/autostil.ba\/maloprodaja\/wp-json\/wp\/v2\/types\/product"}],"replies":[{"embeddable":true,"href":"https:\/\/autostil.ba\/maloprodaja\/wp-json\/wp\/v2\/comments?post=793050742"}],"version-history":[{"count":1,"href":"https:\/\/autostil.ba\/maloprodaja\/wp-json\/wp\/v2\/product\/793050742\/revisions"}],"predecessor-version":[{"id":793050743,"href":"https:\/\/autostil.ba\/maloprodaja\/wp-json\/wp\/v2\/product\/793050742\/revisions\/793050743"}],"wp:featuredmedia":[{"embeddable":true,"href":"https:\/\/autostil.ba\/maloprodaja\/wp-json\/wp\/v2\/media\/793050744"}],"wp:attachment":[{"href":"https:\/\/autostil.ba\/maloprodaja\/wp-json\/wp\/v2\/media?parent=793050742"}],"wp:term":[{"taxonomy":"product_brand","embeddable":true,"href":"https:\/\/autostil.ba\/maloprodaja\/wp-json\/wp\/v2\/product_brand?post=793050742"},{"taxonomy":"product_cat","embeddable":true,"href":"https:\/\/autostil.ba\/maloprodaja\/wp-json\/wp\/v2\/product_cat?post=793050742"},{"taxonomy":"product_tag","embeddable":true,"href":"https:\/\/autostil.ba\/maloprodaja\/wp-json\/wp\/v2\/product_tag?post=793050742"}],"curies":[{"name":"wp","href":"https:\/\/api.w.org\/{rel}","templated":true}]}}