{"id":793050739,"date":"2025-04-24T14:50:40","date_gmt":"2025-04-24T12:50:40","guid":{"rendered":"https:\/\/autostil.ba\/maloprodaja\/?post_type=product&#038;p=793050739"},"modified":"2026-04-08T12:42:02","modified_gmt":"2026-04-08T10:42:02","slug":"pad-mikrofiber-135-130mm-univerzalni","status":"publish","type":"product","link":"https:\/\/autostil.ba\/maloprodaja\/proizvod\/14687\/pad-mikrofiber-135-130mm-univerzalni\/","title":{"rendered":"PAD MIKROFIBER 135\/130mm UNIVERZALNI"},"content":{"rendered":"","protected":false},"excerpt":{"rendered":"<p>Mikrofiber \u2013 jedan od najagresivnijih jastu\u010di\u0107a za poliranje u na\u0161oj liniji, napravljen od izdr\u017eljivog tkanja od mikrovlakana sa svojstvima rezanja i poliranja.<\/p>\n<p>Zahvaljuju\u0107i \u010dvrstom sloju pjene s otvorenim \u0107elijama, jastu\u010di\u0107 efikasno odvodi toplinu, sprje\u010davaju\u0107i prekomjerno pregrijavanje i odr\u017eavaju\u0107i optimalnu krutost tokom procesa poliranja. Kombinacija mikrovlakana i stabilne strukture pjene osigurava visoke performanse rezanja.<\/p>\n<p>Trapezni profil jastu\u010di\u0107a, zajedno sa oja\u010davaju\u0107im slojem ispod \u010di\u010dak trake, garantuje potpunu kontrolu nad rukovanjem ma\u0161inom, dok ivica pod uglom olak\u0161ava pristup te\u0161ko dostupnim mestima. Pa\u017eljivo odabrana struktura od mikrovlakana pobolj\u0161ava snagu rezanja dok istovremeno smanjuje holograme i tupost. Centralno postavljena rupa pobolj\u0161ava ventilaciju pozadinske plo\u010de, eliminiraju\u0107i rizik od nakupljanja i kristalizacije poliranja.<\/p>\n<p>Podloga je kompatibilna i sa DA i sa rotacionim ma\u0161inama. Zbog svoje agresivne prirode, najprikladniji je za proces korekcije boje u dva koraka\u2014nakon prve faze preporu\u010duje se upotreba meke pjene za poliranje sa zavr\u0161nom smjesom za postizanje maksimalnog sjaja.<\/p>\n","protected":false},"featured_media":793050741,"comment_status":"open","ping_status":"closed","template":"","meta":{"_acf_changed":false,"inline_featured_image":false},"product_brand":[],"product_cat":[164],"product_tag":[],"class_list":{"0":"post-793050739","1":"product","2":"type-product","3":"status-publish","4":"has-post-thumbnail","6":"product_cat-car-detailing","8":"first","9":"instock","10":"taxable","11":"shipping-taxable","12":"purchasable","13":"product-type-simple"},"acf":[],"custom_product_id":"14687","_links":{"self":[{"href":"https:\/\/autostil.ba\/maloprodaja\/wp-json\/wp\/v2\/product\/793050739","targetHints":{"allow":["GET"]}}],"collection":[{"href":"https:\/\/autostil.ba\/maloprodaja\/wp-json\/wp\/v2\/product"}],"about":[{"href":"https:\/\/autostil.ba\/maloprodaja\/wp-json\/wp\/v2\/types\/product"}],"replies":[{"embeddable":true,"href":"https:\/\/autostil.ba\/maloprodaja\/wp-json\/wp\/v2\/comments?post=793050739"}],"version-history":[{"count":1,"href":"https:\/\/autostil.ba\/maloprodaja\/wp-json\/wp\/v2\/product\/793050739\/revisions"}],"predecessor-version":[{"id":793050740,"href":"https:\/\/autostil.ba\/maloprodaja\/wp-json\/wp\/v2\/product\/793050739\/revisions\/793050740"}],"wp:featuredmedia":[{"embeddable":true,"href":"https:\/\/autostil.ba\/maloprodaja\/wp-json\/wp\/v2\/media\/793050741"}],"wp:attachment":[{"href":"https:\/\/autostil.ba\/maloprodaja\/wp-json\/wp\/v2\/media?parent=793050739"}],"wp:term":[{"taxonomy":"product_brand","embeddable":true,"href":"https:\/\/autostil.ba\/maloprodaja\/wp-json\/wp\/v2\/product_brand?post=793050739"},{"taxonomy":"product_cat","embeddable":true,"href":"https:\/\/autostil.ba\/maloprodaja\/wp-json\/wp\/v2\/product_cat?post=793050739"},{"taxonomy":"product_tag","embeddable":true,"href":"https:\/\/autostil.ba\/maloprodaja\/wp-json\/wp\/v2\/product_tag?post=793050739"}],"curies":[{"name":"wp","href":"https:\/\/api.w.org\/{rel}","templated":true}]}}