{"id":793050736,"date":"2025-12-17T10:09:56","date_gmt":"2025-12-17T08:09:56","guid":{"rendered":"https:\/\/autostil.ba\/maloprodaja\/?post_type=product&#038;p=793050736"},"modified":"2026-04-09T12:00:24","modified_gmt":"2026-04-09T10:00:24","slug":"pad-one-step-150-130mm","status":"publish","type":"product","link":"https:\/\/autostil.ba\/maloprodaja\/proizvod\/14688\/pad-one-step-150-130mm\/","title":{"rendered":"PAD ONE STEP 150\/130mm"},"content":{"rendered":"","protected":false},"excerpt":{"rendered":"<p>One Step \u2013 tampon srednje tvrdo\u0107e dizajniran za korekciju boje u jednom koraku.<\/p>\n<p>Dizajniran za upotrebu sa srednje rezanim ili zavr\u0161nim masama, omogu\u0107ava istovremeno uklanjanje nedostataka i pobolj\u0161anje visokog sjaja. Veoma je efikasan u brzoj korekciji, efikasno elimini\u0161u\u0107i srednje ogrebotine, tupost i holograme. Struktura pjene s otvorenim \u0107elijama optimizirana je da izbalansira snagu rezanja i zavr\u0161nu obradu, omogu\u0107avaju\u0107i odli\u010dne rezultate u jednom koraku.<\/p>\n<p>Trapezoidni profil jastu\u010di\u0107a, zajedno sa \u010dvrstim oja\u010davaju\u0107im slojem ispod \u010di\u010dak trake, osigurava maksimalnu stabilnost pri rukovanju, dok ivica pod uglom omogu\u0107ava jastu\u010di\u0107u za poliranje da dosegne te\u0161ka podru\u010dja. Centralno postavljena rupa pobolj\u0161ava ventilaciju pozadinske plo\u010de, smanjuju\u0107i rizik od pregrijavanja boje i sprje\u010davaju\u0107i nakupljanje i kristalizaciju \u010destica polira u sredi\u0161tu jastu\u010di\u0107a, \u0161to mo\u017ee biti rezultat orbitalnog kretanja.<\/p>\n<p>Podloga je kompatibilna i sa DA i sa rotacionim ma\u0161inama.<\/p>\n","protected":false},"featured_media":793050738,"comment_status":"open","ping_status":"closed","template":"","meta":{"_acf_changed":false,"inline_featured_image":false},"product_brand":[],"product_cat":[164],"product_tag":[],"class_list":{"0":"post-793050736","1":"product","2":"type-product","3":"status-publish","4":"has-post-thumbnail","6":"product_cat-car-detailing","8":"first","9":"instock","10":"taxable","11":"shipping-taxable","12":"purchasable","13":"product-type-simple"},"acf":[],"custom_product_id":"14688","_links":{"self":[{"href":"https:\/\/autostil.ba\/maloprodaja\/wp-json\/wp\/v2\/product\/793050736","targetHints":{"allow":["GET"]}}],"collection":[{"href":"https:\/\/autostil.ba\/maloprodaja\/wp-json\/wp\/v2\/product"}],"about":[{"href":"https:\/\/autostil.ba\/maloprodaja\/wp-json\/wp\/v2\/types\/product"}],"replies":[{"embeddable":true,"href":"https:\/\/autostil.ba\/maloprodaja\/wp-json\/wp\/v2\/comments?post=793050736"}],"version-history":[{"count":1,"href":"https:\/\/autostil.ba\/maloprodaja\/wp-json\/wp\/v2\/product\/793050736\/revisions"}],"predecessor-version":[{"id":793050737,"href":"https:\/\/autostil.ba\/maloprodaja\/wp-json\/wp\/v2\/product\/793050736\/revisions\/793050737"}],"wp:featuredmedia":[{"embeddable":true,"href":"https:\/\/autostil.ba\/maloprodaja\/wp-json\/wp\/v2\/media\/793050738"}],"wp:attachment":[{"href":"https:\/\/autostil.ba\/maloprodaja\/wp-json\/wp\/v2\/media?parent=793050736"}],"wp:term":[{"taxonomy":"product_brand","embeddable":true,"href":"https:\/\/autostil.ba\/maloprodaja\/wp-json\/wp\/v2\/product_brand?post=793050736"},{"taxonomy":"product_cat","embeddable":true,"href":"https:\/\/autostil.ba\/maloprodaja\/wp-json\/wp\/v2\/product_cat?post=793050736"},{"taxonomy":"product_tag","embeddable":true,"href":"https:\/\/autostil.ba\/maloprodaja\/wp-json\/wp\/v2\/product_tag?post=793050736"}],"curies":[{"name":"wp","href":"https:\/\/api.w.org\/{rel}","templated":true}]}}